{"id":747546,"date":"2025-08-28T03:09:05","date_gmt":"2025-08-28T00:09:05","guid":{"rendered":"https:\/\/roveyayinevi.com.tr\/index.php\/urun\/esir-yurek\/"},"modified":"2026-04-16T03:00:23","modified_gmt":"2026-04-16T00:00:23","slug":"esir-yurek","status":"publish","type":"product","link":"https:\/\/roveyayinevi.com.tr\/index.php\/urun\/esir-yurek\/","title":{"rendered":"Esir Y\u00fcrek"},"content":{"rendered":"<p>Ayn\u0131 kadere mahk\u00fbm olmalar\u0131 bir tesad\u00fcf m\u00fcyd\u00fc?K\u00f6le olarak b\u00fcy\u00fcm\u00fc\u015f s\u0131ra d\u0131\u015f\u0131 gen\u00e7 bir adam\u2026Fahid, korsan gemilerinde k\u00f6le olarak b\u00fcy\u00fcm\u00fc\u015ft\u00fcr. Ya\u015fad\u0131\u011f\u0131 hayat\u0131n zorluklar\u0131, gen\u00e7 adam\u0131 kat\u0131 ve duygusuz birine \u00e7evirirken ayn\u0131 zamanda hayatta kalmay\u0131 da \u00f6\u011fretmi\u015ftir. Y\u0131llar sonra k\u00f6le olarak sat\u0131ld\u0131\u011f\u0131 ailenin k\u00fc\u00e7\u00fck k\u0131z\u0131 Ayrin ile tan\u0131\u015ft\u0131\u011f\u0131nda unuttu\u011fu t\u00fcm duygular y\u00fcre\u011finin derinliklerinden y\u00fczeye \u00e7\u0131kar. K\u00fc\u00e7\u00fck k\u0131z\u0131n masum menek\u015fe rengi g\u00f6zleri, ona yeniden insanl\u0131\u011f\u0131n\u0131 hat\u0131rlatm\u0131\u015ft\u0131r. Ve bir g\u00fcn Ayrin ka\u00e7\u0131r\u0131l\u0131r. Onun pe\u015finden aray\u0131\u015fla ge\u00e7en y\u0131llarda, k\u0131z\u0131n ka\u00e7\u0131r\u0131lmas\u0131ndan do\u011fan vicdan azab\u0131n\u0131 omuzlar\u0131nda a\u011f\u0131r bir y\u00fck olarak ta\u015f\u0131yacakt\u0131r. Bu a\u011f\u0131rl\u0131k ancak Ayrin\u2019i buldu\u011funda kaybolacakt\u0131r.Aristokrat bir aileye mensupken ka\u00e7\u0131r\u0131larak Pa\u015fa\u2019n\u0131n kona\u011f\u0131na sat\u0131lan bir leydi\u2026K\u00fc\u00e7\u00fck ya\u015fta ailesinden kopar\u0131l\u0131p cariye olarak ya\u015famaya mahk\u00fbm edilen Ayrin, ge\u00e7en y\u0131llarda ne ailesinden ne de onu korumaya yemin etmi\u015f olan Alt\u0131n G\u00f6zl\u00fc Dev\u2019den tek bir haber alm\u0131\u015ft\u0131r. Kaderini kabullenerek, gelece\u011fe dair t\u00fcm \u00fcmitlerini yitirdi\u011fini d\u00fc\u015f\u00fcnd\u00fc\u011f\u00fc s\u0131rada umut bir \u0131\u015f\u0131k gibi yeniden do\u011far. Gen\u00e7 k\u0131z\u0131n y\u0131llar s\u00fcren esaretinden sonra Fahid, s\u00f6z verdi\u011fi gibi onu kurtarmaya gelmi\u015ftir.Ve M\u0131s\u0131r \u00e7\u00f6llerinde ba\u015flay\u0131p \u0130ngiltere\u2019ye uzanan e\u015fsiz bir a\u015fk hik\u00e2yesi\u2026<\/p>\n","protected":false},"excerpt":{"rendered":"<p>Ayn\u0131 kadere mahk\u00fbm olmalar\u0131 bir tesad\u00fcf m\u00fcyd\u00fc?K\u00f6le olarak b\u00fcy\u00fcm\u00fc\u015f s\u0131ra d\u0131\u015f\u0131 gen\u00e7 bir adam\u2026Fahid, korsan gemilerinde k\u00f6le olarak b\u00fcy\u00fcm\u00fc\u015ft\u00fcr. Ya\u015fad\u0131\u011f\u0131 hayat\u0131n zorluklar\u0131, gen\u00e7 adam\u0131 kat\u0131 ve<span class=\"excerpt-hellip\"> [\u2026]<\/span><\/p>\n","protected":false},"featured_media":0,"template":"","meta":{"_monsterinsights_skip_tracking":false,"_monsterinsights_sitenote_active":false,"_monsterinsights_sitenote_note":"","_monsterinsights_sitenote_category":0},"product_brand":[],"product_cat":[12291,12711],"product_tag":[],"class_list":{"0":"post-747546","1":"product","2":"type-product","3":"status-publish","5":"product_cat-edebiyat","6":"product_cat-roman-oyku","7":"pa_cilt-ciltsiz","8":"pa_tur-kitap","9":"pa_yayinevi-parola-yayinlari","10":"pa_yazar-jennifer-royce","12":"first","13":"instock","14":"sale","15":"shipping-taxable","16":"purchasable","17":"product-type-simple"},"_links":{"self":[{"href":"https:\/\/roveyayinevi.com.tr\/index.php\/wp-json\/wp\/v2\/product\/747546","targetHints":{"allow":["GET"]}}],"collection":[{"href":"https:\/\/roveyayinevi.com.tr\/index.php\/wp-json\/wp\/v2\/product"}],"about":[{"href":"https:\/\/roveyayinevi.com.tr\/index.php\/wp-json\/wp\/v2\/types\/product"}],"wp:attachment":[{"href":"https:\/\/roveyayinevi.com.tr\/index.php\/wp-json\/wp\/v2\/media?parent=747546"}],"wp:term":[{"taxonomy":"product_brand","embeddable":true,"href":"https:\/\/roveyayinevi.com.tr\/index.php\/wp-json\/wp\/v2\/product_brand?post=747546"},{"taxonomy":"product_cat","embeddable":true,"href":"https:\/\/roveyayinevi.com.tr\/index.php\/wp-json\/wp\/v2\/product_cat?post=747546"},{"taxonomy":"product_tag","embeddable":true,"href":"https:\/\/roveyayinevi.com.tr\/index.php\/wp-json\/wp\/v2\/product_tag?post=747546"}],"curies":[{"name":"wp","href":"https:\/\/api.w.org\/{rel}","templated":true}]}}