{"id":747545,"date":"2025-08-28T03:09:03","date_gmt":"2025-08-28T00:09:03","guid":{"rendered":"https:\/\/roveyayinevi.com.tr\/index.php\/urun\/dugun-partisi\/"},"modified":"2026-04-12T03:03:42","modified_gmt":"2026-04-12T00:03:42","slug":"dugun-partisi","status":"publish","type":"product","link":"https:\/\/roveyayinevi.com.tr\/index.php\/urun\/dugun-partisi\/","title":{"rendered":"D\u00fc\u011f\u00fcn Partisi"},"content":{"rendered":"<p>Maddie ve Theo&#8217;nun iki ortak noktas\u0131 var:1. Alexa onlar\u0131n en iyi arkada\u015f\u0131d\u0131r.2. Birbirlerinden nefret ediyorlar.\u201cOlamaz! Biz bu hatay\u0131 nas\u0131l yapt\u0131k?\u201d diye pi\u015fmanl\u0131k duysalar da her ikisi de birbirini d\u00fc\u015f\u00fcnmekten vazge\u00e7emeyecektir art\u0131k. Alexa\u2019n\u0131n d\u00fc\u011f\u00fcn\u00fc yakla\u015f\u0131rken ve onlar da o hata gecesine ra\u011fmen ara ara ve gizli gizli g\u00f6r\u00fc\u015fmeye devam ederken, ayn\u0131 zamanda daha s\u0131k kar\u015f\u0131la\u015fmalar\u0131na neden olan d\u00fc\u011f\u00fcn partisi i\u00e7in de sorumluluklar almaya ba\u015flarlar.Birbirlerine att\u0131klar\u0131 \u00f6fke oklar\u0131n\u0131n u\u00e7lar\u0131nda gittik\u00e7e b\u00fcy\u00fcyen bir cazibe ve \u015fehvet gizlidir. D\u00fc\u011f\u00fcn bitti\u011finde sonland\u0131racaklar\u0131n\u0131 d\u00fc\u015f\u00fcnd\u00fckleri bu sakl\u0131 ili\u015fki, zaten Alexa da habersiz oldu\u011fu i\u00e7in mant\u0131kl\u0131 gelmektedir. Ara ara ya\u015fanan sorunlar d\u00fc\u011f\u00fcne az kala pi\u015fmanl\u0131klara d\u00f6n\u00fc\u015f\u00fcr ve her ikisi de aras\u0131ndaki fiziksel ba\u011f\u0131n de\u011fi\u015fmeye ba\u015flad\u0131\u011f\u0131n\u0131 anlar.Bir d\u00fc\u015fmanla bile ili\u015fki kurarken belli kurallar vard\u0131r ama bir ili\u015fki a\u015fka evrilirken \u00f6nceden belirlenen kurallar\u0131n de\u011feri kalmaz. Bunlar\u0131 ya\u015famamak ad\u0131na her \u015feyden \u00f6nce \u00e2\u015f\u0131k olmamak gerekir.<\/p>\n","protected":false},"excerpt":{"rendered":"<p>Maddie ve Theo&#8217;nun iki ortak noktas\u0131 var:1. Alexa onlar\u0131n en iyi arkada\u015f\u0131d\u0131r.2. Birbirlerinden nefret ediyorlar.\u201cOlamaz! Biz bu hatay\u0131 nas\u0131l yapt\u0131k?\u201d diye pi\u015fmanl\u0131k duysalar da her ikisi<span class=\"excerpt-hellip\"> [\u2026]<\/span><\/p>\n","protected":false},"featured_media":0,"template":"","meta":{"_monsterinsights_skip_tracking":false,"_monsterinsights_sitenote_active":false,"_monsterinsights_sitenote_note":"","_monsterinsights_sitenote_category":0},"product_brand":[],"product_cat":[12291,12711],"product_tag":[],"class_list":{"0":"post-747545","1":"product","2":"type-product","3":"status-publish","5":"product_cat-edebiyat","6":"product_cat-roman-oyku","7":"pa_cilt-ciltsiz","8":"pa_tur-kitap","9":"pa_yayinevi-parola-yayinlari","10":"pa_yazar-jasmine-guillory","12":"first","13":"instock","14":"sale","15":"shipping-taxable","16":"purchasable","17":"product-type-simple"},"_links":{"self":[{"href":"https:\/\/roveyayinevi.com.tr\/index.php\/wp-json\/wp\/v2\/product\/747545","targetHints":{"allow":["GET"]}}],"collection":[{"href":"https:\/\/roveyayinevi.com.tr\/index.php\/wp-json\/wp\/v2\/product"}],"about":[{"href":"https:\/\/roveyayinevi.com.tr\/index.php\/wp-json\/wp\/v2\/types\/product"}],"wp:attachment":[{"href":"https:\/\/roveyayinevi.com.tr\/index.php\/wp-json\/wp\/v2\/media?parent=747545"}],"wp:term":[{"taxonomy":"product_brand","embeddable":true,"href":"https:\/\/roveyayinevi.com.tr\/index.php\/wp-json\/wp\/v2\/product_brand?post=747545"},{"taxonomy":"product_cat","embeddable":true,"href":"https:\/\/roveyayinevi.com.tr\/index.php\/wp-json\/wp\/v2\/product_cat?post=747545"},{"taxonomy":"product_tag","embeddable":true,"href":"https:\/\/roveyayinevi.com.tr\/index.php\/wp-json\/wp\/v2\/product_tag?post=747545"}],"curies":[{"name":"wp","href":"https:\/\/api.w.org\/{rel}","templated":true}]}}