{"id":747544,"date":"2025-08-28T03:09:01","date_gmt":"2025-08-28T00:09:01","guid":{"rendered":"https:\/\/roveyayinevi.com.tr\/index.php\/urun\/evlilik-teklifi\/"},"modified":"2026-04-16T03:00:23","modified_gmt":"2026-04-16T00:00:23","slug":"evlilik-teklifi","status":"publish","type":"product","link":"https:\/\/roveyayinevi.com.tr\/index.php\/urun\/evlilik-teklifi\/","title":{"rendered":"Evlilik Teklifi"},"content":{"rendered":"<p>Biri size hayat\u0131n\u0131z\u0131 onunla ge\u00e7irmenizi teklif etti\u011finde, bu sizin i\u00e7in s\u00fcrpriz olmamal\u0131 ya da 45,000 ki\u015finin \u00f6n\u00fcnde.Serbest yazar Nikole Paterson, akt\u00f6r erkek arkada\u015f\u0131, onun topuz yapt\u0131\u011f\u0131 sa\u00e7lar\u0131 ve arkada\u015flar\u0131yla Dodgers ma\u00e7\u0131na gitti\u011finde, bekledi\u011fi son \u015fey kendisine herkesin i\u00e7inde evlilik teklifi edilmesidir. Zor olan k\u0131s\u0131m sadece be\u015f ayd\u0131r birlikte oldu\u011fu ve ad\u0131n\u0131 bile do\u011fru yazamayan erkek arkada\u015f\u0131na hay\u0131r demek de\u011fildir. Zor olan, hayal k\u0131r\u0131kl\u0131\u011f\u0131na u\u011fram\u0131\u015f hayranlarla dolu bir stadyumla y\u00fczle\u015fmek zorunda kalmakt\u0131r&#8230;Carlos Ibarra k\u0131z karde\u015fiyle gitti\u011fi ma\u00e7ta Nik\u2019in imdad\u0131na yeti\u015fir ve onu kamera ekibinden kurtart\u0131r. Video internette yay\u0131ld\u0131\u011f\u0131nda ve Nik\u2019in sosyal medya hesab\u0131 k\u00f6t\u00fc bir \u015fekilde patlad\u0131\u011f\u0131nda bile onun yan\u0131ndad\u0131r.Nik, Los Angeles\u2019ta ya\u015fayan Carlos gibi yak\u0131\u015f\u0131kl\u0131 bir doktorun ciddi bir ili\u015fki aramayaca\u011f\u0131n\u0131 biliyordur, bu y\u00fczden onunla yemek, e\u011flence ve fantastik seksle dolu destans\u0131 bir ili\u015fkiye ba\u015flar. Ama ili\u015fkileri kurallar\u0131 \u00e7i\u011fnemeye ba\u015flad\u0131\u011f\u0131nda, ikisinden birinin fren yapacak kadar ak\u0131ll\u0131 olmas\u0131 gerekiyor.<\/p>\n","protected":false},"excerpt":{"rendered":"<p>Biri size hayat\u0131n\u0131z\u0131 onunla ge\u00e7irmenizi teklif etti\u011finde, bu sizin i\u00e7in s\u00fcrpriz olmamal\u0131 ya da 45,000 ki\u015finin \u00f6n\u00fcnde.Serbest yazar Nikole Paterson, akt\u00f6r erkek arkada\u015f\u0131, onun topuz yapt\u0131\u011f\u0131<span class=\"excerpt-hellip\"> [\u2026]<\/span><\/p>\n","protected":false},"featured_media":0,"template":"","meta":{"_monsterinsights_skip_tracking":false,"_monsterinsights_sitenote_active":false,"_monsterinsights_sitenote_note":"","_monsterinsights_sitenote_category":0},"product_brand":[],"product_cat":[12291,12711],"product_tag":[],"class_list":{"0":"post-747544","1":"product","2":"type-product","3":"status-publish","5":"product_cat-edebiyat","6":"product_cat-roman-oyku","7":"pa_cilt-ciltsiz","8":"pa_tur-kitap","9":"pa_yayinevi-parola-yayinlari","10":"pa_yazar-jasmine-guillory","12":"first","13":"instock","14":"sale","15":"shipping-taxable","16":"purchasable","17":"product-type-simple"},"_links":{"self":[{"href":"https:\/\/roveyayinevi.com.tr\/index.php\/wp-json\/wp\/v2\/product\/747544","targetHints":{"allow":["GET"]}}],"collection":[{"href":"https:\/\/roveyayinevi.com.tr\/index.php\/wp-json\/wp\/v2\/product"}],"about":[{"href":"https:\/\/roveyayinevi.com.tr\/index.php\/wp-json\/wp\/v2\/types\/product"}],"wp:attachment":[{"href":"https:\/\/roveyayinevi.com.tr\/index.php\/wp-json\/wp\/v2\/media?parent=747544"}],"wp:term":[{"taxonomy":"product_brand","embeddable":true,"href":"https:\/\/roveyayinevi.com.tr\/index.php\/wp-json\/wp\/v2\/product_brand?post=747544"},{"taxonomy":"product_cat","embeddable":true,"href":"https:\/\/roveyayinevi.com.tr\/index.php\/wp-json\/wp\/v2\/product_cat?post=747544"},{"taxonomy":"product_tag","embeddable":true,"href":"https:\/\/roveyayinevi.com.tr\/index.php\/wp-json\/wp\/v2\/product_tag?post=747544"}],"curies":[{"name":"wp","href":"https:\/\/api.w.org\/{rel}","templated":true}]}}