{"id":747542,"date":"2025-08-28T03:08:57","date_gmt":"2025-08-28T00:08:57","guid":{"rendered":"https:\/\/roveyayinevi.com.tr\/index.php\/urun\/dugun-gunu\/"},"modified":"2026-04-16T03:00:23","modified_gmt":"2026-04-16T00:00:23","slug":"dugun-gunu","status":"publish","type":"product","link":"https:\/\/roveyayinevi.com.tr\/index.php\/urun\/dugun-gunu\/","title":{"rendered":"D\u00fc\u011f\u00fcn G\u00fcn\u00fc"},"content":{"rendered":"<p>Seni, d\u00fc\u011f\u00fcn seremonisi boyunca sahte fl\u00f6rt\u00fcm yapaca\u011f\u0131ma ve \u00f6yleymi\u015f gibi davranaca\u011f\u0131ma yemin ederim; Pazar g\u00fcnleri bizi ay\u0131rana dek!Asans\u00f6rde s\u0131k\u0131\u015f\u0131p kald\u0131\u011f\u0131 bir adamla d\u00fc\u011f\u00fcne gitmeyi kabul etmek Alexa Monroe&#8217;nun normalde yapmayaca\u011f\u0131 bir \u015fey ancak Drew Nichols ile ilgili kar\u015f\u0131 koymas\u0131 \u00e7ok zor olan bir \u015fey var!Eski sevgilisinin d\u00fc\u011f\u00fcn arifesindeki Drew, g\u00f6n\u00fcl i\u015flerini b\u0131rakt\u0131\u011f\u0131n\u0131 san\u0131yordu. Ta ki bir elektrik kesintisi hayat\u0131n\u0131 de\u011fi\u015ftirip ona sahte bir k\u0131z arkada\u015f sunana kadar.Alexa ve Drew, d\u00fc\u015f\u00fcnd\u00fcklerinden \u00e7ok daha fazla e\u011flendikten sonra Drew, Los Angeles&#8217;a, pediatrik cerrah olarak i\u015fine geri d\u00f6nmek zorunda kal\u0131r ve Alexa, belediye ba\u015fkan\u0131n\u0131n personel \u015fefi oldu\u011fu Berkeley&#8217;e gider. \u0130kisinin de birbirini d\u00fc\u015f\u00fcnmeden edememesi ne k\u00f6t\u00fc!\u0130htiya\u00e7 duyduklar\u0131 ile ger\u00e7ekten istedikleri aras\u0131ndaki bo\u015flu\u011fu dolduran iki g\u00fc\u00e7l\u00fc profesyonel, y\u00fczy\u0131l\u0131n uzak mesafe ili\u015fkisine imza atmak \u00fczere&#8230;<\/p>\n","protected":false},"excerpt":{"rendered":"<p>Seni, d\u00fc\u011f\u00fcn seremonisi boyunca sahte fl\u00f6rt\u00fcm yapaca\u011f\u0131ma ve \u00f6yleymi\u015f gibi davranaca\u011f\u0131ma yemin ederim; Pazar g\u00fcnleri bizi ay\u0131rana dek!Asans\u00f6rde s\u0131k\u0131\u015f\u0131p kald\u0131\u011f\u0131 bir adamla d\u00fc\u011f\u00fcne gitmeyi kabul etmek<span class=\"excerpt-hellip\"> [\u2026]<\/span><\/p>\n","protected":false},"featured_media":0,"template":"","meta":{"_monsterinsights_skip_tracking":false,"_monsterinsights_sitenote_active":false,"_monsterinsights_sitenote_note":"","_monsterinsights_sitenote_category":0},"product_brand":[],"product_cat":[12291,14825],"product_tag":[],"class_list":{"0":"post-747542","1":"product","2":"type-product","3":"status-publish","5":"product_cat-edebiyat","6":"product_cat-mizah","7":"pa_cilt-ciltsiz","8":"pa_tur-kitap","9":"pa_yayinevi-parola-yayinlari","10":"pa_yazar-jasmine-guillory","12":"first","13":"instock","14":"sale","15":"shipping-taxable","16":"purchasable","17":"product-type-simple"},"_links":{"self":[{"href":"https:\/\/roveyayinevi.com.tr\/index.php\/wp-json\/wp\/v2\/product\/747542","targetHints":{"allow":["GET"]}}],"collection":[{"href":"https:\/\/roveyayinevi.com.tr\/index.php\/wp-json\/wp\/v2\/product"}],"about":[{"href":"https:\/\/roveyayinevi.com.tr\/index.php\/wp-json\/wp\/v2\/types\/product"}],"wp:attachment":[{"href":"https:\/\/roveyayinevi.com.tr\/index.php\/wp-json\/wp\/v2\/media?parent=747542"}],"wp:term":[{"taxonomy":"product_brand","embeddable":true,"href":"https:\/\/roveyayinevi.com.tr\/index.php\/wp-json\/wp\/v2\/product_brand?post=747542"},{"taxonomy":"product_cat","embeddable":true,"href":"https:\/\/roveyayinevi.com.tr\/index.php\/wp-json\/wp\/v2\/product_cat?post=747542"},{"taxonomy":"product_tag","embeddable":true,"href":"https:\/\/roveyayinevi.com.tr\/index.php\/wp-json\/wp\/v2\/product_tag?post=747542"}],"curies":[{"name":"wp","href":"https:\/\/api.w.org\/{rel}","templated":true}]}}