{"id":747540,"date":"2025-08-28T03:08:54","date_gmt":"2025-08-28T00:08:54","guid":{"rendered":"https:\/\/roveyayinevi.com.tr\/index.php\/urun\/selahaddin-eyyubi-ve-haclilar\/"},"modified":"2026-04-16T03:00:23","modified_gmt":"2026-04-16T00:00:23","slug":"selahaddin-eyyubi-ve-haclilar","status":"publish","type":"product","link":"https:\/\/roveyayinevi.com.tr\/index.php\/urun\/selahaddin-eyyubi-ve-haclilar\/","title":{"rendered":"Selahaddin Eyyubi ve Ha\u00e7l\u0131lar"},"content":{"rendered":"<p>Selahaddin Eyyubi ve Ha\u00e7l\u0131lar, Do\u011fu\u2019dan Bat\u0131\u2019ya yay\u0131lan bir g\u00fc\u00e7 m\u00fccadelesinin ve M\u00fcsl\u00fcman g\u00fcc\u00fcn\u00fcn b\u00fcy\u00fcmesinin ve y\u00fckseli\u015finin anlat\u0131ld\u0131\u011f\u0131 muhte\u015fem bir eserdir. Harold Lamb \u00e7e\u015fitli an\u0131lardan, kaynaklardan, tarih anlat\u0131c\u0131lar\u0131ndan ve d\u00f6nemin \u015fahitlerinden derledi\u011fi bilgileri ger\u00e7ek olaylar \u00fczerinden, kendi anlat\u0131m g\u00fcc\u00fcn\u00fc de kullanarak \u00f6nemli bir tarihi roman ortaya \u00e7\u0131karm\u0131\u015ft\u0131r.Harold Lamb, yer yer M\u00fcsl\u00fcman anlat\u0131c\u0131lar\u0131n kaynaklar\u0131ndan ve g\u00f6zlemlerinden faydalan\u0131p, onlar\u0131n anlat\u0131mlar\u0131na yer verse de Ha\u00e7l\u0131 Seferlerini \u00e7o\u011funlukla Hristiyan bak\u0131\u015f a\u00e7\u0131s\u0131yla yazm\u0131\u015ft\u0131r.Elinizdeki bu kitap Kud\u00fcs\u2019\u00fcn Hristiyanlar\u0131n elinde oldu\u011fu ve huzur i\u00e7inde ya\u015fad\u0131klar\u0131 sava\u015fs\u0131z d\u00f6nemden ba\u015flay\u0131p, Kud\u00fcs\u2019\u00fcn M\u00fcsl\u00fcmanlar\u0131n eline ge\u00e7mesiyle devam eder ve sonras\u0131nda M\u00fcsl\u00fcman g\u00fc\u00e7lerinin tamamen y\u00fckseli\u015fi ve Kud\u00fcs\u2019\u00fcn art\u0131k bir M\u00fcsl\u00fcman topra\u011f\u0131 olmas\u0131n\u0131n kabul edilmesiyle son bulur.\u0130slam d\u00fcnyas\u0131 ve M\u00fcsl\u00fcmanlara dair g\u00f6zlemler ve anlat\u0131mlar Hristiyan g\u00f6z\u00fcyle anlat\u0131lm\u0131\u015f ve \u00f6nemli bir k\u00fclt\u00fcrel analiz sonucunda olu\u015fturulan bilgiler okuyucuya aktar\u0131lm\u0131\u015ft\u0131r. Bu bilgilerin sentezi ve yorumlanmas\u0131 okuyucuya b\u0131rak\u0131lm\u0131\u015ft\u0131r.Selahaddin Eyyubi ve Ha\u00e7l\u0131 Seferleri, bu \u00f6nemli asker etraf\u0131nda \u015fekillenir ve o \u00f6ld\u00fckten sonra bile yaratt\u0131\u011f\u0131 etkilerin devam etti\u011fini g\u00f6rmek, onun ba\u015far\u0131s\u0131n\u0131n \u00fcst\u00fcne hi\u00e7 bir Hristiyan g\u00fcc\u00fcn\u00fcn \u00e7\u0131kamad\u0131\u011f\u0131n\u0131 g\u00f6rmek hi\u00e7 de zor de\u011fildir.Hristiyan d\u00fcnyas\u0131ndan da Conrad\u2019dan, Bohemound\u2019a, Innocenius\u2019a Aslan Y\u00fcrek Richard\u2019a ve daha bir\u00e7ok \u00f6nemli karaktere yer veren bu kitap, Ha\u00e7l\u0131 Seferleri\u2019nin Hristiyan taraf\u0131n\u0131 da tan\u0131mam\u0131za ve olaylar\u0131 daha net bir \u015fekilde anlamam\u0131za katk\u0131 sa\u011flamaktad\u0131r.<\/p>\n","protected":false},"excerpt":{"rendered":"<p>Selahaddin Eyyubi ve Ha\u00e7l\u0131lar, Do\u011fu\u2019dan Bat\u0131\u2019ya yay\u0131lan bir g\u00fc\u00e7 m\u00fccadelesinin ve M\u00fcsl\u00fcman g\u00fcc\u00fcn\u00fcn b\u00fcy\u00fcmesinin ve y\u00fckseli\u015finin anlat\u0131ld\u0131\u011f\u0131 muhte\u015fem bir eserdir. Harold Lamb \u00e7e\u015fitli an\u0131lardan, kaynaklardan, tarih<span class=\"excerpt-hellip\"> [\u2026]<\/span><\/p>\n","protected":false},"featured_media":0,"template":"","meta":{"_monsterinsights_skip_tracking":false,"_monsterinsights_sitenote_active":false,"_monsterinsights_sitenote_note":"","_monsterinsights_sitenote_category":0},"product_brand":[],"product_cat":[12291,12745],"product_tag":[],"class_list":{"0":"post-747540","1":"product","2":"type-product","3":"status-publish","5":"product_cat-edebiyat","6":"product_cat-tarihi-roman","7":"pa_cilt-ciltsiz","8":"pa_tur-kitap","9":"pa_yayinevi-parola-yayinlari","10":"pa_yazar-harold-lamb","12":"first","13":"instock","14":"sale","15":"shipping-taxable","16":"purchasable","17":"product-type-simple"},"_links":{"self":[{"href":"https:\/\/roveyayinevi.com.tr\/index.php\/wp-json\/wp\/v2\/product\/747540","targetHints":{"allow":["GET"]}}],"collection":[{"href":"https:\/\/roveyayinevi.com.tr\/index.php\/wp-json\/wp\/v2\/product"}],"about":[{"href":"https:\/\/roveyayinevi.com.tr\/index.php\/wp-json\/wp\/v2\/types\/product"}],"wp:attachment":[{"href":"https:\/\/roveyayinevi.com.tr\/index.php\/wp-json\/wp\/v2\/media?parent=747540"}],"wp:term":[{"taxonomy":"product_brand","embeddable":true,"href":"https:\/\/roveyayinevi.com.tr\/index.php\/wp-json\/wp\/v2\/product_brand?post=747540"},{"taxonomy":"product_cat","embeddable":true,"href":"https:\/\/roveyayinevi.com.tr\/index.php\/wp-json\/wp\/v2\/product_cat?post=747540"},{"taxonomy":"product_tag","embeddable":true,"href":"https:\/\/roveyayinevi.com.tr\/index.php\/wp-json\/wp\/v2\/product_tag?post=747540"}],"curies":[{"name":"wp","href":"https:\/\/api.w.org\/{rel}","templated":true}]}}