{"id":747537,"date":"2025-08-28T03:08:49","date_gmt":"2025-08-28T00:08:49","guid":{"rendered":"https:\/\/roveyayinevi.com.tr\/index.php\/urun\/yansima-serisi-2-kitap\/"},"modified":"2026-04-16T03:00:23","modified_gmt":"2026-04-16T00:00:23","slug":"yansima-serisi-2-kitap","status":"publish","type":"product","link":"https:\/\/roveyayinevi.com.tr\/index.php\/urun\/yansima-serisi-2-kitap\/","title":{"rendered":"Yans\u0131ma Serisi (2 Kitap)"},"content":{"rendered":"<p>YANSIMA Gizemli bir uygarl\u0131\u011f\u0131n pe\u015finde sonsuz gen\u00e7li\u011fi buldu\u011funu d\u00fc\u015f\u00fcnen bir antikac\u0131. Kendini toplumdan soyutlam\u0131\u015f esrarengiz bir arkeolog. Aniden ve a\u00e7\u0131klanamayan bir \u015fekilde ortadan kaybolan annesini arayan bir antropolog. T\u00fcm olumsuzluklara ra\u011fmen yeniden filizlenen eski bir a\u015fk. Ve\u2026 Usulca y\u00fcz\u00fcn\u00fc g\u00f6steren do\u011fa\u00fcst\u00fc olaylar, kay\u0131p bir medeniyet, \u00fcrk\u00fct\u00fcc\u00fc mitolojik varl\u0131klar, uzun s\u00fcre saklanan s\u0131rlar, cevaplar\u0131 i\u00e7inde bar\u0131nd\u0131ran bir ziggurat\u2026 Maceraya haz\u0131r m\u0131s\u0131n\u0131z?   YANSIMA &#8211; Z\u0130GGURAT&#8217;IN Y\u00dcKSEL\u0130\u015e\u0130 \u00d6l\u00fcms\u00fczl\u00fc\u011f\u00fcn pe\u015fine d\u00fc\u015f\u00fcp, mistiklerin gazab\u0131na u\u011frayanlar\u2026 Esrarengiz bi\u00e7imde ortadan kaybolanlar\u2026 Onlar\u0131 bulmak i\u00e7in ak\u0131l almaz bir yolculu\u011fa \u00e7\u0131kanlar\u2026 Meslek\u00ee meraklar\u0131na yenilip, kendilerini b\u00fcy\u00fck bir ser\u00fcvenin i\u00e7inde bulan arkeologlar\u2026 S\u00fcmerlere dek uzanan fantastik macera, kald\u0131\u011f\u0131 yerden devam ediyor. S\u0131r perdesi aralan\u0131yor. Ziggurat y\u00fckseliyor. \u0130yi ve k\u00f6t\u00fcn\u00fcn sava\u015f\u0131 ba\u015fl\u0131yor. Soluksuz okuyaca\u011f\u0131n\u0131z bir kurgu sizi bekliyor&#8230; <\/p>\n","protected":false},"excerpt":{"rendered":"<p>YANSIMA Gizemli bir uygarl\u0131\u011f\u0131n pe\u015finde sonsuz gen\u00e7li\u011fi buldu\u011funu d\u00fc\u015f\u00fcnen bir antikac\u0131. Kendini toplumdan soyutlam\u0131\u015f esrarengiz bir arkeolog. Aniden ve a\u00e7\u0131klanamayan bir \u015fekilde ortadan kaybolan annesini arayan<span class=\"excerpt-hellip\"> [\u2026]<\/span><\/p>\n","protected":false},"featured_media":0,"template":"","meta":{"_monsterinsights_skip_tracking":false,"_monsterinsights_sitenote_active":false,"_monsterinsights_sitenote_note":"","_monsterinsights_sitenote_category":0},"product_brand":[],"product_cat":[12291,14777],"product_tag":[],"class_list":{"0":"post-747537","1":"product","2":"type-product","3":"status-publish","5":"product_cat-edebiyat","6":"product_cat-fantastik","7":"pa_cilt-set","8":"pa_tur-kitap","9":"pa_yayinevi-kitap-muptelasi-yayinlari","10":"pa_yazar-deniz-uysal","12":"first","13":"instock","14":"sale","15":"shipping-taxable","16":"purchasable","17":"product-type-simple"},"_links":{"self":[{"href":"https:\/\/roveyayinevi.com.tr\/index.php\/wp-json\/wp\/v2\/product\/747537","targetHints":{"allow":["GET"]}}],"collection":[{"href":"https:\/\/roveyayinevi.com.tr\/index.php\/wp-json\/wp\/v2\/product"}],"about":[{"href":"https:\/\/roveyayinevi.com.tr\/index.php\/wp-json\/wp\/v2\/types\/product"}],"wp:attachment":[{"href":"https:\/\/roveyayinevi.com.tr\/index.php\/wp-json\/wp\/v2\/media?parent=747537"}],"wp:term":[{"taxonomy":"product_brand","embeddable":true,"href":"https:\/\/roveyayinevi.com.tr\/index.php\/wp-json\/wp\/v2\/product_brand?post=747537"},{"taxonomy":"product_cat","embeddable":true,"href":"https:\/\/roveyayinevi.com.tr\/index.php\/wp-json\/wp\/v2\/product_cat?post=747537"},{"taxonomy":"product_tag","embeddable":true,"href":"https:\/\/roveyayinevi.com.tr\/index.php\/wp-json\/wp\/v2\/product_tag?post=747537"}],"curies":[{"name":"wp","href":"https:\/\/api.w.org\/{rel}","templated":true}]}}