{"id":747536,"date":"2025-08-28T03:08:47","date_gmt":"2025-08-28T00:08:47","guid":{"rendered":"https:\/\/roveyayinevi.com.tr\/index.php\/urun\/kirmizidan-maviye\/"},"modified":"2026-04-16T03:00:23","modified_gmt":"2026-04-16T00:00:23","slug":"kirmizidan-maviye","status":"publish","type":"product","link":"https:\/\/roveyayinevi.com.tr\/index.php\/urun\/kirmizidan-maviye\/","title":{"rendered":"K\u0131rm\u0131z\u0131dan Maviye"},"content":{"rendered":"<p>K\u00fc\u00e7\u00fck \u00e7ekinik ad\u0131mlarla, g\u00fcl\u00fcmseyen y\u00fcz\u00fc ile ba\u015flar sizi damla damla doldurmaya. Seyrinden, o net duru sesinden ruhunuz dinginli\u011fe, sonsuz bir huzura do\u011fru yolculu\u011fa \u00e7\u0131kar. \u201cOh!\u201d dersiniz tela\u015fenin ortas\u0131nda. Bazen tek tek sayars\u0131n\u0131z, bazen \u00f6ylece seyre dalars\u0131n\u0131z. Aceleci bir ruh h\u00e2line sokar kimi zaman sizi. Elinizi, ince ince \u00fc\u015f\u00fcmesi pahas\u0131na uzat\u0131rs\u0131n\u0131z \u0131slakl\u0131\u011f\u0131n kokusu parmaklar\u0131n\u0131za tak\u0131ls\u0131n diye. Yapraklar\u0131n da ayn\u0131 \u015feyi yapt\u0131\u011f\u0131n\u0131 g\u00f6r\u00fcr, g\u00fcl\u00fcmsersiniz. Ama yaprak tar\u00e7\u0131ns\u0131, eliniz h\u00fcz\u00fcnl\u00fc kokar ya\u011fmur suyunda. G\u00f6z\u00fcn\u00fcz\u00fc ay\u0131ramaz beklersiniz ba\u015f\u0131nda \u201cHadi toparlan; bir damla daha\u2026\u201d dersiniz. Koca bir damla olarak gelirse ne ala keyifler, k\u00fc\u00e7\u00fcc\u00fckse irkilir azald\u0131 m\u0131 sonu mu geliyor diye d\u00fc\u015f\u00fcn\u00fcrs\u00fcn\u00fcz. Tam bitti der arkan\u0131z\u0131 d\u00f6nersiniz, yumu\u015fak bir t\u0131p sesi duyar ne\u015feyle ba\u015f\u0131n\u0131z\u0131 \u00e7evirirsiniz. G\u00f6ld\u00fcr art\u0131k o, buharla\u015f\u0131r u\u00e7ar ama ya\u011fmur olup damla damla yine ya\u011far yamac\u0131n\u0131za, serin bir nefes gibi \u00e7\u00f6ker. Ama damla bu, belli mi olur. \u201cYa biterse?\u201d der, yine de hep ayn\u0131 umutla bekler. Nihayetinde hep ayn\u0131 heyecanla mutlu olursunuz. \u201cNe ho\u015f bir isim koymu\u015f sevgili G\u00f6ktan kitab\u0131na. Damlas\u0131yla, damar\u0131nda akan k\u0131rm\u0131z\u0131n\u0131n hararetiyle, mavili\u011fin u\u00e7suz bucaks\u0131z \u0131\u015f\u0131\u011f\u0131n\u0131n umuduyla daim olsunlar. Sayfalar\u0131 a\u00e7t\u0131k\u00e7a g\u00f6r\u00fcyoruz ki bir \u015fehrin ya\u011fmurunu \u00f6zler gibi yal\u0131n bir h\u00fcz\u00fcnle ak\u0131tm\u0131\u015f koca koca y\u0131llar\u0131n\u0131 k\u00e2\u011f\u0131da. Ya\u015famla aras\u0131na giren kalabal\u0131klar\u0131, yaln\u0131zl\u0131klar\u0131, kahramanlar\u0131, vefay\u0131, vefas\u0131zl\u0131klar\u0131 i\u00e7 d\u00f6ker gibi sa\u00e7m\u0131\u015f ortal\u0131\u011fa. Kendinden i\u00e7re kendi olan cantanesi ile sohbetlerini uzaktan izletmi\u015f bize. S\u0131radan kelimelere anlamlar y\u00fckletmeyi ba\u015fard\u0131\u011f\u0131 kitab\u0131yla kendisine yaz\u0131n d\u00fcnyas\u0131nda ba\u015far\u0131lar diliyorum.\u201d Canan Ya\u015far<\/p>\n","protected":false},"excerpt":{"rendered":"<p>K\u00fc\u00e7\u00fck \u00e7ekinik ad\u0131mlarla, g\u00fcl\u00fcmseyen y\u00fcz\u00fc ile ba\u015flar sizi damla damla doldurmaya. Seyrinden, o net duru sesinden ruhunuz dinginli\u011fe, sonsuz bir huzura do\u011fru yolculu\u011fa \u00e7\u0131kar. \u201cOh!\u201d dersiniz<span class=\"excerpt-hellip\"> [\u2026]<\/span><\/p>\n","protected":false},"featured_media":0,"template":"","meta":{"_monsterinsights_skip_tracking":false,"_monsterinsights_sitenote_active":false,"_monsterinsights_sitenote_note":"","_monsterinsights_sitenote_category":0},"product_brand":[],"product_cat":[12291,12711],"product_tag":[],"class_list":{"0":"post-747536","1":"product","2":"type-product","3":"status-publish","5":"product_cat-edebiyat","6":"product_cat-roman-oyku","7":"pa_cilt-ciltsiz","8":"pa_tur-kitap","9":"pa_yayinevi-kitap-muptelasi-yayinlari","10":"pa_yazar-goktan-guclu","12":"first","13":"instock","14":"sale","15":"shipping-taxable","16":"purchasable","17":"product-type-simple"},"_links":{"self":[{"href":"https:\/\/roveyayinevi.com.tr\/index.php\/wp-json\/wp\/v2\/product\/747536","targetHints":{"allow":["GET"]}}],"collection":[{"href":"https:\/\/roveyayinevi.com.tr\/index.php\/wp-json\/wp\/v2\/product"}],"about":[{"href":"https:\/\/roveyayinevi.com.tr\/index.php\/wp-json\/wp\/v2\/types\/product"}],"wp:attachment":[{"href":"https:\/\/roveyayinevi.com.tr\/index.php\/wp-json\/wp\/v2\/media?parent=747536"}],"wp:term":[{"taxonomy":"product_brand","embeddable":true,"href":"https:\/\/roveyayinevi.com.tr\/index.php\/wp-json\/wp\/v2\/product_brand?post=747536"},{"taxonomy":"product_cat","embeddable":true,"href":"https:\/\/roveyayinevi.com.tr\/index.php\/wp-json\/wp\/v2\/product_cat?post=747536"},{"taxonomy":"product_tag","embeddable":true,"href":"https:\/\/roveyayinevi.com.tr\/index.php\/wp-json\/wp\/v2\/product_tag?post=747536"}],"curies":[{"name":"wp","href":"https:\/\/api.w.org\/{rel}","templated":true}]}}