{"id":747535,"date":"2025-08-28T03:08:45","date_gmt":"2025-08-28T00:08:45","guid":{"rendered":"https:\/\/roveyayinevi.com.tr\/index.php\/urun\/yeseren-beyaz\/"},"modified":"2026-04-16T03:00:23","modified_gmt":"2026-04-16T00:00:23","slug":"yeseren-beyaz","status":"publish","type":"product","link":"https:\/\/roveyayinevi.com.tr\/index.php\/urun\/yeseren-beyaz\/","title":{"rendered":"Ye\u015feren Beyaz"},"content":{"rendered":"<p>\u0130\u00e7 d\u00fcnyas\u0131nda ya\u015f\u0131yor D\u0131\u015ftan habersiz.Yal\u0131n ayak, y\u0131rt\u0131k g\u00f6mlek,\u00d6yle y\u00fcr\u00fcyor, So\u011fuktan k\u0131\u015ftan habersiz.Hay\u00e2lleriyle ba\u015fba\u015fa Y\u00fcr\u00fcyor,Elinde ucu k\u0131r\u0131lm\u0131\u015f, Yar\u0131m cigaras\u0131,\u00c7alar almaz muhtar \u00e7akma\u011f\u0131, Belli ki ate\u015fle yok aras\u0131Bir k\u00fcf\u00fcr,Cigaradan \u00f6nce dumanland\u0131 kafas\u0131 <\/p>\n","protected":false},"excerpt":{"rendered":"<p>\u0130\u00e7 d\u00fcnyas\u0131nda ya\u015f\u0131yor D\u0131\u015ftan habersiz.Yal\u0131n ayak, y\u0131rt\u0131k g\u00f6mlek,\u00d6yle y\u00fcr\u00fcyor, So\u011fuktan k\u0131\u015ftan habersiz.Hay\u00e2lleriyle ba\u015fba\u015fa Y\u00fcr\u00fcyor,Elinde ucu k\u0131r\u0131lm\u0131\u015f, Yar\u0131m cigaras\u0131,\u00c7alar almaz muhtar \u00e7akma\u011f\u0131, Belli ki ate\u015fle yok aras\u0131Bir<span class=\"excerpt-hellip\"> [\u2026]<\/span><\/p>\n","protected":false},"featured_media":0,"template":"","meta":{"_monsterinsights_skip_tracking":false,"_monsterinsights_sitenote_active":false,"_monsterinsights_sitenote_note":"","_monsterinsights_sitenote_category":0},"product_brand":[],"product_cat":[12291,12509],"product_tag":[],"class_list":{"0":"post-747535","1":"product","2":"type-product","3":"status-publish","5":"product_cat-edebiyat","6":"product_cat-siir","7":"pa_cilt-ciltsiz","8":"pa_tur-kitap","9":"pa_yayinevi-kitap-muptelasi-yayinlari","10":"pa_yazar-rasim-kavlak","12":"first","13":"instock","14":"sale","15":"shipping-taxable","16":"purchasable","17":"product-type-simple"},"_links":{"self":[{"href":"https:\/\/roveyayinevi.com.tr\/index.php\/wp-json\/wp\/v2\/product\/747535","targetHints":{"allow":["GET"]}}],"collection":[{"href":"https:\/\/roveyayinevi.com.tr\/index.php\/wp-json\/wp\/v2\/product"}],"about":[{"href":"https:\/\/roveyayinevi.com.tr\/index.php\/wp-json\/wp\/v2\/types\/product"}],"wp:attachment":[{"href":"https:\/\/roveyayinevi.com.tr\/index.php\/wp-json\/wp\/v2\/media?parent=747535"}],"wp:term":[{"taxonomy":"product_brand","embeddable":true,"href":"https:\/\/roveyayinevi.com.tr\/index.php\/wp-json\/wp\/v2\/product_brand?post=747535"},{"taxonomy":"product_cat","embeddable":true,"href":"https:\/\/roveyayinevi.com.tr\/index.php\/wp-json\/wp\/v2\/product_cat?post=747535"},{"taxonomy":"product_tag","embeddable":true,"href":"https:\/\/roveyayinevi.com.tr\/index.php\/wp-json\/wp\/v2\/product_tag?post=747535"}],"curies":[{"name":"wp","href":"https:\/\/api.w.org\/{rel}","templated":true}]}}