{"id":747533,"date":"2025-08-28T03:08:43","date_gmt":"2025-08-28T00:08:43","guid":{"rendered":"https:\/\/roveyayinevi.com.tr\/index.php\/urun\/basarili-girisimcinin-24-varligi\/"},"modified":"2026-04-16T03:00:23","modified_gmt":"2026-04-16T00:00:23","slug":"basarili-girisimcinin-24-varligi","status":"publish","type":"product","link":"https:\/\/roveyayinevi.com.tr\/index.php\/urun\/basarili-girisimcinin-24-varligi\/","title":{"rendered":"Ba\u015far\u0131l\u0131 Giri\u015fimcinin 24 Varl\u0131\u011f\u0131"},"content":{"rendered":"<p>M\u00fc\u015fterilerinizin istedikleriyle ger\u00e7ekten ba\u011flant\u0131 kurdu\u011funuzda onlar i\u00e7in ger\u00e7ek de\u011feri olan \u00fcr\u00fcnler yaratabileceksiniz. \u0130nsanlar ne yediklerini veya ne kadara mal oldu\u011funu unuttuktan \u00e7ok sonra bile restoranda kendilerine nas\u0131l davran\u0131ld\u0131\u011f\u0131n\u0131 hat\u0131rl\u0131yorlar. \u0130\u015f d\u00fcnyas\u0131nda uzun vadede ba\u015far\u0131l\u0131 olman\u0131n mutlak anahtar\u0131, ola\u011fan\u00fcst\u00fc de\u011fer sunmak ve m\u00fc\u015fterilerinizi beklentilerinin \u00f6tesinde \u015fa\u015f\u0131rtmak ve memnun etmektir. Ba\u015far\u0131l\u0131 Giri\u015fimcinin 24 Varl\u0131\u011f\u0131, t\u00fcm fedak\u00e2rl\u0131klar\u0131n\u0131z\u0131n neden bir sonuca ula\u015fmad\u0131\u011f\u0131n\u0131, hangi de\u011ferlere sahip olursan\u0131z ba\u015far\u0131l\u0131 bir giri\u015fimci olabilece\u011finizi ad\u0131m ad\u0131m a\u00e7\u0131kl\u0131yor. Daniel Priestley, pek \u00e7ok giri\u015fimcinin hayal kurdu\u011funu, planlar yapt\u0131\u011f\u0131n\u0131 ve uzun s\u00fcre m\u00fccadele ederek bu planlar\u0131 hayata ge\u00e7irmeye \u00e7al\u0131\u015ft\u0131\u011f\u0131n\u0131 ancak de\u011ferli bir i\u015fletme i\u00e7in olu\u015fturulmas\u0131 gereken 24 varl\u0131\u011f\u0131n fark\u0131nda olmad\u0131\u011f\u0131n\u0131 dile getiriyor. Tam da bu sebeple Ba\u015far\u0131l\u0131 Giri\u015fimcinin 24 Varl\u0131\u011f\u0131 kitab\u0131nda, h\u0131zla de\u011fi\u015fen d\u00fcnyada ba\u015far\u0131l\u0131 olacak dijital, \u00f6l\u00e7eklenebilir, de\u011ferli ve e\u011flenceli bir i\u015fletmeyi nas\u0131l yaratabilece\u011finizin s\u0131rr\u0131n\u0131 payla\u015f\u0131yor!<\/p>\n","protected":false},"excerpt":{"rendered":"<p>M\u00fc\u015fterilerinizin istedikleriyle ger\u00e7ekten ba\u011flant\u0131 kurdu\u011funuzda onlar i\u00e7in ger\u00e7ek de\u011feri olan \u00fcr\u00fcnler yaratabileceksiniz. \u0130nsanlar ne yediklerini veya ne kadara mal oldu\u011funu unuttuktan \u00e7ok sonra bile restoranda kendilerine<span class=\"excerpt-hellip\"> [\u2026]<\/span><\/p>\n","protected":false},"featured_media":0,"template":"","meta":{"_monsterinsights_skip_tracking":false,"_monsterinsights_sitenote_active":false,"_monsterinsights_sitenote_note":"","_monsterinsights_sitenote_category":0},"product_brand":[],"product_cat":[13043,17647],"product_tag":[],"class_list":{"0":"post-747533","1":"product","2":"type-product","3":"status-publish","5":"product_cat-ekonomi","6":"product_cat-is-dunyasi","7":"pa_cilt-ciltsiz","8":"pa_tur-kitap","9":"pa_yayinevi-sola-unitas","10":"pa_yazar-daniel-priestley","12":"first","13":"instock","14":"sale","15":"shipping-taxable","16":"purchasable","17":"product-type-simple"},"_links":{"self":[{"href":"https:\/\/roveyayinevi.com.tr\/index.php\/wp-json\/wp\/v2\/product\/747533","targetHints":{"allow":["GET"]}}],"collection":[{"href":"https:\/\/roveyayinevi.com.tr\/index.php\/wp-json\/wp\/v2\/product"}],"about":[{"href":"https:\/\/roveyayinevi.com.tr\/index.php\/wp-json\/wp\/v2\/types\/product"}],"wp:attachment":[{"href":"https:\/\/roveyayinevi.com.tr\/index.php\/wp-json\/wp\/v2\/media?parent=747533"}],"wp:term":[{"taxonomy":"product_brand","embeddable":true,"href":"https:\/\/roveyayinevi.com.tr\/index.php\/wp-json\/wp\/v2\/product_brand?post=747533"},{"taxonomy":"product_cat","embeddable":true,"href":"https:\/\/roveyayinevi.com.tr\/index.php\/wp-json\/wp\/v2\/product_cat?post=747533"},{"taxonomy":"product_tag","embeddable":true,"href":"https:\/\/roveyayinevi.com.tr\/index.php\/wp-json\/wp\/v2\/product_tag?post=747533"}],"curies":[{"name":"wp","href":"https:\/\/api.w.org\/{rel}","templated":true}]}}