{"id":747531,"date":"2025-08-28T03:08:40","date_gmt":"2025-08-28T00:08:40","guid":{"rendered":"https:\/\/roveyayinevi.com.tr\/index.php\/urun\/sevmek-dokunmaktir\/"},"modified":"2026-04-16T03:00:23","modified_gmt":"2026-04-16T00:00:23","slug":"sevmek-dokunmaktir","status":"publish","type":"product","link":"https:\/\/roveyayinevi.com.tr\/index.php\/urun\/sevmek-dokunmaktir\/","title":{"rendered":"Sevmek Dokunmakt\u0131r"},"content":{"rendered":"<p>\u00c7al\u0131\u015fmalar\u0131yla ve kitaplar\u0131yla b\u00fcy\u00fck yank\u0131 uyand\u0131ran Desmond Morris, Sevmek Dokunmakt\u0131r kitab\u0131nda, on iki a\u015famas\u0131n\u0131 ele ald\u0131\u011f\u0131 yak\u0131nla\u015fman\u0131n ve temas\u0131n k\u00f6kenlerini analiz ediyor.   Morris, do\u011fumdan hemen \u00f6nceki ve sonraki aylar\u0131n, yak\u0131nl\u0131k tohumlar\u0131n\u0131n ekildi\u011fi ve geli\u015fim i\u00e7in kritik \u00f6neme sahip oldu\u011fu zamanlar oldu\u011funu iddia ediyor. \u00c7ocuklar annenin sevgi dolu dikkatiyle \u00f6\u011frenir ve kendi samimi jestleriyle kar\u015f\u0131l\u0131k verir. \u0130nsan yeti\u015fkinlerin, t\u00fcm ya\u015famlar\u0131 boyunca bu bebek deneyimlerine dayanan belirli samimi davran\u0131\u015f kal\u0131plar\u0131n\u0131 takip etti\u011fini savunuyor. Cinsel yak\u0131nl\u0131\u011fa ek olarak, Morris sosyal yak\u0131nl\u0131\u011f\u0131, yak\u0131nl\u0131\u011f\u0131n ikamelerini, nesne yak\u0131nl\u0131\u011f\u0131n\u0131 ve kendi kendine yak\u0131nl\u0131\u011f\u0131 tart\u0131\u015f\u0131yor. T\u00fcm sosyal ve teknolojik ilerlemelerimize ra\u011fmen, sevginin ilkel beden dili, rahatl\u0131k ve ilgi duygular\u0131n\u0131n ifadesi i\u00e7in h\u00e2l\u00e2 sahip oldu\u011fumuz en g\u00fc\u00e7l\u00fc g\u00fc\u00e7 olmaya devam ediyor.   Sevmek Dokunmakt\u0131r, insanlar\u0131n dokunmaya ve dokunulmaya, sevmeye ve sevilmeye ihtiyac\u0131 oldu\u011funa dair k\u0131\u015fk\u0131rt\u0131c\u0131 bir g\u00f6r\u00fc\u015f sunuyor. <\/p>\n","protected":false},"excerpt":{"rendered":"<p>\u00c7al\u0131\u015fmalar\u0131yla ve kitaplar\u0131yla b\u00fcy\u00fck yank\u0131 uyand\u0131ran Desmond Morris, Sevmek Dokunmakt\u0131r kitab\u0131nda, on iki a\u015famas\u0131n\u0131 ele ald\u0131\u011f\u0131 yak\u0131nla\u015fman\u0131n ve temas\u0131n k\u00f6kenlerini analiz ediyor. Morris, do\u011fumdan hemen \u00f6nceki<span class=\"excerpt-hellip\"> [\u2026]<\/span><\/p>\n","protected":false},"featured_media":0,"template":"","meta":{"_monsterinsights_skip_tracking":false,"_monsterinsights_sitenote_active":false,"_monsterinsights_sitenote_note":"","_monsterinsights_sitenote_category":0},"product_brand":[],"product_cat":[15499,13488],"product_tag":[],"class_list":{"0":"post-747531","1":"product","2":"type-product","3":"status-publish","5":"product_cat-antropoloji","6":"product_cat-toplum-ve-insan","7":"pa_cilt-ciltsiz","8":"pa_tur-kitap","9":"pa_yayinevi-inkilap-kitabevi","10":"pa_yazar-desmond-morris","12":"first","13":"instock","14":"sale","15":"shipping-taxable","16":"purchasable","17":"product-type-simple"},"_links":{"self":[{"href":"https:\/\/roveyayinevi.com.tr\/index.php\/wp-json\/wp\/v2\/product\/747531","targetHints":{"allow":["GET"]}}],"collection":[{"href":"https:\/\/roveyayinevi.com.tr\/index.php\/wp-json\/wp\/v2\/product"}],"about":[{"href":"https:\/\/roveyayinevi.com.tr\/index.php\/wp-json\/wp\/v2\/types\/product"}],"wp:attachment":[{"href":"https:\/\/roveyayinevi.com.tr\/index.php\/wp-json\/wp\/v2\/media?parent=747531"}],"wp:term":[{"taxonomy":"product_brand","embeddable":true,"href":"https:\/\/roveyayinevi.com.tr\/index.php\/wp-json\/wp\/v2\/product_brand?post=747531"},{"taxonomy":"product_cat","embeddable":true,"href":"https:\/\/roveyayinevi.com.tr\/index.php\/wp-json\/wp\/v2\/product_cat?post=747531"},{"taxonomy":"product_tag","embeddable":true,"href":"https:\/\/roveyayinevi.com.tr\/index.php\/wp-json\/wp\/v2\/product_tag?post=747531"}],"curies":[{"name":"wp","href":"https:\/\/api.w.org\/{rel}","templated":true}]}}