{"id":747530,"date":"2025-08-28T03:08:39","date_gmt":"2025-08-28T00:08:39","guid":{"rendered":"https:\/\/roveyayinevi.com.tr\/index.php\/urun\/icindeki-sen-2\/"},"modified":"2026-04-16T03:00:23","modified_gmt":"2026-04-16T00:00:23","slug":"icindeki-sen-2","status":"publish","type":"product","link":"https:\/\/roveyayinevi.com.tr\/index.php\/urun\/icindeki-sen-2\/","title":{"rendered":"\u0130\u00e7indeki Sen"},"content":{"rendered":"<p>Her \u015fey de\u011fi\u015fiyor. Gezegenler, evren, d\u00fcnya, insanlar, arkada\u015flar\u0131n, ailen ve sen her g\u00fcn de\u011fi\u015fime devam ediyorsunuz. Yolculuk de\u011fi\u015fimle berabar s\u00fcr\u00fcyor. Peki nereye gidiyorsun? Gitti\u011fin yolda biraz yava\u015flamay\u0131 denedin mi hi\u00e7? Sonu olmayan bir yolculukta kaybolmak \u00fczere oldu\u011funun fark\u0131nda m\u0131s\u0131n?   Yolunu kendin mi tercih ettin? Yoksa sana sunulan se\u00e7enekler aras\u0131nda bilin\u00e7li veya bilin\u00e7li olmadan bir yola koyulup gidiyor musun? B\u00fct\u00fcn bunlar ya\u015fan\u0131rken sen neredesin? Kendi isteklerini mi ya\u015f\u0131yorsun? Kendini deneyimliyor musun? Derinliklerinden gelen sana seni hat\u0131rlatan sesi art\u0131k duymaz m\u0131 oldun?   K\u0131zmak istedi\u011finde k\u0131zmad\u0131n, a\u011flaman gerekti\u011finde a\u011flamad\u0131n, yas tutman gerekti\u011finde yas tutmad\u0131n. \u015eimdi sevmek istiyorsun ve g\u00f6r\u00fcyorsun ki sevemiyorsun. \u00c7\u00fcnk\u00fc b\u00fct\u00fcn mekanizma bozulmu\u015f durumda. Mekanizman\u0131n daha sa\u011fl\u0131kl\u0131 \u00e7al\u0131\u015fmas\u0131 i\u00e7in bu kitab\u0131n sana dokunu\u015flar\u0131 olacak. \u0130\u00e7indeki seni daha iyi tan\u0131yacak ve sevginin sahip oldu\u011fu g\u00fcc\u00fcn fark\u0131na varacaks\u0131n.<\/p>\n","protected":false},"excerpt":{"rendered":"<p>Her \u015fey de\u011fi\u015fiyor. Gezegenler, evren, d\u00fcnya, insanlar, arkada\u015flar\u0131n, ailen ve sen her g\u00fcn de\u011fi\u015fime devam ediyorsunuz. Yolculuk de\u011fi\u015fimle berabar s\u00fcr\u00fcyor. Peki nereye gidiyorsun? Gitti\u011fin yolda biraz<span class=\"excerpt-hellip\"> [\u2026]<\/span><\/p>\n","protected":false},"featured_media":0,"template":"","meta":{"_monsterinsights_skip_tracking":false,"_monsterinsights_sitenote_active":false,"_monsterinsights_sitenote_note":"","_monsterinsights_sitenote_category":0},"product_brand":[],"product_cat":[12777,12291],"product_tag":[],"class_list":{"0":"post-747530","1":"product","2":"type-product","3":"status-publish","5":"product_cat-deneme","6":"product_cat-edebiyat","7":"pa_cilt-ciltsiz","8":"pa_tur-kitap","9":"pa_yayinevi-platanus-publishing","10":"pa_yazar-musab-arslan","12":"first","13":"instock","14":"sale","15":"shipping-taxable","16":"purchasable","17":"product-type-simple"},"_links":{"self":[{"href":"https:\/\/roveyayinevi.com.tr\/index.php\/wp-json\/wp\/v2\/product\/747530","targetHints":{"allow":["GET"]}}],"collection":[{"href":"https:\/\/roveyayinevi.com.tr\/index.php\/wp-json\/wp\/v2\/product"}],"about":[{"href":"https:\/\/roveyayinevi.com.tr\/index.php\/wp-json\/wp\/v2\/types\/product"}],"wp:attachment":[{"href":"https:\/\/roveyayinevi.com.tr\/index.php\/wp-json\/wp\/v2\/media?parent=747530"}],"wp:term":[{"taxonomy":"product_brand","embeddable":true,"href":"https:\/\/roveyayinevi.com.tr\/index.php\/wp-json\/wp\/v2\/product_brand?post=747530"},{"taxonomy":"product_cat","embeddable":true,"href":"https:\/\/roveyayinevi.com.tr\/index.php\/wp-json\/wp\/v2\/product_cat?post=747530"},{"taxonomy":"product_tag","embeddable":true,"href":"https:\/\/roveyayinevi.com.tr\/index.php\/wp-json\/wp\/v2\/product_tag?post=747530"}],"curies":[{"name":"wp","href":"https:\/\/api.w.org\/{rel}","templated":true}]}}