{"id":747529,"date":"2025-08-28T03:08:38","date_gmt":"2025-08-28T00:08:38","guid":{"rendered":"https:\/\/roveyayinevi.com.tr\/index.php\/urun\/hukuk-ve-yasamda-nokta-atisi\/"},"modified":"2026-04-16T03:00:23","modified_gmt":"2026-04-16T00:00:23","slug":"hukuk-ve-yasamda-nokta-atisi","status":"publish","type":"product","link":"https:\/\/roveyayinevi.com.tr\/index.php\/urun\/hukuk-ve-yasamda-nokta-atisi\/","title":{"rendered":"Hukuk ve Ya\u015famda Nokta At\u0131\u015f\u0131"},"content":{"rendered":"<p>Haklar\u0131m\u0131z\u0131 biliyor muyuz? E\u015flerin birbirlerine ilgisiz olmas\u0131n\u0131n sonucu nedir? Sosyal medyada istemedi\u011finiz mesajlara maruz kal\u0131yor musunuz? Sizin haberiniz dahi olmadan doland\u0131r\u0131labilece\u011finizi biliyor musunuz? \u0130\u015f kurmak istiyorsunuz ama sermayeniz mi yok? Kom\u015fu g\u00fcr\u00fclt\u00fclerine hukuk ne diyor? \u0130\u015fyerinde mobbinge maruz kald\u0131n\u0131z m\u0131? Miras pay\u0131n\u0131z haks\u0131z devredilirse ne yap\u0131labilir?<\/p>\n","protected":false},"excerpt":{"rendered":"<p>Haklar\u0131m\u0131z\u0131 biliyor muyuz? E\u015flerin birbirlerine ilgisiz olmas\u0131n\u0131n sonucu nedir? Sosyal medyada istemedi\u011finiz mesajlara maruz kal\u0131yor musunuz? Sizin haberiniz dahi olmadan doland\u0131r\u0131labilece\u011finizi biliyor musunuz? \u0130\u015f kurmak istiyorsunuz<span class=\"excerpt-hellip\"> [\u2026]<\/span><\/p>\n","protected":false},"featured_media":0,"template":"","meta":{"_monsterinsights_skip_tracking":false,"_monsterinsights_sitenote_active":false,"_monsterinsights_sitenote_note":"","_monsterinsights_sitenote_category":0},"product_brand":[],"product_cat":[15350],"product_tag":[],"class_list":{"0":"post-747529","1":"product","2":"type-product","3":"status-publish","5":"product_cat-hukuk","6":"pa_cilt-ciltsiz","7":"pa_tur-kitap","8":"pa_yayinevi-platanus-publishing","9":"pa_yazar-gul-eyovge-aysel-eyovge","11":"first","12":"instock","13":"sale","14":"shipping-taxable","15":"purchasable","16":"product-type-simple"},"_links":{"self":[{"href":"https:\/\/roveyayinevi.com.tr\/index.php\/wp-json\/wp\/v2\/product\/747529","targetHints":{"allow":["GET"]}}],"collection":[{"href":"https:\/\/roveyayinevi.com.tr\/index.php\/wp-json\/wp\/v2\/product"}],"about":[{"href":"https:\/\/roveyayinevi.com.tr\/index.php\/wp-json\/wp\/v2\/types\/product"}],"wp:attachment":[{"href":"https:\/\/roveyayinevi.com.tr\/index.php\/wp-json\/wp\/v2\/media?parent=747529"}],"wp:term":[{"taxonomy":"product_brand","embeddable":true,"href":"https:\/\/roveyayinevi.com.tr\/index.php\/wp-json\/wp\/v2\/product_brand?post=747529"},{"taxonomy":"product_cat","embeddable":true,"href":"https:\/\/roveyayinevi.com.tr\/index.php\/wp-json\/wp\/v2\/product_cat?post=747529"},{"taxonomy":"product_tag","embeddable":true,"href":"https:\/\/roveyayinevi.com.tr\/index.php\/wp-json\/wp\/v2\/product_tag?post=747529"}],"curies":[{"name":"wp","href":"https:\/\/api.w.org\/{rel}","templated":true}]}}