{"id":747526,"date":"2025-08-28T03:08:33","date_gmt":"2025-08-28T00:08:33","guid":{"rendered":"https:\/\/roveyayinevi.com.tr\/index.php\/urun\/kalbimin-sahibi\/"},"modified":"2026-04-16T03:00:23","modified_gmt":"2026-04-16T00:00:23","slug":"kalbimin-sahibi","status":"publish","type":"product","link":"https:\/\/roveyayinevi.com.tr\/index.php\/urun\/kalbimin-sahibi\/","title":{"rendered":"Kalbimin Sahibi"},"content":{"rendered":"<p>\u201cBabas\u0131na benzeyen erkekleri se\u00e7en kad\u0131n, bazen hayranl\u0131ktan yapmaz bunu; K\u00fc\u00e7\u00fck k\u0131z\u0131n yenildi\u011fi sava\u015f\u0131 b\u00fcy\u00fck k\u0131z\u0131n kazanaca\u011f\u0131n\u0131 san\u0131r&#8230; \u0130\u015fte bu y\u00fczden belki de sana \u00e2\u015f\u0131k oldum\u201dYanl\u0131\u015f bir g\u00fcnde ba\u015flayan bir a\u015fk\u0131n hayat\u0131n\u0131z\u0131n en do\u011fru \u015feyi olmas\u0131 m\u00fcmk\u00fcn m\u00fc?Onlar y\u0131llar sonra yeniden kar\u015f\u0131la\u015ft\u0131klar\u0131nda ak\u0131llar\u0131nda a\u015fktan eser yoktu. Ama ilk andan itibaren Ilg\u0131n, Baray\u2019a emanetti i\u015fte!Zaman\u0131n\u0131 bekleyen a\u015fk, Baray\u2019\u0131n ald\u0131\u011f\u0131 t\u00fcm yaralara Ilg\u0131n\u2019\u0131n dudaklar\u0131nda merhem olmu\u015ftu.Yerini bulan a\u015fk, Ilg\u0131n\u2019\u0131n hi\u00e7 hissedemedi\u011fi g\u00fcveni Baray\u2019\u0131n kollar\u0131nda sunmu\u015ftu.Halfeti\u2019nin simsiyah g\u00fcllerinin aras\u0131nda a\u015fklar\u0131n\u0131 m\u00fch\u00fcrleyen Ilg\u0131n ve Baray\u2019\u0131n hik\u00e2yesi, sizi a\u015fk sand\u0131\u011f\u0131n\u0131z yalanlardan \u00e7ekip alacak. A\u015fka inanan herkes gibi i\u00e7inizi saran mutluluk hissiyle \u00e7evireceksiniz Kalbimin Sahibi\u2019nin her sayfas\u0131n\u0131.\u201cBana neden g\u00fczel k\u0131z diyorsun?\u201d\u201cG\u00fczelsin \u00e7\u00fcnk\u00fc\u2026\u201d<\/p>\n","protected":false},"excerpt":{"rendered":"<p>\u201cBabas\u0131na benzeyen erkekleri se\u00e7en kad\u0131n, bazen hayranl\u0131ktan yapmaz bunu; K\u00fc\u00e7\u00fck k\u0131z\u0131n yenildi\u011fi sava\u015f\u0131 b\u00fcy\u00fck k\u0131z\u0131n kazanaca\u011f\u0131n\u0131 san\u0131r&#8230; \u0130\u015fte bu y\u00fczden belki de sana \u00e2\u015f\u0131k oldum\u201dYanl\u0131\u015f bir<span class=\"excerpt-hellip\"> [\u2026]<\/span><\/p>\n","protected":false},"featured_media":0,"template":"","meta":{"_monsterinsights_skip_tracking":false,"_monsterinsights_sitenote_active":false,"_monsterinsights_sitenote_note":"","_monsterinsights_sitenote_category":0},"product_brand":[],"product_cat":[12291,12711],"product_tag":[],"class_list":{"0":"post-747526","1":"product","2":"type-product","3":"status-publish","5":"product_cat-edebiyat","6":"product_cat-roman-oyku","7":"pa_cilt-ciltsiz","8":"pa_tur-kitap","9":"pa_yayinevi-parola-yayinlari","10":"pa_yazar-basak-kiziltan","12":"first","13":"instock","14":"sale","15":"shipping-taxable","16":"purchasable","17":"product-type-simple"},"_links":{"self":[{"href":"https:\/\/roveyayinevi.com.tr\/index.php\/wp-json\/wp\/v2\/product\/747526","targetHints":{"allow":["GET"]}}],"collection":[{"href":"https:\/\/roveyayinevi.com.tr\/index.php\/wp-json\/wp\/v2\/product"}],"about":[{"href":"https:\/\/roveyayinevi.com.tr\/index.php\/wp-json\/wp\/v2\/types\/product"}],"wp:attachment":[{"href":"https:\/\/roveyayinevi.com.tr\/index.php\/wp-json\/wp\/v2\/media?parent=747526"}],"wp:term":[{"taxonomy":"product_brand","embeddable":true,"href":"https:\/\/roveyayinevi.com.tr\/index.php\/wp-json\/wp\/v2\/product_brand?post=747526"},{"taxonomy":"product_cat","embeddable":true,"href":"https:\/\/roveyayinevi.com.tr\/index.php\/wp-json\/wp\/v2\/product_cat?post=747526"},{"taxonomy":"product_tag","embeddable":true,"href":"https:\/\/roveyayinevi.com.tr\/index.php\/wp-json\/wp\/v2\/product_tag?post=747526"}],"curies":[{"name":"wp","href":"https:\/\/api.w.org\/{rel}","templated":true}]}}