{"id":747525,"date":"2025-08-28T03:08:32","date_gmt":"2025-08-28T00:08:32","guid":{"rendered":"https:\/\/roveyayinevi.com.tr\/index.php\/urun\/kabul-2\/"},"modified":"2026-04-16T03:00:23","modified_gmt":"2026-04-16T00:00:23","slug":"kabul-2","status":"publish","type":"product","link":"https:\/\/roveyayinevi.com.tr\/index.php\/urun\/kabul-2\/","title":{"rendered":"Kabul"},"content":{"rendered":"<p>\u201cKabul, kendimizi daha huzurlu hissetmek i\u00e7in ba\u015fvurabilece\u011fimiz bazen en mant\u0131kl\u0131 bazen ezbere bazen de en bilgece \u00e7\u00f6z\u00fcm gibi gelir bize. Bizler ayn\u0131 zamanda kabul\u00fc, de\u011fi\u015fmenin bir yolu olarak g\u00f6rebiliriz. Bu kitap, kabul\u00fcn de\u011fi\u015fim i\u00e7in kullan\u0131lan bir y\u00f6ntem olmaktan ziyade de\u011fi\u015fimin kendisi oldu\u011funu vurgulamak i\u00e7in yaz\u0131lm\u0131\u015ft\u0131r. Kitapta kabul\u00fc bir son, bir sonu\u00e7 veya de\u011fi\u015fmez bir karar de\u011fil; ba\u015flang\u0131\u00e7 ve her an dinamik, aktif bir \u015fekilde hayatlar\u0131m\u0131za aktarmam\u0131z gereken bir eylem olarak ele al\u0131yorum.\u201d \u201cKabul\u201d ki\u015fiyi iyile\u015ftiren, ya\u015fam\u0131 kolayla\u015ft\u0131ran, daha sakin daha huzurlu ve bar\u0131\u015f i\u00e7inde olunmas\u0131n\u0131 sa\u011flayan \u015feydir asl\u0131nda. Ayn\u0131 zamanda, d\u00fc\u015f\u00fcn\u00fcld\u00fc\u011f\u00fc gibi her \u015feyin sonu de\u011fil; tam tersi perdenin a\u00e7\u0131ld\u0131\u011f\u0131 yer, ana giri\u015f kap\u0131s\u0131 yani ba\u015flang\u0131\u00e7t\u0131r. Bu kitap, kabul kavram\u0131n\u0131 yak\u0131ndan tan\u0131man\u0131z ve onu prati\u011fe d\u00f6kebilmeniz i\u00e7in kaleme al\u0131nd\u0131. Prof. Dr. Z\u00fcmra Atalay\u2019\u0131n rehberli\u011finde iyile\u015ftirici etkisi olan bir\u00e7ok y\u00f6ntem, teknik ve kuramda; dini \u00f6\u011fretilerde ve g\u00fcnl\u00fck ya\u015famda, dilimizde s\u0131kl\u0131kla ad\u0131 ge\u00e7en bir kavram olan kabul\u00fc ya\u015famlar\u0131n\u0131za almaya, yeni ba\u015flang\u0131\u00e7lara gebe o kap\u0131dan ge\u00e7meye ve onun \u015fifaland\u0131r\u0131c\u0131 etkisini hissetmeye haz\u0131r m\u0131s\u0131n\u0131z? Yeni Olas\u0131l\u0131klar\u0131 M\u00fcmk\u00fcn K\u0131lma Sanat\u0131: KABUL zihninizdeki \u00e7\u0131kmaz sokaklar\u0131 \u00e7i\u00e7eklerle bezeli ferah yollara d\u00f6n\u00fc\u015ft\u00fcrecek. Bu kitap ruhunuza iyi gelecek\u2026<\/p>\n","protected":false},"excerpt":{"rendered":"<p>\u201cKabul, kendimizi daha huzurlu hissetmek i\u00e7in ba\u015fvurabilece\u011fimiz bazen en mant\u0131kl\u0131 bazen ezbere bazen de en bilgece \u00e7\u00f6z\u00fcm gibi gelir bize. Bizler ayn\u0131 zamanda kabul\u00fc, de\u011fi\u015fmenin bir<span class=\"excerpt-hellip\"> [\u2026]<\/span><\/p>\n","protected":false},"featured_media":0,"template":"","meta":{"_monsterinsights_skip_tracking":false,"_monsterinsights_sitenote_active":false,"_monsterinsights_sitenote_note":"","_monsterinsights_sitenote_category":0},"product_brand":[],"product_cat":[12358,12357],"product_tag":[],"class_list":{"0":"post-747525","1":"product","2":"type-product","3":"status-publish","5":"product_cat-genel-psikoloji","6":"product_cat-psikoloji","7":"pa_cilt-ciltsiz","8":"pa_tur-kitap","9":"pa_yayinevi-inkilap-kitabevi","10":"pa_yazar-zumra-atalay","12":"first","13":"instock","14":"sale","15":"shipping-taxable","16":"purchasable","17":"product-type-simple"},"_links":{"self":[{"href":"https:\/\/roveyayinevi.com.tr\/index.php\/wp-json\/wp\/v2\/product\/747525","targetHints":{"allow":["GET"]}}],"collection":[{"href":"https:\/\/roveyayinevi.com.tr\/index.php\/wp-json\/wp\/v2\/product"}],"about":[{"href":"https:\/\/roveyayinevi.com.tr\/index.php\/wp-json\/wp\/v2\/types\/product"}],"wp:attachment":[{"href":"https:\/\/roveyayinevi.com.tr\/index.php\/wp-json\/wp\/v2\/media?parent=747525"}],"wp:term":[{"taxonomy":"product_brand","embeddable":true,"href":"https:\/\/roveyayinevi.com.tr\/index.php\/wp-json\/wp\/v2\/product_brand?post=747525"},{"taxonomy":"product_cat","embeddable":true,"href":"https:\/\/roveyayinevi.com.tr\/index.php\/wp-json\/wp\/v2\/product_cat?post=747525"},{"taxonomy":"product_tag","embeddable":true,"href":"https:\/\/roveyayinevi.com.tr\/index.php\/wp-json\/wp\/v2\/product_tag?post=747525"}],"curies":[{"name":"wp","href":"https:\/\/api.w.org\/{rel}","templated":true}]}}