{"id":747523,"date":"2025-08-28T03:08:29","date_gmt":"2025-08-28T00:08:29","guid":{"rendered":"https:\/\/roveyayinevi.com.tr\/index.php\/urun\/av-ciltli-2\/"},"modified":"2026-04-16T03:00:22","modified_gmt":"2026-04-16T00:00:22","slug":"av-ciltli-2","status":"publish","type":"product","link":"https:\/\/roveyayinevi.com.tr\/index.php\/urun\/av-ciltli-2\/","title":{"rendered":"Av (Ciltli)"},"content":{"rendered":"<p>Ge\u00e7ici bir s\u00fcre barda \u00e7al\u0131\u015fan Beste\u2019nin hayat\u0131 hi\u00e7 tan\u0131mad\u0131\u011f\u0131 bir adam olan Kuzey taraf\u0131ndan ka\u00e7\u0131r\u0131lmas\u0131 ile tepetaklak olur.Kuzey, Beste\u2019nin bildi\u011fi her \u015feyden daha tehlikeli ve karanl\u0131k bir adamd\u0131r. \u00c7ok ge\u00e7meden bu i\u015fte bir hata oldu\u011fu ortaya \u00e7\u0131kar. Ancak onlar\u0131 birle\u015ftiren karanl\u0131k s\u0131rlar\u0131 ve tutkular\u0131, onlar\u0131 birbirine daha \u00e7ok mu ba\u011flayacakt\u0131r yoksa sonsuza dek kopmalar\u0131na m\u0131 sebep olacakt\u0131r?\u201cBen hep ayd\u0131nl\u0131kt\u0131m, kulaklardaki tatl\u0131 bir besteydim. Ben, g\u00fcneydeki \u00e7\u00f6llerin tatl\u0131 meltemlerine ait bir m\u00fcziktim, o ise kuzeydeki buzdan olu\u015fmu\u015f ma\u011faralar\u0131n taht\u0131ndaki krald\u0131. Kulaklar\u0131 m\u00fczi\u011fe sa\u011f\u0131r, teni s\u0131cakl\u0131\u011fa hasret, g\u00f6zleri sevgiyi g\u00f6remeyecek kadar k\u00f6r, burnu \u0131l\u0131k bir \u0131hlamur ak\u015fam\u0131n\u0131 asla duyamayacak kadar k\u00f6relmi\u015f, dudaklar\u0131 buzdan a\u011flarla \u00f6r\u00fclm\u00fc\u015f, ger\u00e7ek bir tutkunun s\u0131cakl\u0131\u011f\u0131n\u0131 asla kalbinde hissedemeyecek buz kesmi\u015f bir h\u00fck\u00fcmdard\u0131.\u201dBir sava\u015f\u0131n ortas\u0131nda, ya\u015famla \u00f6l\u00fcm aras\u0131ndaki ince \u00e7izgide vals yapan Beste ve Kuzey&#8230;Av\u0131na \u00e2\u015f\u0131k olan avc\u0131, avc\u0131 m\u0131d\u0131r yoksa av m\u0131?<\/p>\n","protected":false},"excerpt":{"rendered":"<p>Ge\u00e7ici bir s\u00fcre barda \u00e7al\u0131\u015fan Beste\u2019nin hayat\u0131 hi\u00e7 tan\u0131mad\u0131\u011f\u0131 bir adam olan Kuzey taraf\u0131ndan ka\u00e7\u0131r\u0131lmas\u0131 ile tepetaklak olur.Kuzey, Beste\u2019nin bildi\u011fi her \u015feyden daha tehlikeli ve karanl\u0131k<span class=\"excerpt-hellip\"> [\u2026]<\/span><\/p>\n","protected":false},"featured_media":0,"template":"","meta":{"_monsterinsights_skip_tracking":false,"_monsterinsights_sitenote_active":false,"_monsterinsights_sitenote_note":"","_monsterinsights_sitenote_category":0},"product_brand":[],"product_cat":[12291,12711],"product_tag":[],"class_list":{"0":"post-747523","1":"product","2":"type-product","3":"status-publish","5":"product_cat-edebiyat","6":"product_cat-roman-oyku","7":"pa_cilt-ciltli","8":"pa_tur-kitap","9":"pa_yayinevi-parola-yayinlari","10":"pa_yazar-aylem-gungordu","12":"first","13":"instock","14":"sale","15":"shipping-taxable","16":"purchasable","17":"product-type-simple"},"_links":{"self":[{"href":"https:\/\/roveyayinevi.com.tr\/index.php\/wp-json\/wp\/v2\/product\/747523","targetHints":{"allow":["GET"]}}],"collection":[{"href":"https:\/\/roveyayinevi.com.tr\/index.php\/wp-json\/wp\/v2\/product"}],"about":[{"href":"https:\/\/roveyayinevi.com.tr\/index.php\/wp-json\/wp\/v2\/types\/product"}],"wp:attachment":[{"href":"https:\/\/roveyayinevi.com.tr\/index.php\/wp-json\/wp\/v2\/media?parent=747523"}],"wp:term":[{"taxonomy":"product_brand","embeddable":true,"href":"https:\/\/roveyayinevi.com.tr\/index.php\/wp-json\/wp\/v2\/product_brand?post=747523"},{"taxonomy":"product_cat","embeddable":true,"href":"https:\/\/roveyayinevi.com.tr\/index.php\/wp-json\/wp\/v2\/product_cat?post=747523"},{"taxonomy":"product_tag","embeddable":true,"href":"https:\/\/roveyayinevi.com.tr\/index.php\/wp-json\/wp\/v2\/product_tag?post=747523"}],"curies":[{"name":"wp","href":"https:\/\/api.w.org\/{rel}","templated":true}]}}