{"id":747521,"date":"2025-08-28T03:08:25","date_gmt":"2025-08-28T00:08:25","guid":{"rendered":"https:\/\/roveyayinevi.com.tr\/index.php\/urun\/ayasli-ile-kiracilari-6\/"},"modified":"2026-04-16T03:00:22","modified_gmt":"2026-04-16T00:00:22","slug":"ayasli-ile-kiracilari-6","status":"publish","type":"product","link":"https:\/\/roveyayinevi.com.tr\/index.php\/urun\/ayasli-ile-kiracilari-6\/","title":{"rendered":"Aya\u015fl\u0131 ile Kirac\u0131lar\u0131"},"content":{"rendered":"<p>\u201cHasta olal\u0131dan beri Hasan Bey\u2019e g\u00f6sterdi\u011fi sevgi ve dostluk, Aya\u015fl\u0131y\u0131 bana sevdirdi. Eskiden de onu sevmezdim, desem yalan olur. Aya\u015fl\u0131 haydut adamd\u0131r, sert adamd\u0131r, zor zamanda kendisine g\u00fcvenilir adamd\u0131r, sevgisinde, kendisince iyi bildi\u011fi, hak bildi\u011fi \u015feylerde kuvvetli, canl\u0131 bir adamd\u0131r. Ahlak telakkileri herkese uymaz. Onun bu taraf\u0131na bakmamal\u0131.\u201d Aya\u015fl\u0131 ve Kirac\u0131lar\u0131\u2019nda Memduh \u015eevket Esendal\u2019\u0131n duru dili ve g\u00f6zlem g\u00fcc\u00fc, bir apartman dairesindeki t\u00fcrl\u00fc insan\u0131n hayat\u0131yla birle\u015ftiriyor. Okurken, her bir karakterini daha \u00f6nceden de tan\u0131d\u0131\u011f\u0131n\u0131z\u0131 fark edece\u011finiz bu Anadolu panoramas\u0131n\u0131 Fark Yay\u0131nlar\u0131 olarak sizlerle payla\u015fmaktan b\u00fcy\u00fck mutluluk duyuyoruz. <\/p>\n","protected":false},"excerpt":{"rendered":"<p>\u201cHasta olal\u0131dan beri Hasan Bey\u2019e g\u00f6sterdi\u011fi sevgi ve dostluk, Aya\u015fl\u0131y\u0131 bana sevdirdi. Eskiden de onu sevmezdim, desem yalan olur. Aya\u015fl\u0131 haydut adamd\u0131r, sert adamd\u0131r, zor zamanda<span class=\"excerpt-hellip\"> [\u2026]<\/span><\/p>\n","protected":false},"featured_media":0,"template":"","meta":{"_monsterinsights_skip_tracking":false,"_monsterinsights_sitenote_active":false,"_monsterinsights_sitenote_note":"","_monsterinsights_sitenote_category":0},"product_brand":[],"product_cat":[12291,12711],"product_tag":[],"class_list":{"0":"post-747521","1":"product","2":"type-product","3":"status-publish","5":"product_cat-edebiyat","6":"product_cat-roman-oyku","7":"pa_cilt-ciltsiz","8":"pa_tur-kitap","9":"pa_yayinevi-fark-yayinlari","10":"pa_yazar-memduh-sevket-esendal","12":"first","13":"instock","14":"sale","15":"shipping-taxable","16":"purchasable","17":"product-type-simple"},"_links":{"self":[{"href":"https:\/\/roveyayinevi.com.tr\/index.php\/wp-json\/wp\/v2\/product\/747521","targetHints":{"allow":["GET"]}}],"collection":[{"href":"https:\/\/roveyayinevi.com.tr\/index.php\/wp-json\/wp\/v2\/product"}],"about":[{"href":"https:\/\/roveyayinevi.com.tr\/index.php\/wp-json\/wp\/v2\/types\/product"}],"wp:attachment":[{"href":"https:\/\/roveyayinevi.com.tr\/index.php\/wp-json\/wp\/v2\/media?parent=747521"}],"wp:term":[{"taxonomy":"product_brand","embeddable":true,"href":"https:\/\/roveyayinevi.com.tr\/index.php\/wp-json\/wp\/v2\/product_brand?post=747521"},{"taxonomy":"product_cat","embeddable":true,"href":"https:\/\/roveyayinevi.com.tr\/index.php\/wp-json\/wp\/v2\/product_cat?post=747521"},{"taxonomy":"product_tag","embeddable":true,"href":"https:\/\/roveyayinevi.com.tr\/index.php\/wp-json\/wp\/v2\/product_tag?post=747521"}],"curies":[{"name":"wp","href":"https:\/\/api.w.org\/{rel}","templated":true}]}}