{"id":747519,"date":"2025-08-28T03:08:22","date_gmt":"2025-08-28T00:08:22","guid":{"rendered":"https:\/\/roveyayinevi.com.tr\/index.php\/urun\/dilbeste\/"},"modified":"2026-04-08T03:07:21","modified_gmt":"2026-04-08T00:07:21","slug":"dilbeste","status":"publish","type":"product","link":"https:\/\/roveyayinevi.com.tr\/index.php\/urun\/dilbeste\/","title":{"rendered":"Dilbeste"},"content":{"rendered":"<p>Dilbeste Yenerli&#8230; Nam\u0131di\u011fer Beste Saimo\u011flu&#8230;O, ne muhte\u015fem bir balo gecesi ayakkab\u0131s\u0131n\u0131 kaybeden bir sindirella, ne de k\u00f6t\u00fc kalpli bir cad\u0131n\u0131n zehirledi\u011fi pamuk prensesti. Yine de sayd\u0131\u011f\u0131m\u0131z bu masal kahramanlar\u0131yla ortak bir noktas\u0131 da yok de\u011fildi. Kurtar\u0131c\u0131 bir prensin \u00e7\u0131kagelmi\u015f olmas\u0131!Kerem Saimo\u011flu tam Beste\u2019nin arzulad\u0131\u011f\u0131 t\u00fcrde bir e\u015f aday\u0131yd\u0131. Zengin, pop\u00fcler, hem de fazlas\u0131yla yak\u0131\u015f\u0131kl\u0131 bir adamd\u0131. K\u0131sacas\u0131 evlili\u011fi d\u00fc\u015f\u00fcnen her gen\u00e7 k\u0131z i\u00e7in iyi bir k\u0131smetti. Beste de bu k\u0131smeti ka\u00e7\u0131rmayarak, yak\u0131\u015f\u0131kl\u0131 prensimizin prensesi olmay\u0131 ba\u015fard\u0131. Fakat d\u00fc\u011f\u00fcn\u00fcn ertesi sabah\u0131 prensi taraf\u0131ndan terk edilen ilk prenses olaca\u011f\u0131n\u0131 hi\u00e7 hesap edememi\u015fti!Hem de sadece bir not arac\u0131l\u0131\u011f\u0131yla: &#8220;Beste, D\u00fcn gece i\u00e7in te\u015fekk\u00fcr ederim. Harika vakit ge\u00e7irdim ama ayn\u0131 zamanda evli olman\u0131n bana g\u00f6re olmad\u0131\u011f\u0131n\u0131 da anlam\u0131\u015f bulundum. \u00dczg\u00fcn\u00fcm&#8230; Bundan sonras\u0131nda avukat\u0131mla g\u00f6r\u00fc\u015febilirsin. Sessiz bir \u015fekilde bo\u015fanal\u0131m. &#8211; Kerem&#8221;<\/p>\n","protected":false},"excerpt":{"rendered":"<p>Dilbeste Yenerli&#8230; Nam\u0131di\u011fer Beste Saimo\u011flu&#8230;O, ne muhte\u015fem bir balo gecesi ayakkab\u0131s\u0131n\u0131 kaybeden bir sindirella, ne de k\u00f6t\u00fc kalpli bir cad\u0131n\u0131n zehirledi\u011fi pamuk prensesti. Yine de sayd\u0131\u011f\u0131m\u0131z<span class=\"excerpt-hellip\"> [\u2026]<\/span><\/p>\n","protected":false},"featured_media":0,"template":"","meta":{"_monsterinsights_skip_tracking":false,"_monsterinsights_sitenote_active":false,"_monsterinsights_sitenote_note":"","_monsterinsights_sitenote_category":0},"product_brand":[],"product_cat":[12291,12711],"product_tag":[],"class_list":{"0":"post-747519","1":"product","2":"type-product","3":"status-publish","5":"product_cat-edebiyat","6":"product_cat-roman-oyku","7":"pa_cilt-ciltsiz","8":"pa_tur-kitap","9":"pa_yayinevi-parola-yayinlari","10":"pa_yazar-aslihan-akagoz","12":"first","13":"instock","14":"sale","15":"shipping-taxable","16":"purchasable","17":"product-type-simple"},"_links":{"self":[{"href":"https:\/\/roveyayinevi.com.tr\/index.php\/wp-json\/wp\/v2\/product\/747519","targetHints":{"allow":["GET"]}}],"collection":[{"href":"https:\/\/roveyayinevi.com.tr\/index.php\/wp-json\/wp\/v2\/product"}],"about":[{"href":"https:\/\/roveyayinevi.com.tr\/index.php\/wp-json\/wp\/v2\/types\/product"}],"wp:attachment":[{"href":"https:\/\/roveyayinevi.com.tr\/index.php\/wp-json\/wp\/v2\/media?parent=747519"}],"wp:term":[{"taxonomy":"product_brand","embeddable":true,"href":"https:\/\/roveyayinevi.com.tr\/index.php\/wp-json\/wp\/v2\/product_brand?post=747519"},{"taxonomy":"product_cat","embeddable":true,"href":"https:\/\/roveyayinevi.com.tr\/index.php\/wp-json\/wp\/v2\/product_cat?post=747519"},{"taxonomy":"product_tag","embeddable":true,"href":"https:\/\/roveyayinevi.com.tr\/index.php\/wp-json\/wp\/v2\/product_tag?post=747519"}],"curies":[{"name":"wp","href":"https:\/\/api.w.org\/{rel}","templated":true}]}}