{"id":747518,"date":"2025-08-28T03:08:20","date_gmt":"2025-08-28T00:08:20","guid":{"rendered":"https:\/\/roveyayinevi.com.tr\/index.php\/urun\/karanlik-okyanus-serdengecti\/"},"modified":"2026-04-16T03:00:22","modified_gmt":"2026-04-16T00:00:22","slug":"karanlik-okyanus-serdengecti","status":"publish","type":"product","link":"https:\/\/roveyayinevi.com.tr\/index.php\/urun\/karanlik-okyanus-serdengecti\/","title":{"rendered":"Karanl\u0131k Okyanus &#8211; Serdenge\u00e7ti"},"content":{"rendered":"<p>\u0130llegal bir d\u00fcnyan\u0131n i\u00e7ine do\u011fan Hazel Sara\u00e7, k\u00fc\u00e7\u00fck ya\u015flardan itibaren ger\u00e7ekle\u015ftirdi\u011fi kusursuz operasyonlarla devletin tam kar\u015f\u0131s\u0131nda durarak yaln\u0131zca T\u00fcrk istihbarat\u0131n\u0131n de\u011fil, d\u00fcnya \u00e7ap\u0131nda bir\u00e7ok istihbarat kurumunun takip listelerinin ilk s\u0131ralar\u0131nda yer ald\u0131. \u0130stemedi\u011fi kadar yasa d\u0131\u015f\u0131 i\u015flere kar\u0131\u015f\u0131rken, ka\u00e7t\u0131k\u00e7a sonu gelmeyen bir batakl\u0131\u011f\u0131n araf\u0131nda karanl\u0131\u011fa kap\u0131ld\u0131.Y\u0131llar sonra kap\u0131ld\u0131\u011f\u0131 karanl\u0131k onu yutmak yerine yeni bir \u0131\u015f\u0131k yakt\u0131\u011f\u0131nda art\u0131k kar\u015f\u0131s\u0131nda yakacak, y\u0131kacak, yok edecek tehlikeli bir sevda vard\u0131\u2026O, avucuna ald\u0131\u011f\u0131 kurbanlar\u0131n\u0131 ac\u0131madan \u00f6ld\u00fcren devletin en karanl\u0131k yan\u0131, ald\u0131\u011f\u0131 her cana kar\u015f\u0131l\u0131k yeni bir hayat veren bir doktor. O, Kamer G\u00fcney Soyk\u0131ran.\u201cG\u00f6zlerindeki masumlu\u011fa \u00f6ylesine kand\u0131m ki arkas\u0131na saklad\u0131\u011f\u0131n ac\u0131mas\u0131z kad\u0131n\u0131n varl\u0131\u011f\u0131n\u0131 g\u00f6remedim, iz b\u0131rakan.\u201dT\u00fcrk istihbarat\u0131n\u0131n y\u0131llard\u0131r pe\u015finde oldu\u011fu az\u0131l\u0131 bir su\u00e7 \u00f6rg\u00fct\u00fc, d\u00f6rd\u00fcnc\u00fc s\u0131n\u0131f t\u0131p \u00f6\u011frencisi gen\u00e7 bir k\u0131z taraf\u0131ndan yava\u015f yava\u015f avu\u00e7 i\u00e7ine al\u0131n\u0131rken; bu tehlikeli oyunun sonunda verilen kay\u0131plar her iki taraf i\u00e7in de b\u00fcy\u00fck sorunlar yaratacakt\u0131.Ve\u2026Oyun ba\u015flad\u0131\u2026<\/p>\n","protected":false},"excerpt":{"rendered":"<p>\u0130llegal bir d\u00fcnyan\u0131n i\u00e7ine do\u011fan Hazel Sara\u00e7, k\u00fc\u00e7\u00fck ya\u015flardan itibaren ger\u00e7ekle\u015ftirdi\u011fi kusursuz operasyonlarla devletin tam kar\u015f\u0131s\u0131nda durarak yaln\u0131zca T\u00fcrk istihbarat\u0131n\u0131n de\u011fil, d\u00fcnya \u00e7ap\u0131nda bir\u00e7ok istihbarat kurumunun<span class=\"excerpt-hellip\"> [\u2026]<\/span><\/p>\n","protected":false},"featured_media":0,"template":"","meta":{"_monsterinsights_skip_tracking":false,"_monsterinsights_sitenote_active":false,"_monsterinsights_sitenote_note":"","_monsterinsights_sitenote_category":0},"product_brand":[],"product_cat":[12291,12711],"product_tag":[],"class_list":{"0":"post-747518","1":"product","2":"type-product","3":"status-publish","5":"product_cat-edebiyat","6":"product_cat-roman-oyku","7":"pa_cilt-ciltsiz","8":"pa_tur-kitap","9":"pa_yayinevi-parola-yayinlari","10":"pa_yazar-asi-mavera","12":"first","13":"instock","14":"sale","15":"shipping-taxable","16":"purchasable","17":"product-type-simple"},"_links":{"self":[{"href":"https:\/\/roveyayinevi.com.tr\/index.php\/wp-json\/wp\/v2\/product\/747518","targetHints":{"allow":["GET"]}}],"collection":[{"href":"https:\/\/roveyayinevi.com.tr\/index.php\/wp-json\/wp\/v2\/product"}],"about":[{"href":"https:\/\/roveyayinevi.com.tr\/index.php\/wp-json\/wp\/v2\/types\/product"}],"wp:attachment":[{"href":"https:\/\/roveyayinevi.com.tr\/index.php\/wp-json\/wp\/v2\/media?parent=747518"}],"wp:term":[{"taxonomy":"product_brand","embeddable":true,"href":"https:\/\/roveyayinevi.com.tr\/index.php\/wp-json\/wp\/v2\/product_brand?post=747518"},{"taxonomy":"product_cat","embeddable":true,"href":"https:\/\/roveyayinevi.com.tr\/index.php\/wp-json\/wp\/v2\/product_cat?post=747518"},{"taxonomy":"product_tag","embeddable":true,"href":"https:\/\/roveyayinevi.com.tr\/index.php\/wp-json\/wp\/v2\/product_tag?post=747518"}],"curies":[{"name":"wp","href":"https:\/\/api.w.org\/{rel}","templated":true}]}}