{"id":747517,"date":"2025-08-28T03:08:18","date_gmt":"2025-08-28T00:08:18","guid":{"rendered":"https:\/\/roveyayinevi.com.tr\/index.php\/urun\/efsunkar\/"},"modified":"2026-04-13T03:06:03","modified_gmt":"2026-04-13T00:06:03","slug":"efsunkar","status":"publish","type":"product","link":"https:\/\/roveyayinevi.com.tr\/index.php\/urun\/efsunkar\/","title":{"rendered":"Efsunkar"},"content":{"rendered":"<p>K\u00fcllerinden do\u011fan bir a\u015fk\u0131n hikayesi\u2026Bir efsundu kad\u0131n. Mor menek\u015fe rengi g\u00f6zlerdeki \u0131\u015f\u0131lt\u0131ya kand\u0131 adam. Daha \u00e7ok k\u00fc\u00e7\u00fckt\u00fc sevda tohumu g\u00f6nl\u00fcne d\u00fc\u015ft\u00fc\u011f\u00fcnde. Sekiz ya\u015f\u0131ndayd\u0131 be\u015f ya\u015f\u0131n ya\u015f\u0131ndaki k\u0131z\u0131n elinden tutarak, babas\u0131na g\u00f6t\u00fcrd\u00fc\u011f\u00fcnde.\u201cBiz evlenece\u011fiz!\u201d demi\u015fti t\u00fcm ciddiyetiyle. O zaman b\u00fcy\u00fckleri g\u00fclm\u00fc\u015ft\u00fc ama kader daha o g\u00fcn \u00f6rm\u00fc\u015ft\u00fc a\u011flar\u0131n\u0131. K\u00fc\u00e7\u00fck \u00e7ocuk b\u00fcy\u00fcy\u00fcp, k\u0131za a\u015fk\u0131n\u0131 ilan etti\u011finde ilk hayal k\u0131r\u0131kl\u0131\u011f\u0131n\u0131 ya\u015fam\u0131\u015f, \u201ca\u011fabey\u201d diyerek a\u015fk\u0131n\u0131 kalbinin k\u00f6\u015fesine s\u00fcp\u00fcren k\u0131za \u00e7ok k\u0131r\u0131lm\u0131\u015ft\u0131.Y\u0131llar sonra \u00f6len ni\u015fanl\u0131s\u0131n\u0131n yas\u0131n\u0131 tutan k\u0131z ile evlenmesi gerekti\u011fini \u00f6\u011frendi\u011finde, a\u015fk\u0131 onunla alay eder gibi sakland\u0131\u011f\u0131 yerden \u00e7\u0131karak t\u00fcm kalbine h\u00fckmetmi\u015fti.A\u015fk k\u00fcllerinden do\u011fmu\u015ftu.<\/p>\n","protected":false},"excerpt":{"rendered":"<p>K\u00fcllerinden do\u011fan bir a\u015fk\u0131n hikayesi\u2026Bir efsundu kad\u0131n. Mor menek\u015fe rengi g\u00f6zlerdeki \u0131\u015f\u0131lt\u0131ya kand\u0131 adam. Daha \u00e7ok k\u00fc\u00e7\u00fckt\u00fc sevda tohumu g\u00f6nl\u00fcne d\u00fc\u015ft\u00fc\u011f\u00fcnde. Sekiz ya\u015f\u0131ndayd\u0131 be\u015f ya\u015f\u0131n ya\u015f\u0131ndaki<span class=\"excerpt-hellip\"> [\u2026]<\/span><\/p>\n","protected":false},"featured_media":0,"template":"","meta":{"_monsterinsights_skip_tracking":false,"_monsterinsights_sitenote_active":false,"_monsterinsights_sitenote_note":"","_monsterinsights_sitenote_category":0},"product_brand":[],"product_cat":[12291,12711],"product_tag":[],"class_list":{"0":"post-747517","1":"product","2":"type-product","3":"status-publish","5":"product_cat-edebiyat","6":"product_cat-roman-oyku","7":"pa_cilt-ciltsiz","8":"pa_tur-kitap","9":"pa_yayinevi-parola-yayinlari","10":"pa_yazar-arzu-khayal","12":"first","13":"instock","14":"sale","15":"shipping-taxable","16":"purchasable","17":"product-type-simple"},"_links":{"self":[{"href":"https:\/\/roveyayinevi.com.tr\/index.php\/wp-json\/wp\/v2\/product\/747517","targetHints":{"allow":["GET"]}}],"collection":[{"href":"https:\/\/roveyayinevi.com.tr\/index.php\/wp-json\/wp\/v2\/product"}],"about":[{"href":"https:\/\/roveyayinevi.com.tr\/index.php\/wp-json\/wp\/v2\/types\/product"}],"wp:attachment":[{"href":"https:\/\/roveyayinevi.com.tr\/index.php\/wp-json\/wp\/v2\/media?parent=747517"}],"wp:term":[{"taxonomy":"product_brand","embeddable":true,"href":"https:\/\/roveyayinevi.com.tr\/index.php\/wp-json\/wp\/v2\/product_brand?post=747517"},{"taxonomy":"product_cat","embeddable":true,"href":"https:\/\/roveyayinevi.com.tr\/index.php\/wp-json\/wp\/v2\/product_cat?post=747517"},{"taxonomy":"product_tag","embeddable":true,"href":"https:\/\/roveyayinevi.com.tr\/index.php\/wp-json\/wp\/v2\/product_tag?post=747517"}],"curies":[{"name":"wp","href":"https:\/\/api.w.org\/{rel}","templated":true}]}}