{"id":747514,"date":"2025-08-28T03:08:12","date_gmt":"2025-08-28T00:08:12","guid":{"rendered":"https:\/\/roveyayinevi.com.tr\/index.php\/urun\/nietzche-dusunurler\/"},"modified":"2026-04-16T03:00:22","modified_gmt":"2026-04-16T00:00:22","slug":"nietzche-dusunurler","status":"publish","type":"product","link":"https:\/\/roveyayinevi.com.tr\/index.php\/urun\/nietzche-dusunurler\/","title":{"rendered":"Nietzche -D\u00fc\u015f\u00fcn\u00fcrler"},"content":{"rendered":"<p>Ahl\u00e2k ve de\u011ferler sisteminin kurulu\u015funa y\u00f6nelik bir temel \u00e7er\u00e7evesinde \u00e7a\u011f\u0131n\u0131n k\u00fclt\u00fcr, din ve felsefe g\u00f6r\u00fc\u015flerini ele\u015ftiren nihilist Alman d\u00fc\u015f\u00fcn\u00fcr, filolog. Nietzsche problemlidir. Ailesiyle ge\u00e7inemiyordu, sevdi\u011fi kad\u0131n onu reddetmi\u015fti, kitaplar\u0131 satmad\u0131. Ve sadece 44 ya\u015f\u0131ndayken zihnen \u00e7\u00f6k\u00fc\u015f ya\u015fam\u0131\u015ft\u0131r. Kundera\u2019n\u0131n bahsetti\u011fi ata sar\u0131larak \u201cSeni anl\u0131yorum\u201d diye hayk\u0131ran Nietzsche orada yere y\u0131\u011f\u0131l\u0131p kalm\u0131\u015f, \u00fcz\u00fcc\u00fc ge\u00e7en 11 y\u0131l sonra da \u00f6lm\u00fc\u015ft\u00fcr. Onun felsefesi, kendi deyi\u015fiyle, \u201d\u00fcst insanlar\u201d, hayat onlara ne verirse versin, i\u00e7lerinde bulunduklar\u0131 durumlar\u0131n ve zorluklar\u0131n bir \u015fekilde \u00fcstesinden gelirler. \u00c7a\u011f\u0131na kar\u015f\u0131 \u00e7\u0131k\u0131\u015f Nietzsche felsefesinin ana \u00e7izgisidir. \u00c7a\u011f\u0131ndaki entelekt\u00fcalizme, felsefe sistemlerine, tarih ak\u0131mlar\u0131na, \u00e7a\u011f\u0131nda egemen olan tarih anlay\u0131\u015f\u0131na ve b\u00fct\u00fcn de\u011ferlere kar\u015f\u0131 \u00e7\u0131km\u0131\u015ft\u0131r. Ona g\u00f6re, s\u0131rf do\u011fruluk diye bir \u015fey yoktur. Evrende yaln\u0131zca de\u011fi\u015fme vard\u0131r. Ak\u0131p giden, durmadan de\u011fi\u015fen bir geli\u015fme vard\u0131r. Bu de\u011fi\u015fmeyi s\u00fcrd\u00fcren de hayat\u0131n kendisidir. \u00d6yleyse ya\u015famak, her \u015feyin \u00fcst\u00fcndedir.Nietzsche&#8217;ye g\u00f6re, tarihin g\u00fcc\u00fcne kar\u015f\u0131 gelen, ba\u015fkald\u0131ran kimse erdemli insand\u0131r. \u0130nsanl\u0131\u011f\u0131n amac\u0131, g\u00fcc\u00fcn\u00fcn sonuna varmak de\u011fil, daha y\u00fckseklere eri\u015fmek olmal\u0131d\u0131r. Bunun i\u00e7in de her \u015feyden \u00f6nce ya\u015famay\u0131 \u00f6\u011frenmeli ve tarihi de ya\u015faman\u0131n hizmetinde kullanmal\u0131d\u0131r. Friedrich Nietzsche, kitaplar\u0131n\u0131n bize &#8216;ger\u00e7ekte oldu\u011fumuz ki\u015fi olmay\u0131&#8217; \u00f6\u011fretmesini istiyordu.<\/p>\n","protected":false},"excerpt":{"rendered":"<p>Ahl\u00e2k ve de\u011ferler sisteminin kurulu\u015funa y\u00f6nelik bir temel \u00e7er\u00e7evesinde \u00e7a\u011f\u0131n\u0131n k\u00fclt\u00fcr, din ve felsefe g\u00f6r\u00fc\u015flerini ele\u015ftiren nihilist Alman d\u00fc\u015f\u00fcn\u00fcr, filolog. Nietzsche problemlidir. Ailesiyle ge\u00e7inemiyordu, sevdi\u011fi kad\u0131n<span class=\"excerpt-hellip\"> [\u2026]<\/span><\/p>\n","protected":false},"featured_media":0,"template":"","meta":{"_monsterinsights_skip_tracking":false,"_monsterinsights_sitenote_active":false,"_monsterinsights_sitenote_note":"","_monsterinsights_sitenote_category":0},"product_brand":[],"product_cat":[14009,12291],"product_tag":[],"class_list":{"0":"post-747514","1":"product","2":"type-product","3":"status-publish","5":"product_cat-biyografi-otobiyografi-edebiyat","6":"product_cat-edebiyat","7":"pa_cilt-ciltsiz","8":"pa_tur-kitap","9":"pa_yayinevi-parola-yayinlari","10":"pa_yazar-ahmet-uzumcuoglu","12":"first","13":"instock","14":"sale","15":"shipping-taxable","16":"purchasable","17":"product-type-simple"},"_links":{"self":[{"href":"https:\/\/roveyayinevi.com.tr\/index.php\/wp-json\/wp\/v2\/product\/747514","targetHints":{"allow":["GET"]}}],"collection":[{"href":"https:\/\/roveyayinevi.com.tr\/index.php\/wp-json\/wp\/v2\/product"}],"about":[{"href":"https:\/\/roveyayinevi.com.tr\/index.php\/wp-json\/wp\/v2\/types\/product"}],"wp:attachment":[{"href":"https:\/\/roveyayinevi.com.tr\/index.php\/wp-json\/wp\/v2\/media?parent=747514"}],"wp:term":[{"taxonomy":"product_brand","embeddable":true,"href":"https:\/\/roveyayinevi.com.tr\/index.php\/wp-json\/wp\/v2\/product_brand?post=747514"},{"taxonomy":"product_cat","embeddable":true,"href":"https:\/\/roveyayinevi.com.tr\/index.php\/wp-json\/wp\/v2\/product_cat?post=747514"},{"taxonomy":"product_tag","embeddable":true,"href":"https:\/\/roveyayinevi.com.tr\/index.php\/wp-json\/wp\/v2\/product_tag?post=747514"}],"curies":[{"name":"wp","href":"https:\/\/api.w.org\/{rel}","templated":true}]}}