{"id":747510,"date":"2025-08-28T03:08:05","date_gmt":"2025-08-28T00:08:05","guid":{"rendered":"https:\/\/roveyayinevi.com.tr\/index.php\/urun\/freud-dusunurler\/"},"modified":"2026-04-16T03:00:22","modified_gmt":"2026-04-16T00:00:22","slug":"freud-dusunurler","status":"publish","type":"product","link":"https:\/\/roveyayinevi.com.tr\/index.php\/urun\/freud-dusunurler\/","title":{"rendered":"Freud -D\u00fc\u015f\u00fcn\u00fcrler"},"content":{"rendered":"<p>Freud, kurucusu oldu\u011fu psikanaliz ekol\u00fc ve kaleme ald\u0131\u011f\u0131 temel eserleriyle, \u00e7a\u011fda\u015f d\u00fc\u015f\u00fcnceyi derinden etkilemi\u015f bir bilim adam\u0131 ve psikiyatrd\u0131r. Ayr\u0131ca n\u00f6rolog,  psikanalizci, filozof ve yazard\u0131r. \u00d6zellikle kabile toplumlar\u0131ndan g\u00fcn\u00fcm\u00fcze kadar geli\u015fen aile i\u00e7i ili\u015fkileri, sosyal hayattaki tabu kavramlar\u0131n\u0131 psikoloji terminolojisine kazand\u0131rm\u0131\u015ft\u0131r. \u00d6yle ki; belki de psikanalize en ihtiya\u00e7 duyan ki\u015filerden biri Freud\u2019du. Bir\u00e7ok korkusu, nevrozu, hastal\u0131\u011f\u0131 vard\u0131. \u00d6zellikle de elinden bir t\u00fcrl\u00fc d\u00fc\u015f\u00fcrmedi\u011fi, neticede onu kanser eden puro ba\u011f\u0131ml\u0131s\u0131yd\u0131. Freud&#8217;un farkl\u0131 bir hayat\u0131 vard\u0131. Ancak kendisinin anlayabilece\u011fi garip d\u00fc\u015f\u00fcnce yap\u0131s\u0131na sahipti. Freud d\u00f6rt temel fikir \u00fczerinde durmu\u015ftur; Bunlar bilin\u00e7alt\u0131, r\u00fcyalar, psikanaliz ve cinselliktir. Freud, ki\u015fili\u011fi id, ego ve s\u00fcper ego\u2019dan olu\u015fan ve birbiriyle etkilenme halinde olan bir sistem olarak g\u00f6rm\u00fc\u015ft\u00fcr. Freud, din \u00fczerinde durmu\u015ftur. Bununla beraber ilmi \u00f6ne \u00e7\u0131karm\u0131\u015ft\u0131r. \u0130nsan\u0131n yan\u0131lsamas\u0131z ya\u015fayabilece\u011fi \u00fctopik g\u00fcn\u00fcn hemen ger\u00e7ekle\u015fmeyece\u011fini de kabul eder ve yan\u0131lsamalar\u0131n \u00fczerinde durmak gerekti\u011fini s\u00f6yler: \u201cBizim bilimimiz yan\u0131lsama de\u011fildir. Aksine yan\u0131lsama, ilmin bize veremeyece\u011fini bizim ba\u015fka yerden elde edebilece\u011fimizi zannetmemizdir.\u201d B\u00fct\u00fcn bunlar Freud\u2019un ana konular\u0131d\u0131r.<\/p>\n","protected":false},"excerpt":{"rendered":"<p>Freud, kurucusu oldu\u011fu psikanaliz ekol\u00fc ve kaleme ald\u0131\u011f\u0131 temel eserleriyle, \u00e7a\u011fda\u015f d\u00fc\u015f\u00fcnceyi derinden etkilemi\u015f bir bilim adam\u0131 ve psikiyatrd\u0131r. Ayr\u0131ca n\u00f6rolog, psikanalizci, filozof ve yazard\u0131r. \u00d6zellikle<span class=\"excerpt-hellip\"> [\u2026]<\/span><\/p>\n","protected":false},"featured_media":0,"template":"","meta":{"_monsterinsights_skip_tracking":false,"_monsterinsights_sitenote_active":false,"_monsterinsights_sitenote_note":"","_monsterinsights_sitenote_category":0},"product_brand":[],"product_cat":[14009,12291],"product_tag":[],"class_list":{"0":"post-747510","1":"product","2":"type-product","3":"status-publish","5":"product_cat-biyografi-otobiyografi-edebiyat","6":"product_cat-edebiyat","7":"pa_cilt-ciltsiz","8":"pa_tur-kitap","9":"pa_yayinevi-parola-yayinlari","10":"pa_yazar-ahmet-uzumcuoglu","12":"first","13":"instock","14":"sale","15":"shipping-taxable","16":"purchasable","17":"product-type-simple"},"_links":{"self":[{"href":"https:\/\/roveyayinevi.com.tr\/index.php\/wp-json\/wp\/v2\/product\/747510","targetHints":{"allow":["GET"]}}],"collection":[{"href":"https:\/\/roveyayinevi.com.tr\/index.php\/wp-json\/wp\/v2\/product"}],"about":[{"href":"https:\/\/roveyayinevi.com.tr\/index.php\/wp-json\/wp\/v2\/types\/product"}],"wp:attachment":[{"href":"https:\/\/roveyayinevi.com.tr\/index.php\/wp-json\/wp\/v2\/media?parent=747510"}],"wp:term":[{"taxonomy":"product_brand","embeddable":true,"href":"https:\/\/roveyayinevi.com.tr\/index.php\/wp-json\/wp\/v2\/product_brand?post=747510"},{"taxonomy":"product_cat","embeddable":true,"href":"https:\/\/roveyayinevi.com.tr\/index.php\/wp-json\/wp\/v2\/product_cat?post=747510"},{"taxonomy":"product_tag","embeddable":true,"href":"https:\/\/roveyayinevi.com.tr\/index.php\/wp-json\/wp\/v2\/product_tag?post=747510"}],"curies":[{"name":"wp","href":"https:\/\/api.w.org\/{rel}","templated":true}]}}