{"id":747509,"date":"2025-08-28T03:08:03","date_gmt":"2025-08-28T00:08:03","guid":{"rendered":"https:\/\/roveyayinevi.com.tr\/index.php\/urun\/ibn-haldun-dusunurler\/"},"modified":"2026-04-16T03:00:22","modified_gmt":"2026-04-16T00:00:22","slug":"ibn-haldun-dusunurler","status":"publish","type":"product","link":"https:\/\/roveyayinevi.com.tr\/index.php\/urun\/ibn-haldun-dusunurler\/","title":{"rendered":"\u0130bn Haldun &#8211; D\u00fc\u015f\u00fcn\u00fcrler"},"content":{"rendered":"<p>\u0130bn Haldun, \u0130sl\u00e2m d\u00fc\u015f\u00fcnce hayat\u0131n\u0131n belli ba\u015fl\u0131 isimlerindendir.Fikir olarak kimseye ba\u011fl\u0131 kalmam\u0131\u015f ve kendisinin de iddia etti\u011fi gibi, \u201corijinal\u201d olmas\u0131 i\u00e7in tenkid\u00ee eserler ortaya koymu\u015ftur.\u0130bn Haldun\u2019un ya\u015fad\u0131\u011f\u0131 d\u00f6nemi, bug\u00fcnle k\u0131yaslayarak eserini de\u011ferlendirmemek gerekir.\u0130bn Haldun ilim i\u00e7in, End\u00fcl\u00fcs\u2019ten \u00e7\u0131karak, Fas\u2019a, Tunus\u2019a ve M\u0131s\u0131r\u2019a gitmi\u015ftir.\u0130bn Haldun\u2019un dikkat \u00e7eken bir hususu, \u0130sl\u00e2m d\u0131\u015f\u0131 kaynaklardan ula\u015fabildiklerini kullanmas\u0131d\u0131r. Zaman\u0131n\u0131n b\u00fct\u00fcn ilm\u00ee geli\u015fmelerinden haberdar oldu\u011fu g\u00f6r\u00fclmektedir.\u0130bn Haldun bir tarih felsefecisi ve sosyal tarih\u00e7idir. \u00dcmran ilmi ad\u0131n\u0131 verdi\u011fi ilimle tarih\u00ee olgular\u0131 \u00e7e\u015fitli sebeplerin birbirine etkisiyle a\u00e7\u0131klamaya \u00e7al\u0131\u015fm\u0131\u015ft\u0131r.Mukaddime\u2019de devletlerin y\u00fckselmesi ve bozulmas\u0131n\u0131n sebeplerini ampirik verilere dayal\u0131 bir tarih anlay\u0131\u015f\u0131 ile \u00e7\u00f6z\u00fcmlemeyi denemi\u015ftir. Onun \u00e7\u00f6z\u00fcmlemelerinde kulland\u0131\u011f\u0131 temel kavramlar; \u201casabiyet\u201d, \u201c\u00fcmran\u201d, \u201cbedev\u00eelik\u201d, \u201chadar\u00eelik\u201d tir. \u0130bn Haldun sosyal \u00e7\u00f6z\u00fcmlemelerinde basit ve sade hayat\u0131 savunmu\u015ftur. J. J. Rousseau\u2019nun toplum ya\u015fam\u0131n\u0131n insan\u0131n iyi olan do\u011fas\u0131n\u0131 bozdu\u011fu d\u00fc\u015f\u00fcncesi gibi \u0130bn Haldun da \u015fehir hayat\u0131na kar\u015f\u0131 bedev\u00ee hayat\u0131 \u00f6ne \u00e7\u0131karm\u0131\u015ft\u0131r. \u0130bn Haldun devlet y\u00f6netimi tezleriyle de dikkati \u00e7ekmi\u015ftir.<\/p>\n","protected":false},"excerpt":{"rendered":"<p>\u0130bn Haldun, \u0130sl\u00e2m d\u00fc\u015f\u00fcnce hayat\u0131n\u0131n belli ba\u015fl\u0131 isimlerindendir.Fikir olarak kimseye ba\u011fl\u0131 kalmam\u0131\u015f ve kendisinin de iddia etti\u011fi gibi, \u201corijinal\u201d olmas\u0131 i\u00e7in tenkid\u00ee eserler ortaya koymu\u015ftur.\u0130bn Haldun\u2019un<span class=\"excerpt-hellip\"> [\u2026]<\/span><\/p>\n","protected":false},"featured_media":0,"template":"","meta":{"_monsterinsights_skip_tracking":false,"_monsterinsights_sitenote_active":false,"_monsterinsights_sitenote_note":"","_monsterinsights_sitenote_category":0},"product_brand":[],"product_cat":[14009,12291],"product_tag":[],"class_list":{"0":"post-747509","1":"product","2":"type-product","3":"status-publish","5":"product_cat-biyografi-otobiyografi-edebiyat","6":"product_cat-edebiyat","7":"pa_cilt-ciltsiz","8":"pa_tur-kitap","9":"pa_yayinevi-parola-yayinlari","10":"pa_yazar-ahmet-uzumcuoglu","12":"first","13":"instock","14":"sale","15":"shipping-taxable","16":"purchasable","17":"product-type-simple"},"_links":{"self":[{"href":"https:\/\/roveyayinevi.com.tr\/index.php\/wp-json\/wp\/v2\/product\/747509","targetHints":{"allow":["GET"]}}],"collection":[{"href":"https:\/\/roveyayinevi.com.tr\/index.php\/wp-json\/wp\/v2\/product"}],"about":[{"href":"https:\/\/roveyayinevi.com.tr\/index.php\/wp-json\/wp\/v2\/types\/product"}],"wp:attachment":[{"href":"https:\/\/roveyayinevi.com.tr\/index.php\/wp-json\/wp\/v2\/media?parent=747509"}],"wp:term":[{"taxonomy":"product_brand","embeddable":true,"href":"https:\/\/roveyayinevi.com.tr\/index.php\/wp-json\/wp\/v2\/product_brand?post=747509"},{"taxonomy":"product_cat","embeddable":true,"href":"https:\/\/roveyayinevi.com.tr\/index.php\/wp-json\/wp\/v2\/product_cat?post=747509"},{"taxonomy":"product_tag","embeddable":true,"href":"https:\/\/roveyayinevi.com.tr\/index.php\/wp-json\/wp\/v2\/product_tag?post=747509"}],"curies":[{"name":"wp","href":"https:\/\/api.w.org\/{rel}","templated":true}]}}