{"id":747508,"date":"2025-08-28T03:08:01","date_gmt":"2025-08-28T00:08:01","guid":{"rendered":"https:\/\/roveyayinevi.com.tr\/index.php\/urun\/platon-dusunurler\/"},"modified":"2026-04-16T03:00:22","modified_gmt":"2026-04-16T00:00:22","slug":"platon-dusunurler","status":"publish","type":"product","link":"https:\/\/roveyayinevi.com.tr\/index.php\/urun\/platon-dusunurler\/","title":{"rendered":"Platon &#8211; D\u00fc\u015f\u00fcn\u00fcrler"},"content":{"rendered":"<p>Platon, \u0130sl\u00e2m kaynaklar\u0131ndaki ad\u0131yla Eflatun, Antik kl\u00e2sik Yunan filozofu, matematik\u00e7i ve Bat\u0131 d\u00fcnyas\u0131ndaki ilk y\u00fcksek \u00f6\u011fretim kurumu olan Atina Akademisi&#8217;nin kurucusudur. Platon Sokrates&#8217;in \u00f6\u011frencisi ve Aristoteles&#8217;in hocas\u0131 olmu\u015ftur. \u0130dealist felsefe, Eflatun ile en doruk noktas\u0131na ula\u015fm\u0131\u015ft\u0131r. Eflatun bir sanat\u00e7\u0131 ve \u00f6zellikle edebiyat\u00e7\u0131 olarak yeti\u015ftirilmi\u015f olmas\u0131ndan b\u00fcy\u00fck \u00f6l\u00e7\u00fcde istifade etmi\u015f, kurgulad\u0131\u011f\u0131 fikri \u00fcr\u00fcnleri, \u00e7ok ustaca, ve \u015fiir gibi anlatm\u0131\u015f ve \u00e7ok etkili olmu\u015ftur. Ara\u015ft\u0131r\u0131c\u0131lar, Eflatun&#8217;dan sonraki b\u00fct\u00fcn Bat\u0131 felsefesini onun eserine d\u00fc\u015f\u00fclm\u00fc\u015f dipnotlar olarak g\u00f6r\u00fcrler. Platon, d\u0131\u015f d\u00fcnyan\u0131n esas ger\u00e7ek olan idealar ya da formlar d\u00fcnyas\u0131n\u0131n kusurlu kopyalar\u0131 oldu\u011funu, ger\u00e7e\u011fe ancak d\u00fc\u015f\u00fcnce ve tahayy\u00fcl yoluyla ula\u015f\u0131labilece\u011fini savunmu\u015f, insan ruhunun \u00f6l\u00fcmden sonra beden d\u0131\u015f\u0131nda kal\u0131c\u0131 olan idealar d\u00fcnyas\u0131na ula\u015faca\u011f\u0131n\u0131 s\u00f6ylemi\u015ftir. G\u00f6r\u00fc\u015fleri orta\u00e7a\u011fda \u0130slam filozoflar\u0131 taraf\u0131ndan korunmu\u015f ve \u0130slam d\u00fc\u015f\u00fcnce d\u00fcnyas\u0131ndaki \u201cYeni Eflatunculuk\u201d ak\u0131m\u0131na yol a\u00e7m\u0131\u015ft\u0131r. R\u00f6nesans sonras\u0131nda Bat\u0131 Avrupa&#8217;da Antik Yunancadan \u00e7evirileri yap\u0131lm\u0131\u015ft\u0131r. Platon&#8217;un felsefesi, \u201cbilgi\u201d, \u201cidealar\u201d, \u201cruhun \u00f6l\u00fcms\u00fczl\u00fc\u011f\u00fc\u201d, \u201ckozmoloji\u201d ve \u201cdevlet\u201d ile ilgili kuramlar\u0131d\u0131r. Sokrates ve Eflatun&#8217;a g\u00f6re felsefenin amac\u0131, insan\u0131n mutlulu\u011fudur. Erdemin temeli \u201cbilgi\u201d, \u00f6z\u00fc \u201cidealar kavram\u0131\u201d, gerek\u00e7esi \u201ckozmoloji\u201d, teminat\u0131 \u201c\u00f6l\u00fcms\u00fczl\u00fck\u201d, hayat s\u0131\u011f\u0131na\u011f\u0131 \u201cdevlet\u201d tir.<\/p>\n","protected":false},"excerpt":{"rendered":"<p>Platon, \u0130sl\u00e2m kaynaklar\u0131ndaki ad\u0131yla Eflatun, Antik kl\u00e2sik Yunan filozofu, matematik\u00e7i ve Bat\u0131 d\u00fcnyas\u0131ndaki ilk y\u00fcksek \u00f6\u011fretim kurumu olan Atina Akademisi&#8217;nin kurucusudur. Platon Sokrates&#8217;in \u00f6\u011frencisi ve Aristoteles&#8217;in<span class=\"excerpt-hellip\"> [\u2026]<\/span><\/p>\n","protected":false},"featured_media":0,"template":"","meta":{"_monsterinsights_skip_tracking":false,"_monsterinsights_sitenote_active":false,"_monsterinsights_sitenote_note":"","_monsterinsights_sitenote_category":0},"product_brand":[],"product_cat":[14009,12291],"product_tag":[],"class_list":{"0":"post-747508","1":"product","2":"type-product","3":"status-publish","5":"product_cat-biyografi-otobiyografi-edebiyat","6":"product_cat-edebiyat","7":"pa_cilt-ciltsiz","8":"pa_tur-kitap","9":"pa_yayinevi-parola-yayinlari","10":"pa_yazar-ahmet-uzumcuoglu","12":"first","13":"instock","14":"sale","15":"shipping-taxable","16":"purchasable","17":"product-type-simple"},"_links":{"self":[{"href":"https:\/\/roveyayinevi.com.tr\/index.php\/wp-json\/wp\/v2\/product\/747508","targetHints":{"allow":["GET"]}}],"collection":[{"href":"https:\/\/roveyayinevi.com.tr\/index.php\/wp-json\/wp\/v2\/product"}],"about":[{"href":"https:\/\/roveyayinevi.com.tr\/index.php\/wp-json\/wp\/v2\/types\/product"}],"wp:attachment":[{"href":"https:\/\/roveyayinevi.com.tr\/index.php\/wp-json\/wp\/v2\/media?parent=747508"}],"wp:term":[{"taxonomy":"product_brand","embeddable":true,"href":"https:\/\/roveyayinevi.com.tr\/index.php\/wp-json\/wp\/v2\/product_brand?post=747508"},{"taxonomy":"product_cat","embeddable":true,"href":"https:\/\/roveyayinevi.com.tr\/index.php\/wp-json\/wp\/v2\/product_cat?post=747508"},{"taxonomy":"product_tag","embeddable":true,"href":"https:\/\/roveyayinevi.com.tr\/index.php\/wp-json\/wp\/v2\/product_tag?post=747508"}],"curies":[{"name":"wp","href":"https:\/\/api.w.org\/{rel}","templated":true}]}}