{"id":747501,"date":"2025-08-28T03:07:49","date_gmt":"2025-08-28T00:07:49","guid":{"rendered":"https:\/\/roveyayinevi.com.tr\/index.php\/urun\/kadin-olmanin-sacmaligi\/"},"modified":"2026-04-16T03:00:22","modified_gmt":"2026-04-16T00:00:22","slug":"kadin-olmanin-sacmaligi","status":"publish","type":"product","link":"https:\/\/roveyayinevi.com.tr\/index.php\/urun\/kadin-olmanin-sacmaligi\/","title":{"rendered":"\u201cKad\u0131n\u201d Olman\u0131n Sa\u00e7mal\u0131\u011f\u0131"},"content":{"rendered":"<p>Hayat\u0131n i\u00e7inden kurgulanan ger\u00e7ekleri, okuyucuyu neredeyse rahats\u0131z edecek derecede anlatan yine de ger\u00e7ekleri kadar rahats\u0131z edici olmayan; her biri farkl\u0131 bir kad\u0131n hik\u00e2yesini konu eden, derleme t\u00fcrlerden olu\u015fan bir kitap&#8230; Ger\u00e7ek\u00fcst\u00fc, kat\u0131 ger\u00e7ek\u00e7i, mistik ve bazen sa\u00e7ma\u2026   Endi\u015feyi, gerilimi, kapana k\u0131s\u0131lm\u0131\u015fl\u0131\u011f\u0131 anlat\u0131rken bazen de g\u00fcl\u00fcmseten yeni ama bir o kadar da tan\u0131d\u0131k gelen, kad\u0131nlar\u0131n sessiz m\u00fccadeleleri\u2026   Sebile ad\u0131ndaki k\u00f6yl\u00fc kad\u0131n, bir sabah kalkar ve hi\u00e7bir i\u015f yapacak h\u00e2lde de\u011fildir.   \u201cK\u00f6y yerinde,\u201d dedi Sebile, \u201cAnneler \u00e7ocuklar\u0131n\u0131 \u00e7ok \u00f6ld\u00fcr\u00fcr.\u201d<\/p>\n","protected":false},"excerpt":{"rendered":"<p>Hayat\u0131n i\u00e7inden kurgulanan ger\u00e7ekleri, okuyucuyu neredeyse rahats\u0131z edecek derecede anlatan yine de ger\u00e7ekleri kadar rahats\u0131z edici olmayan; her biri farkl\u0131 bir kad\u0131n hik\u00e2yesini konu eden, derleme<span class=\"excerpt-hellip\"> [\u2026]<\/span><\/p>\n","protected":false},"featured_media":0,"template":"","meta":{"_monsterinsights_skip_tracking":false,"_monsterinsights_sitenote_active":false,"_monsterinsights_sitenote_note":"","_monsterinsights_sitenote_category":0},"product_brand":[],"product_cat":[12777,12291],"product_tag":[],"class_list":{"0":"post-747501","1":"product","2":"type-product","3":"status-publish","5":"product_cat-deneme","6":"product_cat-edebiyat","7":"pa_cilt-ciltsiz","8":"pa_tur-kitap","9":"pa_yayinevi-elpis-yayinlari","10":"pa_yazar-ecem-sezer","12":"first","13":"instock","14":"sale","15":"shipping-taxable","16":"purchasable","17":"product-type-simple"},"_links":{"self":[{"href":"https:\/\/roveyayinevi.com.tr\/index.php\/wp-json\/wp\/v2\/product\/747501","targetHints":{"allow":["GET"]}}],"collection":[{"href":"https:\/\/roveyayinevi.com.tr\/index.php\/wp-json\/wp\/v2\/product"}],"about":[{"href":"https:\/\/roveyayinevi.com.tr\/index.php\/wp-json\/wp\/v2\/types\/product"}],"wp:attachment":[{"href":"https:\/\/roveyayinevi.com.tr\/index.php\/wp-json\/wp\/v2\/media?parent=747501"}],"wp:term":[{"taxonomy":"product_brand","embeddable":true,"href":"https:\/\/roveyayinevi.com.tr\/index.php\/wp-json\/wp\/v2\/product_brand?post=747501"},{"taxonomy":"product_cat","embeddable":true,"href":"https:\/\/roveyayinevi.com.tr\/index.php\/wp-json\/wp\/v2\/product_cat?post=747501"},{"taxonomy":"product_tag","embeddable":true,"href":"https:\/\/roveyayinevi.com.tr\/index.php\/wp-json\/wp\/v2\/product_tag?post=747501"}],"curies":[{"name":"wp","href":"https:\/\/api.w.org\/{rel}","templated":true}]}}