{"id":747497,"date":"2025-08-28T03:07:46","date_gmt":"2025-08-28T00:07:46","guid":{"rendered":"https:\/\/roveyayinevi.com.tr\/index.php\/urun\/the-mentor\/"},"modified":"2026-04-16T03:00:22","modified_gmt":"2026-04-16T00:00:22","slug":"the-mentor","status":"publish","type":"product","link":"https:\/\/roveyayinevi.com.tr\/index.php\/urun\/the-mentor\/","title":{"rendered":"The Mentor"},"content":{"rendered":"<p>From a portrait made by Stattler, after original by Ary Scheffer. Greatest of all the Poles, however, is Fr\u00e9d\u00e9ric Fran\u00e7ois Chopin. While his name is usually printed with the French accents, and the French are inclined to claim him as their own because his father emi-grated from France to Poland, he himself was as thoroughly Polish in all his sympathies as his mother, and there is reason to believe that his paternal ancestors also came originally from Poland. Some of the traits that have endeared his music to all players and listeners\u2014its elegance, its charm, its polished style\u2014make it seem French; but the Poles also are noted for these same qualities; and in other respects Chopin\u2019s mu-sic is as thoroughly and unmistakably Polish as it is an expression of his unique genius.<\/p>\n","protected":false},"excerpt":{"rendered":"<p>From a portrait made by Stattler, after original by Ary Scheffer. Greatest of all the Poles, however, is Fr\u00e9d\u00e9ric Fran\u00e7ois Chopin. While his name is usually<span class=\"excerpt-hellip\"> [\u2026]<\/span><\/p>\n","protected":false},"featured_media":0,"template":"","meta":{"_monsterinsights_skip_tracking":false,"_monsterinsights_sitenote_active":false,"_monsterinsights_sitenote_note":"","_monsterinsights_sitenote_category":0},"product_brand":[],"product_cat":[14556],"product_tag":[],"class_list":{"0":"post-747497","1":"product","2":"type-product","3":"status-publish","5":"product_cat-muzik","6":"pa_cilt-ciltsiz","7":"pa_tur-kitap","8":"pa_yayinevi-platanus-publishing","9":"pa_yazar-henry-t-finck","11":"first","12":"instock","13":"sale","14":"shipping-taxable","15":"purchasable","16":"product-type-simple"},"_links":{"self":[{"href":"https:\/\/roveyayinevi.com.tr\/index.php\/wp-json\/wp\/v2\/product\/747497","targetHints":{"allow":["GET"]}}],"collection":[{"href":"https:\/\/roveyayinevi.com.tr\/index.php\/wp-json\/wp\/v2\/product"}],"about":[{"href":"https:\/\/roveyayinevi.com.tr\/index.php\/wp-json\/wp\/v2\/types\/product"}],"wp:attachment":[{"href":"https:\/\/roveyayinevi.com.tr\/index.php\/wp-json\/wp\/v2\/media?parent=747497"}],"wp:term":[{"taxonomy":"product_brand","embeddable":true,"href":"https:\/\/roveyayinevi.com.tr\/index.php\/wp-json\/wp\/v2\/product_brand?post=747497"},{"taxonomy":"product_cat","embeddable":true,"href":"https:\/\/roveyayinevi.com.tr\/index.php\/wp-json\/wp\/v2\/product_cat?post=747497"},{"taxonomy":"product_tag","embeddable":true,"href":"https:\/\/roveyayinevi.com.tr\/index.php\/wp-json\/wp\/v2\/product_tag?post=747497"}],"curies":[{"name":"wp","href":"https:\/\/api.w.org\/{rel}","templated":true}]}}