{"id":747482,"date":"2025-08-28T03:07:33","date_gmt":"2025-08-28T00:07:33","guid":{"rendered":"https:\/\/roveyayinevi.com.tr\/index.php\/urun\/iyilesme-olasiliklari-fisildama-metotlari\/"},"modified":"2026-04-16T03:00:21","modified_gmt":"2026-04-16T00:00:21","slug":"iyilesme-olasiliklari-fisildama-metotlari","status":"publish","type":"product","link":"https:\/\/roveyayinevi.com.tr\/index.php\/urun\/iyilesme-olasiliklari-fisildama-metotlari\/","title":{"rendered":"\u0130yile\u015fme Olas\u0131l\u0131klar\u0131 &#8211; F\u0131s\u0131ldama Metotlar\u0131"},"content":{"rendered":"<p>Yap\u0131 Kredi K\u00fclt\u00fcr Sanat, binan\u0131n mimarisinden yola \u00e7\u0131k\u0131larak geli\u015ftirilen \u201cBir Arada\u201d isimli yeni bir sergi dizisine ev sahipli\u011fi yapacak. \u0130ki kattan olu\u015fan galeri mek\u00e2n\u0131nda iki ayr\u0131 ki\u015fisel sergiye yer verilirken ortada bulunan geni\u015f sergi alan\u0131nda iki sanat\u00e7\u0131n\u0131n i\u015fleri birlikte sergilenecek. Yap\u0131 Kredi K\u00fclt\u00fcr Sanat\u2019\u0131n deste\u011fiyle yeni \u00fcretilen \u00e7al\u0131\u015fmalar\u0131 da i\u00e7eren \u201cBir Arada\u201d sergi dizisi 3 \u015eubat-2 Nisan 2023 tarihleri aras\u0131nda Sena Ba\u015f\u00f6z\u2019\u00fcn \u201c\u0130yile\u015fme Olas\u0131l\u0131klar\u0131\u201d ve Noor Abuarafeh\u2019in \u201cF\u0131s\u0131ldama Metotlar\u0131\u201d isimli sergileriyle ba\u015flayacak.  Sanatsal yakla\u015f\u0131mlar\u0131 ve ara\u015ft\u0131rma konular\u0131 ortak olan, ancak farkl\u0131 co\u011frafyalarda ya\u015fayan sanat\u00e7\u0131lar\u0131 bir araya getiren bu sergi dizisi m\u00fc\u015fterek aciliyetlere odaklanacak. \u0130stanbul merkezli \u00e7al\u0131\u015fan Sena Ba\u015f\u00f6z ile Kud\u00fcs &amp; Rotterdam merkezli \u00e7al\u0131\u015fan Noor Abuarafeh\u2019in ortak noktalar\u0131 aras\u0131nda en belirgin olan\u0131 her ikisinin de ar\u015fiv \u00fczerine \u00e7al\u0131\u015fmas\u0131. Her iki sanat\u00e7\u0131 da hayal ile hakikatin birbirine ge\u00e7ti\u011fi alternatif d\u00fcnyalar kuruyorlar. \u0130\u015flerinde iyile\u015fme, hat\u0131rlama ve ar\u015fiv konular\u0131n\u0131n ortak temalar olarak yer buldu\u011fu sanat\u00e7\u0131lar foto\u011fraf, video, heykel ve buluntu nesneler gibi bir\u00e7ok farkl\u0131 y\u00f6ntemle \u00e7al\u0131\u015f\u0131yor. Yap\u0131 Kredi Yay\u0131nlar\u0131 taraf\u0131ndan sergiye e\u015flik edecek ayn\u0131 isimde T\u00fcrk\u00e7e-\u0130ngilizce bir sergi kitab\u0131 da yay\u0131mland\u0131. Kitapta Eva Vaslamatzi\u2019nin Sena Ba\u015f\u00f6z \u00fczerine, Lara Khaldi\u2019nin ise Noor Abuarafeh \u00fczerine yazd\u0131\u011f\u0131 birer metne serginin k\u00fcrat\u00f6ryel metni ve yine k\u00fcrat\u00f6rler Didem Yaz\u0131c\u0131 ve Burcu \u00c7imen\u2019in Sena Ba\u015f\u00f6z ve Noor Abuarafeh ile yapt\u0131\u011f\u0131 bir \u015f\u00f6yle\u015fi e\u015flik ediyor.<\/p>\n","protected":false},"excerpt":{"rendered":"<p>Yap\u0131 Kredi K\u00fclt\u00fcr Sanat, binan\u0131n mimarisinden yola \u00e7\u0131k\u0131larak geli\u015ftirilen \u201cBir Arada\u201d isimli yeni bir sergi dizisine ev sahipli\u011fi yapacak. \u0130ki kattan olu\u015fan galeri mek\u00e2n\u0131nda iki ayr\u0131<span class=\"excerpt-hellip\"> [\u2026]<\/span><\/p>\n","protected":false},"featured_media":0,"template":"","meta":{"_monsterinsights_skip_tracking":false,"_monsterinsights_sitenote_active":false,"_monsterinsights_sitenote_note":"","_monsterinsights_sitenote_category":0},"product_brand":[],"product_cat":[44608,12408],"product_tag":[],"class_list":{"0":"post-747482","1":"product","2":"type-product","3":"status-publish","5":"product_cat-diger-sanat","6":"product_cat-sanat","7":"pa_cilt-ciltsiz","8":"pa_tur-kitap","9":"pa_yayinevi-yapi-kredi-yayinlari","10":"pa_yazar-sena-basoz-noor-abuarafeh","12":"first","13":"instock","14":"sale","15":"shipping-taxable","16":"purchasable","17":"product-type-simple"},"_links":{"self":[{"href":"https:\/\/roveyayinevi.com.tr\/index.php\/wp-json\/wp\/v2\/product\/747482","targetHints":{"allow":["GET"]}}],"collection":[{"href":"https:\/\/roveyayinevi.com.tr\/index.php\/wp-json\/wp\/v2\/product"}],"about":[{"href":"https:\/\/roveyayinevi.com.tr\/index.php\/wp-json\/wp\/v2\/types\/product"}],"wp:attachment":[{"href":"https:\/\/roveyayinevi.com.tr\/index.php\/wp-json\/wp\/v2\/media?parent=747482"}],"wp:term":[{"taxonomy":"product_brand","embeddable":true,"href":"https:\/\/roveyayinevi.com.tr\/index.php\/wp-json\/wp\/v2\/product_brand?post=747482"},{"taxonomy":"product_cat","embeddable":true,"href":"https:\/\/roveyayinevi.com.tr\/index.php\/wp-json\/wp\/v2\/product_cat?post=747482"},{"taxonomy":"product_tag","embeddable":true,"href":"https:\/\/roveyayinevi.com.tr\/index.php\/wp-json\/wp\/v2\/product_tag?post=747482"}],"curies":[{"name":"wp","href":"https:\/\/api.w.org\/{rel}","templated":true}]}}