{"id":747478,"date":"2025-08-28T03:07:27","date_gmt":"2025-08-28T00:07:27","guid":{"rendered":"https:\/\/roveyayinevi.com.tr\/index.php\/urun\/afacan-bir-psikanalistin-dusunceleri\/"},"modified":"2026-04-16T03:00:21","modified_gmt":"2026-04-16T00:00:21","slug":"afacan-bir-psikanalistin-dusunceleri","status":"publish","type":"product","link":"https:\/\/roveyayinevi.com.tr\/index.php\/urun\/afacan-bir-psikanalistin-dusunceleri\/","title":{"rendered":"Afacan Bir Psikanalistin D\u00fc\u015f\u00fcnceleri"},"content":{"rendered":"<p>Gen\u00e7 psikanalist Luca Nicoli soruyor, \u00e7a\u011f\u0131m\u0131z\u0131n en \u00f6nemli psikanalistlerinden Antonino Ferro yan\u0131tl\u0131yor. Yan\u0131tlar\u0131n\u0131 verirken hem teorisyen kimli\u011fini ku\u015fan\u0131yor Ferro hem de divana uzanmak istemeyen hastas\u0131 bir seansta onun koltu\u011funa oturunca divana uzan\u0131p seanslara \u00f6yle devam eden oyunbaz kimli\u011fini. Psikanalizin kurucular\u0131na duydu\u011fu minneti de elden b\u0131rakmadan bilinenlerin kirli \u0131\u015f\u0131\u011f\u0131n\u0131n bilinmeyeni g\u00f6rmeyi engellememesi i\u00e7in neler yap\u0131labilece\u011fini anlat\u0131yor. K\u00e2h \u00e7er\u00e7eve, teori gibi g\u00fcn\u00fcm\u00fcz psikanalizinin \u00f6nemli alanlar\u0131n\u0131 a\u00e7\u0131kl\u0131yor, k\u00e2h hastaya bir sonraki seansa gelmesi i\u00e7in ge\u00e7erli bir sebep vermek i\u00e7in onunla nas\u0131l bir oyun kurmak gerekti\u011fini. Bir yandan deneyimi ve bilgisiyle gen\u00e7 psikanalistlere rehber olurken bir yandan da merakl\u0131lar\u0131 i\u00e7in psikanalizin ula\u015f\u0131lmaz g\u00f6r\u00fcnen s\u0131n\u0131rlar\u0131n\u0131 n\u00fcktedan ve k\u0131\u015fk\u0131rt\u0131c\u0131 diliyle aral\u0131yor.Antonino Ferro 2 Mart 1947\u2019de do\u011fdu. 2013-2017 y\u0131llar\u0131 aras\u0131nda ba\u015fkanl\u0131\u011f\u0131n\u0131 da yapt\u0131\u011f\u0131 \u0130talyan Psikanaliz Kurumu\u2019nun ve Uluslararas\u0131 Psikanaliz Birli\u011fi\u2019nin \u00fcyelerindendir. Avrupa, Kuzey Amerika, G\u00fcney Amerika ve Avustralya\u2019da pek \u00e7ok kurumda misafir profes\u00f6r olarak \u00e7al\u0131\u015fm\u0131\u015ft\u0131r. \u00c7al\u0131\u015fmalar\u0131yla psikanalizin geli\u015fimine katk\u0131s\u0131 nedeniyle 2007\u2019de Sigourney \u00d6d\u00fcl\u00fc\u2019n\u00fc alm\u0131\u015ft\u0131r. G\u00fcn\u00fcm\u00fcz psikanalizinin en \u00f6nemli isimlerinden biri olan Ferro hem yeti\u015fkinlerle hem \u00e7ocuklarla \u00e7al\u0131\u015fmaktad\u0131r.Psikanaliz asl\u0131nda basit bir \u015fey, uzun zamand\u0131r onu olabildi\u011fince karma\u015f\u0131k ve anla\u015f\u0131lmaz hale sokan biz psikanalistleriz, san\u0131rs\u0131n\u0131z ki Orpheus ile Pisagor\u2019un gizemlerinden bahsediyoruz. Oysa psikanaliz feci basit bir i\u015flemdir: Bir araya geldi\u011fimizde ger\u00e7ekli\u011fin vah\u015fetini nas\u0131l \u00f6z\u00fcmleyebildi\u011fimizi anlat\u0131r.Her \u00e7al\u0131\u015fman\u0131n ba\u015f\u0131nda Freud\u2019dan al\u0131nt\u0131 yapmal\u0131 m\u0131? Ya da gen\u00e7 analistler vakitlerinin \u00e7o\u011funu Freud okuyarak m\u0131 ge\u00e7irmeli? Analiz s\u00fcresi ne kadar olmal\u0131? Analist yans\u0131zl\u0131\u011f\u0131n\u0131n s\u0131n\u0131rlar\u0131 nelerdir? Psikanaliz deyince hemen herkesin akl\u0131nda canlanan divan ger\u00e7ekten gerekli mi?<\/p>\n","protected":false},"excerpt":{"rendered":"<p>Gen\u00e7 psikanalist Luca Nicoli soruyor, \u00e7a\u011f\u0131m\u0131z\u0131n en \u00f6nemli psikanalistlerinden Antonino Ferro yan\u0131tl\u0131yor. Yan\u0131tlar\u0131n\u0131 verirken hem teorisyen kimli\u011fini ku\u015fan\u0131yor Ferro hem de divana uzanmak istemeyen hastas\u0131 bir<span class=\"excerpt-hellip\"> [\u2026]<\/span><\/p>\n","protected":false},"featured_media":0,"template":"","meta":{"_monsterinsights_skip_tracking":false,"_monsterinsights_sitenote_active":false,"_monsterinsights_sitenote_note":"","_monsterinsights_sitenote_category":0},"product_brand":[],"product_cat":[12358,12357],"product_tag":[],"class_list":{"0":"post-747478","1":"product","2":"type-product","3":"status-publish","5":"product_cat-genel-psikoloji","6":"product_cat-psikoloji","7":"pa_cilt-ciltsiz","8":"pa_tur-kitap","9":"pa_yayinevi-yapi-kredi-yayinlari","10":"pa_yazar-antonino-ferro","12":"first","13":"instock","14":"sale","15":"shipping-taxable","16":"purchasable","17":"product-type-simple"},"_links":{"self":[{"href":"https:\/\/roveyayinevi.com.tr\/index.php\/wp-json\/wp\/v2\/product\/747478","targetHints":{"allow":["GET"]}}],"collection":[{"href":"https:\/\/roveyayinevi.com.tr\/index.php\/wp-json\/wp\/v2\/product"}],"about":[{"href":"https:\/\/roveyayinevi.com.tr\/index.php\/wp-json\/wp\/v2\/types\/product"}],"wp:attachment":[{"href":"https:\/\/roveyayinevi.com.tr\/index.php\/wp-json\/wp\/v2\/media?parent=747478"}],"wp:term":[{"taxonomy":"product_brand","embeddable":true,"href":"https:\/\/roveyayinevi.com.tr\/index.php\/wp-json\/wp\/v2\/product_brand?post=747478"},{"taxonomy":"product_cat","embeddable":true,"href":"https:\/\/roveyayinevi.com.tr\/index.php\/wp-json\/wp\/v2\/product_cat?post=747478"},{"taxonomy":"product_tag","embeddable":true,"href":"https:\/\/roveyayinevi.com.tr\/index.php\/wp-json\/wp\/v2\/product_tag?post=747478"}],"curies":[{"name":"wp","href":"https:\/\/api.w.org\/{rel}","templated":true}]}}