{"id":747474,"date":"2025-08-28T03:07:22","date_gmt":"2025-08-28T00:07:22","guid":{"rendered":"https:\/\/roveyayinevi.com.tr\/index.php\/urun\/ayni-ofkenin-cocuklari\/"},"modified":"2026-04-16T03:00:21","modified_gmt":"2026-04-16T00:00:21","slug":"ayni-ofkenin-cocuklari","status":"publish","type":"product","link":"https:\/\/roveyayinevi.com.tr\/index.php\/urun\/ayni-ofkenin-cocuklari\/","title":{"rendered":"Ayn\u0131 \u00d6fkenin \u00c7ocuklar\u0131"},"content":{"rendered":"<p>Yerk\u00fcrenin hangi noktas\u0131nda, hangi ko\u015fullar alt\u0131nda olursa olsun damarlar\u0131 ayn\u0131 umutla, ayn\u0131 ate\u015f ve iradeyle harlanan cesur y\u00fcrekler vard\u0131r. Bazen k\u00fc\u00e7\u00fck gibi g\u00f6r\u00fcnen bir eylem ile devle\u015fen dalgalara ilham kayna\u011f\u0131 olurlar, bazen de o kabarm\u0131\u015f dalgalar\u0131n komutan\u0131&#8230; Ama takvimler ve co\u011frafyalar de\u011fi\u015fse de bu tarihsel misyonu \u00fcstlenenleri hep ayn\u0131 \u00f6fke ve co\u015fku bulu\u015fturur, onlar\u0131 s\u0131n\u0131rlar\u0131n ve y\u0131llar\u0131n \u00f6tesine ta\u015f\u0131yan da budur.Kavel Alpaslan, Ayn\u0131 \u00d6fkenin \u00c7ocuklar\u0131: D\u00fcnyadan Devrimci Portreleri derlemesinde, proleter bilincin olanca a\u011f\u0131rl\u0131\u011f\u0131n\u0131 omzunda ta\u015f\u0131yan nice simay\u0131, onlar\u0131 \u00e7evreleyen arkaplanla birlikte anarken, kapitalizmin tarihsel krizinin \u00f6nemli d\u00f6n\u00fcm noktalar\u0131n\u0131n da b\u00fct\u00fcnl\u00fckl\u00fc bir resmini sunuyor. B\u00f6ylece hem d\u00f6nemin ruhu hem de par\u00e7as\u0131 oldu\u011fu deneyimlerin hangi motivasyonlarla ger\u00e7ekle\u015fti\u011fi ayd\u0131nlan\u0131rken, tarihin oda\u011f\u0131ndan ka\u00e7m\u0131\u015f yahut kasten s\u00fcmenalt\u0131 edilmi\u015f detay ve ger\u00e7ekler sat\u0131raralar\u0131nda m\u00fcstakil birer ba\u015fl\u0131k te\u015fkil ederek haf\u0131zalarda hak etti\u011fi yeri al\u0131yor.Devrimler ve kar\u015f\u0131 devrimlerle topraklar\u0131 kanla sulanan Latin Amerika&#8217;dan Afrika&#8217;ya, ulusal kurtulu\u015f m\u00fccadelesinin ba\u011fr\u0131nda say\u0131s\u0131z militan yeti\u015ftirmi\u015f Ortado\u011fu&#8217;dan Sovyet deneyimini burjuva liberalizmine kar\u015f\u0131 eme\u011fin kurtulu\u015fu kavgas\u0131yla per\u00e7inleyen Avrupa&#8217;ya, siper yolda\u015fl\u0131\u011f\u0131 etmi\u015f onlarca devrimci, her daim s\u00fcrecek ve hi\u00e7 s\u00f6n\u00fcmlenmeyecek m\u00fccadeleye dair zengin bir deneyim hazinesi olu\u015fturuyor.<\/p>\n","protected":false},"excerpt":{"rendered":"<p>Yerk\u00fcrenin hangi noktas\u0131nda, hangi ko\u015fullar alt\u0131nda olursa olsun damarlar\u0131 ayn\u0131 umutla, ayn\u0131 ate\u015f ve iradeyle harlanan cesur y\u00fcrekler vard\u0131r. Bazen k\u00fc\u00e7\u00fck gibi g\u00f6r\u00fcnen bir eylem ile<span class=\"excerpt-hellip\"> [\u2026]<\/span><\/p>\n","protected":false},"featured_media":0,"template":"","meta":{"_monsterinsights_skip_tracking":false,"_monsterinsights_sitenote_active":false,"_monsterinsights_sitenote_note":"","_monsterinsights_sitenote_category":0},"product_brand":[],"product_cat":[13059,12337],"product_tag":[],"class_list":{"0":"post-747474","1":"product","2":"type-product","3":"status-publish","5":"product_cat-diger-politika-siyaset","6":"product_cat-politika-siyaset","7":"pa_cilt-ciltsiz","8":"pa_tur-kitap","9":"pa_yayinevi-sel-yayincilik","10":"pa_yazar-kavel-alpaslan","12":"first","13":"instock","14":"sale","15":"shipping-taxable","16":"purchasable","17":"product-type-simple"},"_links":{"self":[{"href":"https:\/\/roveyayinevi.com.tr\/index.php\/wp-json\/wp\/v2\/product\/747474","targetHints":{"allow":["GET"]}}],"collection":[{"href":"https:\/\/roveyayinevi.com.tr\/index.php\/wp-json\/wp\/v2\/product"}],"about":[{"href":"https:\/\/roveyayinevi.com.tr\/index.php\/wp-json\/wp\/v2\/types\/product"}],"wp:attachment":[{"href":"https:\/\/roveyayinevi.com.tr\/index.php\/wp-json\/wp\/v2\/media?parent=747474"}],"wp:term":[{"taxonomy":"product_brand","embeddable":true,"href":"https:\/\/roveyayinevi.com.tr\/index.php\/wp-json\/wp\/v2\/product_brand?post=747474"},{"taxonomy":"product_cat","embeddable":true,"href":"https:\/\/roveyayinevi.com.tr\/index.php\/wp-json\/wp\/v2\/product_cat?post=747474"},{"taxonomy":"product_tag","embeddable":true,"href":"https:\/\/roveyayinevi.com.tr\/index.php\/wp-json\/wp\/v2\/product_tag?post=747474"}],"curies":[{"name":"wp","href":"https:\/\/api.w.org\/{rel}","templated":true}]}}