{"id":747471,"date":"2025-08-28T03:07:17","date_gmt":"2025-08-28T00:07:17","guid":{"rendered":"https:\/\/roveyayinevi.com.tr\/index.php\/urun\/ankara-arastirmalari-dergisi-cilt-10-sayi-2\/"},"modified":"2026-04-16T03:00:21","modified_gmt":"2026-04-16T00:00:21","slug":"ankara-arastirmalari-dergisi-cilt-10-sayi-2","status":"publish","type":"product","link":"https:\/\/roveyayinevi.com.tr\/index.php\/urun\/ankara-arastirmalari-dergisi-cilt-10-sayi-2\/","title":{"rendered":"Ankara Ara\u015ft\u0131rmalar\u0131 Dergisi Cilt 10 Say\u0131 2"},"content":{"rendered":"<p>Ankara\u2019y\u0131 disiplinleraras\u0131 ara\u015ft\u0131rmalarla inceleyen Ankara Ara\u015ft\u0131ramalar\u0131 Dergisi\u2019nin 20. say\u0131s\u0131, mimarl\u0131k tarihi, tarih, jeoloji ve siyaset bilimi alanlar\u0131ndan   kaleme al\u0131nm\u0131\u015f makalelerden olu\u015fmakta.   Say\u0131n\u0131n ilk makalesinde, 1922-1946 y\u0131llar\u0131 aras\u0131nda spor faaliyetlerinin Ankaral\u0131n\u0131n g\u00fcndelik hayat\u0131nda rekreatif bo\u015f zaman etkinli\u011fi olarak d\u00fczenlenmesinde ve benimsenmi\u015f spor bran\u015flar\u0131 kadar bat\u0131 k\u00f6kenli yeni spor bran\u015flar\u0131n\u0131n da toplumun her tabakas\u0131nda yayg\u0131nla\u015ft\u0131r\u0131lmas\u0131nda, Ankara spor kul\u00fcpleri ve kul\u00fcp etkinliklerinin rol\u00fc ara\u015ft\u0131r\u0131lmaktad\u0131r.  Ard\u0131ndan gelen  makalede de Cumhuriyet\u2019in ilk y\u0131llar\u0131nda, var olan kamusal alanlar\u0131n resm\u00ee bayram kutlamalar\u0131 ba\u011flam\u0131nda kullan\u0131m\u0131, daha sonraki y\u0131llarda yeni  kutlama mek\u00e2nlar\u0131n\u0131n tasarlanmas\u0131 ile  kutlama programlar\u0131na giren yeni etkinlikler ve bunlarla sa\u011flanan toplumsal faydalar incelenmektedir.   \u00dc\u00e7\u00fcnc\u00fc makale, kentlerin  uluslararas\u0131 ili\u015fkilerde de \u00f6nemli rolleri oldu\u011fu ger\u00e7e\u011finden hareketle, Ankara B\u00fcy\u00fck\u015fehir Belediyesinin, Ankara\u2019n\u0131n  yerel diplomasi faaliyetleri ba\u011flam\u0131nda ger\u00e7ekle\u015ftirdi\u011fi iki tarafl\u0131 i\u015f birliklerinin, kent i\u00e7in nas\u0131l etkiler yaratt\u0131\u011f\u0131n\u0131; T\u00fcrk d\u0131\u015f politikas\u0131 ve ulusal diplomasi anlam\u0131nda etkilerini incelemektedir. Farkl\u0131 bir disiplinden, jeoloji alan\u0131ndan ara\u015ft\u0131rmac\u0131lar\u0131n ele ald\u0131\u011f\u0131 di\u011fer bir \u00e7al\u0131\u015fmada ise; Ankara Kalesi\u2019nin sur yap\u0131 ta\u015flar\u0131n\u0131n tan\u0131mlanmas\u0131 ve al\u0131nd\u0131klar\u0131 ocak yerlerinin belirlenmesi ama\u00e7lanm\u0131\u015ft\u0131r. Bu \u00e7al\u0131\u015fma ile elde edilen verilerin; Ankara Kalesi\u2019nde yap\u0131lacak restorasyon \u00e7al\u0131\u015fmalar\u0131nda kullan\u0131lacak arkeometrik malzemenin \u00f6zelliklerini ve bu malzemenin al\u0131nabilece\u011fi kaynak yerlerini belirtmesi ve benzer \u00e7al\u0131\u015fmalar i\u00e7in de bir yol haritas\u0131 sunmas\u0131 a\u00e7\u0131s\u0131ndan kentimiz i\u00e7in \u00e7ok \u00f6nemli oldu\u011funu d\u00fc\u015f\u00fcn\u00fcyoruz.   Cumhuriyetin ilan\u0131 ile birlikte ba\u015fkent Ankara, modernle\u015fme ba\u011flam\u0131nda pek \u00e7ok alanda t\u00fcm \u00fclkeye yayg\u0131nla\u015ft\u0131r\u0131lmas\u0131 planlanan bir model niteli\u011finde olmu\u015ftur. Dergide yer alan bir di\u011fer \u00e7al\u0131\u015fmada, \u201cYeni Hayat\u201d kurgusunun da ba\u015fkenti olan Ankara\u2019n\u0131n, s\u00fcre\u00e7 i\u00e7erisinde ge\u00e7irdi\u011fi fiziksel ve d\u00fc\u015f\u00fcnsel d\u00f6n\u00fc\u015f\u00fcm\u00fcn mimarl\u0131k ve edebiyat alan\u0131ndaki kar\u015f\u0131l\u0131\u011f\u0131n\u0131, H\u00fclya Bu Ya\u2026 ve Ankara eserleri \u00fczerinden tespit etmek ama\u00e7lanmaktad\u0131r. \u00c7al\u0131\u015fman\u0131n hemen arkas\u0131nda yer alan bir di\u011fer makalede de 1950\u2019li y\u0131llarda Ankara\u2019ya resm\u00ee g\u00f6revle gelen iki Amerikal\u0131 kad\u0131n\u0131n iki farkl\u0131 kitapta aktard\u0131klar\u0131 g\u00f6zlemler arac\u0131l\u0131\u011f\u0131yla, d\u00f6nemin Ankara\u2019s\u0131n\u0131n sosyal ve k\u00fclt\u00fcrel hayat\u0131na dair \u00f6nemli bilgiler aktar\u0131lmaktad\u0131r.   Derginin g\u00f6r\u00fc\u015f yaz\u0131lar\u0131 b\u00f6l\u00fcm\u00fcnde 1938 y\u0131l\u0131nda ise Ankara Dil ve Tarih-Co\u011frafya Fak\u00fcltesi\u2019nde \u00f6\u011fretim \u00fcyeli\u011fi yapan \u0130svi\u00e7reli Antropolog Prof. Dr. Eug\u00e8ne Pittard\u2019\u0131n T\u00fcrkiye ile \u0130svi\u00e7re aras\u0131ndaki ili\u015fkilerin temelini olu\u015fturan ve Ankara\u2019da ba\u015flayan dostluk \u00f6yk\u00fcs\u00fc ele al\u0131n\u0131p incelenmi\u015ftir. <\/p>\n","protected":false},"excerpt":{"rendered":"<p>Ankara\u2019y\u0131 disiplinleraras\u0131 ara\u015ft\u0131rmalarla inceleyen Ankara Ara\u015ft\u0131ramalar\u0131 Dergisi\u2019nin 20. say\u0131s\u0131, mimarl\u0131k tarihi, tarih, jeoloji ve siyaset bilimi alanlar\u0131ndan kaleme al\u0131nm\u0131\u015f makalelerden olu\u015fmakta. Say\u0131n\u0131n ilk makalesinde, 1922-1946 y\u0131llar\u0131<span class=\"excerpt-hellip\"> [\u2026]<\/span><\/p>\n","protected":false},"featured_media":0,"template":"","meta":{"_monsterinsights_skip_tracking":false,"_monsterinsights_sitenote_active":false,"_monsterinsights_sitenote_note":"","_monsterinsights_sitenote_category":0},"product_brand":[],"product_cat":[30023,13527],"product_tag":[],"class_list":{"0":"post-747471","1":"product","2":"type-product","3":"status-publish","5":"product_cat-edebiyat-sureli-yayinlar","6":"product_cat-sureli-yayinlar","7":"pa_cilt-ciltsiz","8":"pa_tur-dergi","9":"pa_yayinevi-vekam-koc-universitesi-vehbi-koc-ankara-arastirmalari-uygulama-ve-arastirma-merkezi","10":"pa_yazar-kolektif","12":"first","13":"instock","14":"sale","15":"shipping-taxable","16":"purchasable","17":"product-type-simple"},"_links":{"self":[{"href":"https:\/\/roveyayinevi.com.tr\/index.php\/wp-json\/wp\/v2\/product\/747471","targetHints":{"allow":["GET"]}}],"collection":[{"href":"https:\/\/roveyayinevi.com.tr\/index.php\/wp-json\/wp\/v2\/product"}],"about":[{"href":"https:\/\/roveyayinevi.com.tr\/index.php\/wp-json\/wp\/v2\/types\/product"}],"wp:attachment":[{"href":"https:\/\/roveyayinevi.com.tr\/index.php\/wp-json\/wp\/v2\/media?parent=747471"}],"wp:term":[{"taxonomy":"product_brand","embeddable":true,"href":"https:\/\/roveyayinevi.com.tr\/index.php\/wp-json\/wp\/v2\/product_brand?post=747471"},{"taxonomy":"product_cat","embeddable":true,"href":"https:\/\/roveyayinevi.com.tr\/index.php\/wp-json\/wp\/v2\/product_cat?post=747471"},{"taxonomy":"product_tag","embeddable":true,"href":"https:\/\/roveyayinevi.com.tr\/index.php\/wp-json\/wp\/v2\/product_tag?post=747471"}],"curies":[{"name":"wp","href":"https:\/\/api.w.org\/{rel}","templated":true}]}}