{"id":747470,"date":"2025-08-28T03:07:16","date_gmt":"2025-08-28T00:07:16","guid":{"rendered":"https:\/\/roveyayinevi.com.tr\/index.php\/urun\/once-kendini-tani\/"},"modified":"2026-04-16T03:00:21","modified_gmt":"2026-04-16T00:00:21","slug":"once-kendini-tani","status":"publish","type":"product","link":"https:\/\/roveyayinevi.com.tr\/index.php\/urun\/once-kendini-tani\/","title":{"rendered":"\u00d6nce Kendini Tan\u0131"},"content":{"rendered":"<p>Sabahlar\u0131 aynada kar\u015f\u0131la\u015ft\u0131\u011f\u0131n\u0131z, di\u015flerini f\u0131r\u00e7alad\u0131\u011f\u0131n\u0131z, sa\u00e7lar\u0131n\u0131 be\u011fenmeyip yeniden yapt\u0131\u011f\u0131n\u0131z, \u201cGe\u00e7 kald\u0131n hadi ko\u015f?\u201d diyerek evden \u00e7\u0131kard\u0131\u011f\u0131n\u0131z biri var. Gece yast\u0131\u011fa ba\u015f\u0131n\u0131z\u0131 koydu\u011funuzda akl\u0131ndan ge\u00e7enleri toparlamaya \u00e7al\u0131\u015ft\u0131\u011f\u0131n\u0131z biri&#8230; \u00dcz\u00fcld\u00fc\u011f\u00fcnde, k\u0131zd\u0131\u011f\u0131nda, yan\u0131ld\u0131\u011f\u0131nda size sesini duyurmaya \u00e7al\u0131\u015fan biri&#8230; Onu duyuyor musunuz? Dahas\u0131, onu tan\u0131yor musunuz?   Ya\u015fam\u0131n en \u00f6nemli s\u00fcre\u00e7lerinden biri, kendini tan\u0131ma yolculu\u011fu. Elbette \u00f6zenli bir dikkat, duyu\u015f ve bili\u015f gerektiriyor; vaat ettikleri ise paha bi\u00e7ilemez. Bu keyifli yolculukta \u015fimdi kar\u015f\u0131 koltu\u011funuzda; elli yedi y\u0131ll\u0131k mesleki tecr\u00fcbesi, birikimi ve tatl\u0131 sohbeti ile Prof. Dr. \u0130lkay Kasatura oturuyor.   Konu konuyu a\u00e7arken kar\u015f\u0131la\u015faca\u011f\u0131n\u0131z b\u00fct\u00fcn kavramlar, sorular ve cevaplar kendinize yeniden ve daha dikkatle bakman\u0131z\u0131, \u015fimdiye kadar oldu\u011fundan daha fazla \u201ctan\u0131\u015f\u201d olman\u0131z\u0131 sa\u011flayabilir.   Haz\u0131rsan\u0131z ba\u015flayal\u0131m&#8230;<\/p>\n","protected":false},"excerpt":{"rendered":"<p>Sabahlar\u0131 aynada kar\u015f\u0131la\u015ft\u0131\u011f\u0131n\u0131z, di\u015flerini f\u0131r\u00e7alad\u0131\u011f\u0131n\u0131z, sa\u00e7lar\u0131n\u0131 be\u011fenmeyip yeniden yapt\u0131\u011f\u0131n\u0131z, \u201cGe\u00e7 kald\u0131n hadi ko\u015f?\u201d diyerek evden \u00e7\u0131kard\u0131\u011f\u0131n\u0131z biri var. Gece yast\u0131\u011fa ba\u015f\u0131n\u0131z\u0131 koydu\u011funuzda akl\u0131ndan ge\u00e7enleri toparlamaya \u00e7al\u0131\u015ft\u0131\u011f\u0131n\u0131z<span class=\"excerpt-hellip\"> [\u2026]<\/span><\/p>\n","protected":false},"featured_media":0,"template":"","meta":{"_monsterinsights_skip_tracking":false,"_monsterinsights_sitenote_active":false,"_monsterinsights_sitenote_note":"","_monsterinsights_sitenote_category":0},"product_brand":[],"product_cat":[12357],"product_tag":[],"class_list":{"0":"post-747470","1":"product","2":"type-product","3":"status-publish","5":"product_cat-psikoloji","6":"pa_cilt-ciltsiz","7":"pa_tur-kitap","8":"pa_yayinevi-epsilon-yayinlari","9":"pa_yazar-ilkay-kasatura","11":"first","12":"instock","13":"sale","14":"shipping-taxable","15":"purchasable","16":"product-type-simple"},"_links":{"self":[{"href":"https:\/\/roveyayinevi.com.tr\/index.php\/wp-json\/wp\/v2\/product\/747470","targetHints":{"allow":["GET"]}}],"collection":[{"href":"https:\/\/roveyayinevi.com.tr\/index.php\/wp-json\/wp\/v2\/product"}],"about":[{"href":"https:\/\/roveyayinevi.com.tr\/index.php\/wp-json\/wp\/v2\/types\/product"}],"wp:attachment":[{"href":"https:\/\/roveyayinevi.com.tr\/index.php\/wp-json\/wp\/v2\/media?parent=747470"}],"wp:term":[{"taxonomy":"product_brand","embeddable":true,"href":"https:\/\/roveyayinevi.com.tr\/index.php\/wp-json\/wp\/v2\/product_brand?post=747470"},{"taxonomy":"product_cat","embeddable":true,"href":"https:\/\/roveyayinevi.com.tr\/index.php\/wp-json\/wp\/v2\/product_cat?post=747470"},{"taxonomy":"product_tag","embeddable":true,"href":"https:\/\/roveyayinevi.com.tr\/index.php\/wp-json\/wp\/v2\/product_tag?post=747470"}],"curies":[{"name":"wp","href":"https:\/\/api.w.org\/{rel}","templated":true}]}}