{"id":747467,"date":"2025-08-28T03:07:12","date_gmt":"2025-08-28T00:07:12","guid":{"rendered":"https:\/\/roveyayinevi.com.tr\/index.php\/urun\/dunyayi-degistir\/"},"modified":"2026-04-16T03:00:21","modified_gmt":"2026-04-16T00:00:21","slug":"dunyayi-degistir","status":"publish","type":"product","link":"https:\/\/roveyayinevi.com.tr\/index.php\/urun\/dunyayi-degistir\/","title":{"rendered":"D\u00fcnyay\u0131 De\u011fi\u015ftir"},"content":{"rendered":"<p>Kendini toplumun y\u00fcz karas\u0131 asosyalin teki olarak g\u00f6ren Saitou Yuicihi, se\u00e7kin bir dedektif olan Mitsumune Sakutaro\u2019yla \u015fans eseri beden de\u011fi\u015ftirir. \u0130kisinin de zihinleri eski hallerindedir ancak v\u00fccutlar\u0131 farkl\u0131d\u0131r. Saitou, Mitsumune\u2019nin b\u00fcy\u00fck ve korkun\u00e7 s\u0131rr\u0131na ra\u011fmen se\u00e7kin dedektifin hayat\u0131n\u0131 s\u00fcrd\u00fcrebilecek mi? <\/p>\n","protected":false},"excerpt":{"rendered":"<p>Kendini toplumun y\u00fcz karas\u0131 asosyalin teki olarak g\u00f6ren Saitou Yuicihi, se\u00e7kin bir dedektif olan Mitsumune Sakutaro\u2019yla \u015fans eseri beden de\u011fi\u015ftirir. \u0130kisinin de zihinleri eski hallerindedir ancak<span class=\"excerpt-hellip\"> [\u2026]<\/span><\/p>\n","protected":false},"featured_media":0,"template":"","meta":{"_monsterinsights_skip_tracking":false,"_monsterinsights_sitenote_active":false,"_monsterinsights_sitenote_note":"","_monsterinsights_sitenote_category":0},"product_brand":[],"product_cat":[12416,12291],"product_tag":[],"class_list":{"0":"post-747467","1":"product","2":"type-product","3":"status-publish","5":"product_cat-cizgi-roman","6":"product_cat-edebiyat","7":"pa_cilt-ciltsiz","8":"pa_tur-kitap","9":"pa_yayinevi-kayip-kita-yayinlari","10":"pa_yazar-yuya-kanzaki","12":"first","13":"instock","14":"sale","15":"shipping-taxable","16":"purchasable","17":"product-type-simple"},"_links":{"self":[{"href":"https:\/\/roveyayinevi.com.tr\/index.php\/wp-json\/wp\/v2\/product\/747467","targetHints":{"allow":["GET"]}}],"collection":[{"href":"https:\/\/roveyayinevi.com.tr\/index.php\/wp-json\/wp\/v2\/product"}],"about":[{"href":"https:\/\/roveyayinevi.com.tr\/index.php\/wp-json\/wp\/v2\/types\/product"}],"wp:attachment":[{"href":"https:\/\/roveyayinevi.com.tr\/index.php\/wp-json\/wp\/v2\/media?parent=747467"}],"wp:term":[{"taxonomy":"product_brand","embeddable":true,"href":"https:\/\/roveyayinevi.com.tr\/index.php\/wp-json\/wp\/v2\/product_brand?post=747467"},{"taxonomy":"product_cat","embeddable":true,"href":"https:\/\/roveyayinevi.com.tr\/index.php\/wp-json\/wp\/v2\/product_cat?post=747467"},{"taxonomy":"product_tag","embeddable":true,"href":"https:\/\/roveyayinevi.com.tr\/index.php\/wp-json\/wp\/v2\/product_tag?post=747467"}],"curies":[{"name":"wp","href":"https:\/\/api.w.org\/{rel}","templated":true}]}}