{"id":747466,"date":"2025-08-28T03:07:11","date_gmt":"2025-08-28T00:07:11","guid":{"rendered":"https:\/\/roveyayinevi.com.tr\/index.php\/urun\/dantenin-cehennemi\/"},"modified":"2026-04-16T03:00:21","modified_gmt":"2026-04-16T00:00:21","slug":"dantenin-cehennemi","status":"publish","type":"product","link":"https:\/\/roveyayinevi.com.tr\/index.php\/urun\/dantenin-cehennemi\/","title":{"rendered":"Dante\u2019nin Cehennemi"},"content":{"rendered":"<p>Frans\u0131z edebiyat\u0131n\u0131n s\u0131ra d\u0131\u015f\u0131 kalemi Jab\u00e8s\u2019ten, Dante\u2019nin dev eseri \u0130lahi Komedya\u2019n\u0131n \u201cCehennem\u201d b\u00f6l\u00fcm\u00fcnden ilhamla k\u00f6t\u00fcl\u00fck ve ac\u0131 \u00fczerine d\u00fc\u015f\u00fcnceler. Jab\u00e8s, orta\u00e7a\u011f\u0131n H\u0131ristiyan cehennemi tahayy\u00fcl\u00fcnden 20. y\u00fczy\u0131l\u0131n Auschwitz karanl\u0131\u011f\u0131na \u015fiirsel bir tefekk\u00fcr k\u00f6pr\u00fcs\u00fc kuruyor. <\/p>\n","protected":false},"excerpt":{"rendered":"<p>Frans\u0131z edebiyat\u0131n\u0131n s\u0131ra d\u0131\u015f\u0131 kalemi Jab\u00e8s\u2019ten, Dante\u2019nin dev eseri \u0130lahi Komedya\u2019n\u0131n \u201cCehennem\u201d b\u00f6l\u00fcm\u00fcnden ilhamla k\u00f6t\u00fcl\u00fck ve ac\u0131 \u00fczerine d\u00fc\u015f\u00fcnceler. Jab\u00e8s, orta\u00e7a\u011f\u0131n H\u0131ristiyan cehennemi tahayy\u00fcl\u00fcnden 20. y\u00fczy\u0131l\u0131n<span class=\"excerpt-hellip\"> [\u2026]<\/span><\/p>\n","protected":false},"featured_media":0,"template":"","meta":{"_monsterinsights_skip_tracking":false,"_monsterinsights_sitenote_active":false,"_monsterinsights_sitenote_note":"","_monsterinsights_sitenote_category":0},"product_brand":[],"product_cat":[12291,13376],"product_tag":[],"class_list":{"0":"post-747466","1":"product","2":"type-product","3":"status-publish","5":"product_cat-edebiyat","6":"product_cat-fransiz-edebiyati","7":"pa_cilt-ciltsiz","8":"pa_tur-kitap","9":"pa_yayinevi-kirmizi-kedi-yayinevi","10":"pa_yazar-edmond-jabes","12":"first","13":"instock","14":"sale","15":"shipping-taxable","16":"purchasable","17":"product-type-simple"},"_links":{"self":[{"href":"https:\/\/roveyayinevi.com.tr\/index.php\/wp-json\/wp\/v2\/product\/747466","targetHints":{"allow":["GET"]}}],"collection":[{"href":"https:\/\/roveyayinevi.com.tr\/index.php\/wp-json\/wp\/v2\/product"}],"about":[{"href":"https:\/\/roveyayinevi.com.tr\/index.php\/wp-json\/wp\/v2\/types\/product"}],"wp:attachment":[{"href":"https:\/\/roveyayinevi.com.tr\/index.php\/wp-json\/wp\/v2\/media?parent=747466"}],"wp:term":[{"taxonomy":"product_brand","embeddable":true,"href":"https:\/\/roveyayinevi.com.tr\/index.php\/wp-json\/wp\/v2\/product_brand?post=747466"},{"taxonomy":"product_cat","embeddable":true,"href":"https:\/\/roveyayinevi.com.tr\/index.php\/wp-json\/wp\/v2\/product_cat?post=747466"},{"taxonomy":"product_tag","embeddable":true,"href":"https:\/\/roveyayinevi.com.tr\/index.php\/wp-json\/wp\/v2\/product_tag?post=747466"}],"curies":[{"name":"wp","href":"https:\/\/api.w.org\/{rel}","templated":true}]}}