{"id":747465,"date":"2025-08-28T03:07:09","date_gmt":"2025-08-28T00:07:09","guid":{"rendered":"https:\/\/roveyayinevi.com.tr\/index.php\/urun\/benim-karikaturlu-evrenim\/"},"modified":"2026-04-16T03:00:20","modified_gmt":"2026-04-16T00:00:20","slug":"benim-karikaturlu-evrenim","status":"publish","type":"product","link":"https:\/\/roveyayinevi.com.tr\/index.php\/urun\/benim-karikaturlu-evrenim\/","title":{"rendered":"Benim Karikat\u00fcrl\u00fc Evrenim"},"content":{"rendered":"<p>\u00c7ocukluk y\u0131llar\u0131nda evin duvarlar\u0131n\u0131 karalayarak kurdu\u011fu \u201c\u00e7izgili d\u00fcnyas\u0131\u201dn\u0131 gazetelere, dergilere, kitaplara ve uluslararas\u0131 sergilere hatta radyo programlar\u0131na kadar geni\u015fletmi\u015f bir insan \u0130zel Rozental. Hem \u00e7izer hem yazar olarak bu \u201c\u00e7izgili d\u00fcnyas\u0131\u201dna Amerika\u2019dan Japonya\u2019ya, Fransa\u2019dan \u00c7in\u2019e ve elbette T\u00fcrkiye\u2019den bir\u00e7ok ba\u015fka karikat\u00fcristleri dahil etmi\u015f, onlarca yak\u0131n dostluklar kurmu\u015f, uluslararas\u0131 projeler ger\u00e7ekle\u015ftirmi\u015f. Benim Karikat\u00fcrl\u00fc Evrenim ba\u015fl\u0131kl\u0131 nehir s\u00f6yle\u015fide Rozental eline kalemi al\u0131p bir \u015feyler \u00e7izmeye ba\u015flad\u0131\u011f\u0131 g\u00fcnden bug\u00fcne ya\u015fad\u0131klar\u0131n\u0131, yapt\u0131klar\u0131n\u0131, kurdu\u011fu dostluklar\u0131 anlat\u0131yor. \u201c\u00c7izdi\u011fi kadar yazarak, konu\u015farak s\u00fcrd\u00fcrd\u00fc\u011f\u00fc \u00e7izgi ser\u00fcveninde, b\u00fct\u00fcn sanatlar\u0131n kendine g\u00f6re hi\u00e7 eksilmeyen tart\u0131\u015fma konular\u0131na da yeri geldik\u00e7e sessiz kalm\u0131yor. Kitap belgesel bir film tad\u0131nda renkli, ayr\u0131nt\u0131l\u0131, ne\u015feli bir ak\u0131\u015fla \u0130zel\u2019i yak\u0131ndan izliyor.\u201d Tan Oral \u201cKarikat\u00fcrde d\u00fcnya \u00f6l\u00e7e\u011finde neler olup bitti\u011fini, kimlerin neler \u00e7izdi\u011fini \u00f6\u011frenmek isteyen bir merakl\u0131, bence \u00fclkemizde bunun en yetkin bilgisini \u0130zel Rozental\u2019den edinebilir.\u201d Semih Poroy <\/p>\n","protected":false},"excerpt":{"rendered":"<p>\u00c7ocukluk y\u0131llar\u0131nda evin duvarlar\u0131n\u0131 karalayarak kurdu\u011fu \u201c\u00e7izgili d\u00fcnyas\u0131\u201dn\u0131 gazetelere, dergilere, kitaplara ve uluslararas\u0131 sergilere hatta radyo programlar\u0131na kadar geni\u015fletmi\u015f bir insan \u0130zel Rozental. Hem \u00e7izer hem<span class=\"excerpt-hellip\"> [\u2026]<\/span><\/p>\n","protected":false},"featured_media":0,"template":"","meta":{"_monsterinsights_skip_tracking":false,"_monsterinsights_sitenote_active":false,"_monsterinsights_sitenote_note":"","_monsterinsights_sitenote_category":0},"product_brand":[],"product_cat":[12291,12292],"product_tag":[],"class_list":{"0":"post-747465","1":"product","2":"type-product","3":"status-publish","5":"product_cat-edebiyat","6":"product_cat-turk-edebiyati","7":"pa_cilt-ciltsiz","8":"pa_tur-kitap","9":"pa_yayinevi-kirmizi-kedi-yayinevi","10":"pa_yazar-izel-rozental","12":"first","13":"instock","14":"sale","15":"shipping-taxable","16":"purchasable","17":"product-type-simple"},"_links":{"self":[{"href":"https:\/\/roveyayinevi.com.tr\/index.php\/wp-json\/wp\/v2\/product\/747465","targetHints":{"allow":["GET"]}}],"collection":[{"href":"https:\/\/roveyayinevi.com.tr\/index.php\/wp-json\/wp\/v2\/product"}],"about":[{"href":"https:\/\/roveyayinevi.com.tr\/index.php\/wp-json\/wp\/v2\/types\/product"}],"wp:attachment":[{"href":"https:\/\/roveyayinevi.com.tr\/index.php\/wp-json\/wp\/v2\/media?parent=747465"}],"wp:term":[{"taxonomy":"product_brand","embeddable":true,"href":"https:\/\/roveyayinevi.com.tr\/index.php\/wp-json\/wp\/v2\/product_brand?post=747465"},{"taxonomy":"product_cat","embeddable":true,"href":"https:\/\/roveyayinevi.com.tr\/index.php\/wp-json\/wp\/v2\/product_cat?post=747465"},{"taxonomy":"product_tag","embeddable":true,"href":"https:\/\/roveyayinevi.com.tr\/index.php\/wp-json\/wp\/v2\/product_tag?post=747465"}],"curies":[{"name":"wp","href":"https:\/\/api.w.org\/{rel}","templated":true}]}}