{"id":747462,"date":"2025-08-28T03:07:05","date_gmt":"2025-08-28T00:07:05","guid":{"rendered":"https:\/\/roveyayinevi.com.tr\/index.php\/urun\/kizildeniz-kayip-mekanin-izinde\/"},"modified":"2026-04-16T03:00:20","modified_gmt":"2026-04-16T00:00:20","slug":"kizildeniz-kayip-mekanin-izinde","status":"publish","type":"product","link":"https:\/\/roveyayinevi.com.tr\/index.php\/urun\/kizildeniz-kayip-mekanin-izinde\/","title":{"rendered":"K\u0131z\u0131ldeniz &#8211; Kay\u0131p Mekan\u0131n \u0130zinde"},"content":{"rendered":"<p>K\u0131z\u0131ldeniz ticaret, hac ve fetih pe\u015finde gidenler i\u00e7in ezelden beridir d\u00fcnyan\u0131n en \u00e7ok d\u00fcmen tutulan mek\u00e2n\u0131 olmu\u015ftur. Ne var ki bu \u00e7ok boyutlu tarih, kahramanlar\u0131 taraf\u0131ndan a\u00e7\u0131\u011fa \u00e7\u0131kar\u0131lmam\u0131\u015ft\u0131r.   Fernand Braudel\u2019in Akdeniz \u00fczerine me\u015fhur \u00e7al\u0131\u015fmas\u0131ndan ilham alan Alexis Wick, K\u0131z\u0131ldeniz:Kay\u0131p Mek\u00e2n\u0131n \u0130zinde\u2019de e\u015fsiz bir tarihi akt\u00f6r\u00fcn \u00f6zelliklerini ortaya koyuyor. Bu kay\u0131p mek\u00e2n\u0131 ele al\u0131rken ayr\u0131ca okuru Avrupamerkezcili\u011fin kalbine y\u00f6nlendirerek denizin ele\u015ftirel, kavramsal bir tarihini sunuyor. K\u0131z\u0131ldeniz\u2019in tarihyaz\u0131m\u0131na dahil edilmesiyle yetinmeyerek, emperyal Avrupa hegemonyas\u0131ndan \u00f6nce denizin ve d\u00fcnyan\u0131n tahayy\u00fcl edildi\u011fini ara\u015ft\u0131r\u0131yor. K\u0131z\u0131ldeniz\u2019in modern tarih felsefesinin \u00f6nemli bir unsuru oldu\u011funu g\u00f6steren yazar, ayn\u0131 zamanda tarih disiplini ve tarih\u00e7ilik zanaat\u0131 \u00fczerine serin bir sav \u00f6ne s\u00fcr\u00fcyor.   Alexis Wick, Ko\u00e7 \u00dcniversitesi Tarih B\u00f6l\u00fcm\u00fc\u2019nde \u00f6\u011fretim \u00fcyesidir. <\/p>\n","protected":false},"excerpt":{"rendered":"<p>K\u0131z\u0131ldeniz ticaret, hac ve fetih pe\u015finde gidenler i\u00e7in ezelden beridir d\u00fcnyan\u0131n en \u00e7ok d\u00fcmen tutulan mek\u00e2n\u0131 olmu\u015ftur. Ne var ki bu \u00e7ok boyutlu tarih, kahramanlar\u0131 taraf\u0131ndan<span class=\"excerpt-hellip\"> [\u2026]<\/span><\/p>\n","protected":false},"featured_media":0,"template":"","meta":{"_monsterinsights_skip_tracking":false,"_monsterinsights_sitenote_active":false,"_monsterinsights_sitenote_note":"","_monsterinsights_sitenote_category":0},"product_brand":[],"product_cat":[12370,12304],"product_tag":[],"class_list":{"0":"post-747462","1":"product","2":"type-product","3":"status-publish","5":"product_cat-arastirma-inceleme","6":"product_cat-tarih","7":"pa_cilt-ciltsiz","8":"pa_tur-kitap","9":"pa_yayinevi-koc-universitesi-yayinlari","10":"pa_yazar-alexis-wick","12":"first","13":"instock","14":"sale","15":"shipping-taxable","16":"purchasable","17":"product-type-simple"},"_links":{"self":[{"href":"https:\/\/roveyayinevi.com.tr\/index.php\/wp-json\/wp\/v2\/product\/747462","targetHints":{"allow":["GET"]}}],"collection":[{"href":"https:\/\/roveyayinevi.com.tr\/index.php\/wp-json\/wp\/v2\/product"}],"about":[{"href":"https:\/\/roveyayinevi.com.tr\/index.php\/wp-json\/wp\/v2\/types\/product"}],"wp:attachment":[{"href":"https:\/\/roveyayinevi.com.tr\/index.php\/wp-json\/wp\/v2\/media?parent=747462"}],"wp:term":[{"taxonomy":"product_brand","embeddable":true,"href":"https:\/\/roveyayinevi.com.tr\/index.php\/wp-json\/wp\/v2\/product_brand?post=747462"},{"taxonomy":"product_cat","embeddable":true,"href":"https:\/\/roveyayinevi.com.tr\/index.php\/wp-json\/wp\/v2\/product_cat?post=747462"},{"taxonomy":"product_tag","embeddable":true,"href":"https:\/\/roveyayinevi.com.tr\/index.php\/wp-json\/wp\/v2\/product_tag?post=747462"}],"curies":[{"name":"wp","href":"https:\/\/api.w.org\/{rel}","templated":true}]}}