{"id":747461,"date":"2025-08-28T03:07:03","date_gmt":"2025-08-28T00:07:03","guid":{"rendered":"https:\/\/roveyayinevi.com.tr\/index.php\/urun\/montekripto\/"},"modified":"2026-04-16T03:00:20","modified_gmt":"2026-04-16T00:00:20","slug":"montekripto","status":"publish","type":"product","link":"https:\/\/roveyayinevi.com.tr\/index.php\/urun\/montekripto\/","title":{"rendered":"Montekripto"},"content":{"rendered":"<p>Para kimdeyse g\u00fc\u00e7 ondad\u0131r! Garip ki\u015fili\u011fiyle tan\u0131nan Kaliforniyal\u0131 giri\u015fimci Gregory Hollister, paras\u0131n\u0131n \u00e7o\u011funu Bitcoin&#8217;e yat\u0131rm\u0131\u015ft\u0131r. Paranoyak Kaliforniyal\u0131 trajik bir kazada \u00f6l\u00fcnce servetini bulmak i\u00e7in m\u00fcthi\u015f bir av ba\u015flar, ancak adam hazineyi \u00e7ok iyi saklam\u0131\u015ft\u0131r. Peki, olay\u0131n \u00fczerine \u00fc\u015f\u00fc\u015fen medyan\u0131n Montekripto diye adland\u0131rd\u0131\u011f\u0131 dijital hazine nerededir? Hollister&#8217;\u0131n k\u0131z karde\u015fi kay\u0131p serveti bulmas\u0131 i\u00e7in \u00f6zel dedektif Ed Dante&#8217;yle anla\u015f\u0131r. Dante yapt\u0131\u011f\u0131 ara\u015ft\u0131rmalar sonucunda ba\u015fkalar\u0131n\u0131n da Montekripto&#8217;nun pe\u015finde oldu\u011funu fark eder. Hazinenin birka\u00e7 milyar dolar oldu\u011fu s\u00f6ylentileri g\u00f6z \u00f6n\u00fcne al\u0131nd\u0131\u011f\u0131nda bu durum \u00e7ok da \u015fa\u015f\u0131rt\u0131c\u0131 g\u00f6r\u00fcnmez; ancak hazinenin pe\u015fine d\u00fc\u015fenler s\u0131radan hazine avc\u0131lar\u0131 de\u011fildir. Ve cevaplanmas\u0131 gereken pek \u00e7ok soru vard\u0131r. Neden yabanc\u0131 istihbarat te\u015fkilatlar\u0131, FBI ve mafya hazineyle bu kadar yak\u0131ndan ilgilenir? Hollister&#8217;\u0131n miras\u0131 birka\u00e7 milyar dolarl\u0131k dijital madeni paradan daha fazlas\u0131 m\u0131d\u0131r? Montekripto t\u00fcm k\u00fcresel ekonomiyi u\u00e7uruma s\u00fcr\u00fckleyebilecek muazzam bir mali skandal\u0131n anahtar\u0131 m\u0131d\u0131r? Dijital hazine yanl\u0131\u015f ellere ge\u00e7meden \u00f6nce Montekripto&#8217;nun gizemi \u00e7\u00f6z\u00fclebilecek midir? Dante&#8217;nin kafas\u0131nda sorular art arda s\u0131ralan\u0131rken Los Angeles&#8217;tan New York ve Frankfurt&#8217;a uzan\u0131p, \u0130svi\u00e7re&#8217;nin &#8220;Kripto Vadisi&#8221; Zug&#8217;a kadar s\u00fcrecek d\u00fcnya \u00e7ap\u0131nda bir av ba\u015flar. Montekripto yeni uluslararas\u0131 finans ekonomisi hakk\u0131nda yaz\u0131lm\u0131\u015f, son derece heyecan verici ve g\u00fcncel bir siyasi gerilim roman\u0131\u2026 Tom Hillenbrand, Montekripto ile t\u00fcr\u00fcn ustas\u0131 oldu\u011funu kan\u0131tl\u0131yor.<\/p>\n","protected":false},"excerpt":{"rendered":"<p>Para kimdeyse g\u00fc\u00e7 ondad\u0131r! Garip ki\u015fili\u011fiyle tan\u0131nan Kaliforniyal\u0131 giri\u015fimci Gregory Hollister, paras\u0131n\u0131n \u00e7o\u011funu Bitcoin&#8217;e yat\u0131rm\u0131\u015ft\u0131r. Paranoyak Kaliforniyal\u0131 trajik bir kazada \u00f6l\u00fcnce servetini bulmak i\u00e7in m\u00fcthi\u015f bir<span class=\"excerpt-hellip\"> [\u2026]<\/span><\/p>\n","protected":false},"featured_media":0,"template":"","meta":{"_monsterinsights_skip_tracking":false,"_monsterinsights_sitenote_active":false,"_monsterinsights_sitenote_note":"","_monsterinsights_sitenote_category":0},"product_brand":[],"product_cat":[12291,12711],"product_tag":[],"class_list":{"0":"post-747461","1":"product","2":"type-product","3":"status-publish","5":"product_cat-edebiyat","6":"product_cat-roman-oyku","7":"pa_cilt-ciltsiz","8":"pa_tur-kitap","9":"pa_yayinevi-altin-kitaplar","10":"pa_yazar-tom-hillenbrand","12":"first","13":"instock","14":"sale","15":"shipping-taxable","16":"purchasable","17":"product-type-simple"},"_links":{"self":[{"href":"https:\/\/roveyayinevi.com.tr\/index.php\/wp-json\/wp\/v2\/product\/747461","targetHints":{"allow":["GET"]}}],"collection":[{"href":"https:\/\/roveyayinevi.com.tr\/index.php\/wp-json\/wp\/v2\/product"}],"about":[{"href":"https:\/\/roveyayinevi.com.tr\/index.php\/wp-json\/wp\/v2\/types\/product"}],"wp:attachment":[{"href":"https:\/\/roveyayinevi.com.tr\/index.php\/wp-json\/wp\/v2\/media?parent=747461"}],"wp:term":[{"taxonomy":"product_brand","embeddable":true,"href":"https:\/\/roveyayinevi.com.tr\/index.php\/wp-json\/wp\/v2\/product_brand?post=747461"},{"taxonomy":"product_cat","embeddable":true,"href":"https:\/\/roveyayinevi.com.tr\/index.php\/wp-json\/wp\/v2\/product_cat?post=747461"},{"taxonomy":"product_tag","embeddable":true,"href":"https:\/\/roveyayinevi.com.tr\/index.php\/wp-json\/wp\/v2\/product_tag?post=747461"}],"curies":[{"name":"wp","href":"https:\/\/api.w.org\/{rel}","templated":true}]}}