{"id":747459,"date":"2025-08-28T03:07:00","date_gmt":"2025-08-28T00:07:00","guid":{"rendered":"https:\/\/roveyayinevi.com.tr\/index.php\/urun\/hz-uzeyir-fassi-14-fas\/"},"modified":"2026-04-16T03:00:20","modified_gmt":"2026-04-16T00:00:20","slug":"hz-uzeyir-fassi-14-fas","status":"publish","type":"product","link":"https:\/\/roveyayinevi.com.tr\/index.php\/urun\/hz-uzeyir-fassi-14-fas\/","title":{"rendered":"Hz. \u00dczeyir Fass\u0131 (14. Fas)"},"content":{"rendered":"<p>\u201cKader demek, senin v\u00fccudunun yo\u011furulmu\u015f topra\u011f\u0131d\u0131r. Her ne olup ne bitecekse topra\u011f\u0131nla beraber yo\u011furulmu\u015ftur. Zaman\u0131 geldik\u00e7e vukua gelir. Fakat b\u00fct\u00fcn bunlar, sebeplere ba\u011flanm\u0131\u015ft\u0131r. Ancak sen sebepleri g\u00f6rme. Hep Allah\u2019tand\u0131r. Evvel de O\u2019dur, \u00c2hir de O\u2019dur. Z\u00e2hir de O\u2019dur, B\u00e2t\u0131n da O\u2019dur.\u201d Hz. Ken\u2019an Rif\u00e2\u00ee   \u0130bn\u00fc\u2019l-Arab\u00ee Hazretleri, bu fassta Kur\u2019\u00e2n\u2019\u0131n ve \u00dczeyir Peygamber\u2019in m\u00e2n\u00e2s\u0131ndan yararlanarak kader s\u0131rr\u0131n\u0131 anlatmaktad\u0131r. Kader s\u0131rr\u0131, yaln\u0131z Allah\u2019\u0131n bildi\u011fi bir s\u0131rd\u0131r ki gayb\u0131n anahtarlar\u0131 O\u2019nun kat\u0131ndad\u0131r ve onlar\u0131 sadece O bilir (En\u2019\u00e2m, 59). Ama anla\u015f\u0131l\u0131yor ki fena makam\u0131na gelip Hakk\u2019a s\u0131\u011f\u0131nan ve Hakk\u2019\u0131n v\u00fccudunu giydikten, yani Hak\u2019la Hak olduktan sonra Allah baz\u0131 sevdiklerine kader s\u0131rr\u0131n\u0131 a\u00e7\u0131klam\u0131\u015ft\u0131r. \u00dczeyir Peygamber ise bu s\u0131rr\u0131n a\u00e7\u0131klan\u0131\u015f\u0131n\u0131 100 y\u0131l \u00f6l\u00fcp sonra dirilerek g\u00f6stermi\u015f, yani \u201c\u00f6lmeden \u00f6nce \u00f6l\u00fc\u201d makam\u0131na gelmeden bu s\u0131rr\u0131n bilinemeyece\u011fini ispatlam\u0131\u015ft\u0131r. <\/p>\n","protected":false},"excerpt":{"rendered":"<p>\u201cKader demek, senin v\u00fccudunun yo\u011furulmu\u015f topra\u011f\u0131d\u0131r. Her ne olup ne bitecekse topra\u011f\u0131nla beraber yo\u011furulmu\u015ftur. Zaman\u0131 geldik\u00e7e vukua gelir. Fakat b\u00fct\u00fcn bunlar, sebeplere ba\u011flanm\u0131\u015ft\u0131r. Ancak sen sebepleri<span class=\"excerpt-hellip\"> [\u2026]<\/span><\/p>\n","protected":false},"featured_media":0,"template":"","meta":{"_monsterinsights_skip_tracking":false,"_monsterinsights_sitenote_active":false,"_monsterinsights_sitenote_note":"","_monsterinsights_sitenote_category":0},"product_brand":[],"product_cat":[12718,12719,15238],"product_tag":[],"class_list":{"0":"post-747459","1":"product","2":"type-product","3":"status-publish","5":"product_cat-din","6":"product_cat-islam","7":"product_cat-tasavvuf","8":"pa_cilt-ciltsiz","9":"pa_tur-kitap","10":"pa_yayinevi-nefes-yayincilik","11":"pa_yazar-cemalnur-sargut","13":"first","14":"instock","15":"sale","16":"shipping-taxable","17":"purchasable","18":"product-type-simple"},"_links":{"self":[{"href":"https:\/\/roveyayinevi.com.tr\/index.php\/wp-json\/wp\/v2\/product\/747459","targetHints":{"allow":["GET"]}}],"collection":[{"href":"https:\/\/roveyayinevi.com.tr\/index.php\/wp-json\/wp\/v2\/product"}],"about":[{"href":"https:\/\/roveyayinevi.com.tr\/index.php\/wp-json\/wp\/v2\/types\/product"}],"wp:attachment":[{"href":"https:\/\/roveyayinevi.com.tr\/index.php\/wp-json\/wp\/v2\/media?parent=747459"}],"wp:term":[{"taxonomy":"product_brand","embeddable":true,"href":"https:\/\/roveyayinevi.com.tr\/index.php\/wp-json\/wp\/v2\/product_brand?post=747459"},{"taxonomy":"product_cat","embeddable":true,"href":"https:\/\/roveyayinevi.com.tr\/index.php\/wp-json\/wp\/v2\/product_cat?post=747459"},{"taxonomy":"product_tag","embeddable":true,"href":"https:\/\/roveyayinevi.com.tr\/index.php\/wp-json\/wp\/v2\/product_tag?post=747459"}],"curies":[{"name":"wp","href":"https:\/\/api.w.org\/{rel}","templated":true}]}}