{"id":747458,"date":"2025-08-28T03:06:59","date_gmt":"2025-08-28T00:06:59","guid":{"rendered":"https:\/\/roveyayinevi.com.tr\/index.php\/urun\/pencereler\/"},"modified":"2026-04-16T03:00:20","modified_gmt":"2026-04-16T00:00:20","slug":"pencereler","status":"publish","type":"product","link":"https:\/\/roveyayinevi.com.tr\/index.php\/urun\/pencereler\/","title":{"rendered":"Pencereler"},"content":{"rendered":"<p>\u201cJ.-B. Pontalis, Pencereler\u2019de psikanaliz ile edebiyat\u0131 birbirine kar\u0131\u015ft\u0131r\u0131r ve neredeyse yeni bir t\u00fcr yaz\u0131 bi\u00e7imi yarat\u0131r. \u00d6tekini dinlemek ve anlamakla kendini yazmak, anlatmak etkinliklerini y\u0131llar\u0131n deneyiminden s\u00fczerek ve birbirinden ayr\u0131lmaz bir sarmal yap\u0131 i\u00e7inde sunar bize. K\u0131sa ama yo\u011fun metinlerdir bunlar. Ya\u015fam\u0131n i\u00e7inden gelen, ya\u015fam\u0131n i\u00e7inden ge\u00e7en metinler. Bir psikanalist-yazar\u0131n kaleminden \u00e7\u0131kanlar. Ger\u00e7ekten de Pontalis\u2019in kaleminde olgu \u00f6yk\u00fcs\u00fc, \u00f6zya\u015fam\u00f6yk\u00fcs\u00fc, roman ve psikanalitik deneme s\u0131n\u0131rlar\u0131n\u0131 yitirir, birbirlerine kar\u0131\u015f\u0131rlar.\u201d Talat Parman   Pontalis\u2019ten insan ruhsall\u0131\u011f\u0131na a\u00e7\u0131lan pencereler, \u201c\u00f6zel bir s\u00f6zc\u00fck da\u011farc\u0131\u011f\u0131\u201d. <\/p>\n","protected":false},"excerpt":{"rendered":"<p>\u201cJ.-B. Pontalis, Pencereler\u2019de psikanaliz ile edebiyat\u0131 birbirine kar\u0131\u015ft\u0131r\u0131r ve neredeyse yeni bir t\u00fcr yaz\u0131 bi\u00e7imi yarat\u0131r. \u00d6tekini dinlemek ve anlamakla kendini yazmak, anlatmak etkinliklerini y\u0131llar\u0131n deneyiminden<span class=\"excerpt-hellip\"> [\u2026]<\/span><\/p>\n","protected":false},"featured_media":0,"template":"","meta":{"_monsterinsights_skip_tracking":false,"_monsterinsights_sitenote_active":false,"_monsterinsights_sitenote_note":"","_monsterinsights_sitenote_category":0},"product_brand":[],"product_cat":[12777,12291],"product_tag":[],"class_list":{"0":"post-747458","1":"product","2":"type-product","3":"status-publish","5":"product_cat-deneme","6":"product_cat-edebiyat","7":"pa_cilt-ciltsiz","8":"pa_tur-kitap","9":"pa_yayinevi-yapi-kredi-yayinlari","10":"pa_yazar-j-b-pontalis","12":"first","13":"instock","14":"sale","15":"shipping-taxable","16":"purchasable","17":"product-type-simple"},"_links":{"self":[{"href":"https:\/\/roveyayinevi.com.tr\/index.php\/wp-json\/wp\/v2\/product\/747458","targetHints":{"allow":["GET"]}}],"collection":[{"href":"https:\/\/roveyayinevi.com.tr\/index.php\/wp-json\/wp\/v2\/product"}],"about":[{"href":"https:\/\/roveyayinevi.com.tr\/index.php\/wp-json\/wp\/v2\/types\/product"}],"wp:attachment":[{"href":"https:\/\/roveyayinevi.com.tr\/index.php\/wp-json\/wp\/v2\/media?parent=747458"}],"wp:term":[{"taxonomy":"product_brand","embeddable":true,"href":"https:\/\/roveyayinevi.com.tr\/index.php\/wp-json\/wp\/v2\/product_brand?post=747458"},{"taxonomy":"product_cat","embeddable":true,"href":"https:\/\/roveyayinevi.com.tr\/index.php\/wp-json\/wp\/v2\/product_cat?post=747458"},{"taxonomy":"product_tag","embeddable":true,"href":"https:\/\/roveyayinevi.com.tr\/index.php\/wp-json\/wp\/v2\/product_tag?post=747458"}],"curies":[{"name":"wp","href":"https:\/\/api.w.org\/{rel}","templated":true}]}}