{"id":747457,"date":"2025-08-28T03:06:58","date_gmt":"2025-08-28T00:06:58","guid":{"rendered":"https:\/\/roveyayinevi.com.tr\/index.php\/urun\/dijital-babadan-mesaj-var\/"},"modified":"2026-04-16T03:00:20","modified_gmt":"2026-04-16T00:00:20","slug":"dijital-babadan-mesaj-var","status":"publish","type":"product","link":"https:\/\/roveyayinevi.com.tr\/index.php\/urun\/dijital-babadan-mesaj-var\/","title":{"rendered":"Dijital Baba\u2019dan Mesaj Var!"},"content":{"rendered":"<p>Orhan Toker, \u00e7o\u011funuzun onu tan\u0131d\u0131\u011f\u0131 di\u011fer ad\u0131yla Dijital Baba; bir mimar, bir bili\u015fimci, bir ara\u015ft\u0131rmac\u0131, bir okur, bir yazar ve ayn\u0131 zamanda bir baba\u2026 Ba\u015f d\u00f6nd\u00fcr\u00fcc\u00fc bir h\u0131zla geli\u015fen ve \u00fcrk\u00fct\u00fcc\u00fc bir \u015fekilde bilinmeze do\u011fru yol alan dijital d\u00fcnyada \u00e7ocuklar\u0131n ya\u015fad\u0131\u011f\u0131 sorunlar, onu bu alanda \u00e7al\u0131\u015fmaya y\u00f6nlendirdi. \u015eu anda elinizde tuttu\u011funuz kitap onun verdi\u011fi bu m\u00fccadelenin eserlerinden biri\u2026 Kapitalist d\u00fcnya d\u00fczeni, daha fazla para kazanmak u\u011fruna \u00f6n\u00fcne \u00e7\u0131kan her \u015feyi y\u0131kan bir kas\u0131rga gibi de\u011ferlerimizi ve aile yap\u0131m\u0131z\u0131 da \u00f6n\u00fcne kat\u0131p s\u00fcr\u00fcklemek istiyor. \u00c7ocuklar\u0131m\u0131z\u0131 bizden koparmak, aileleri par\u00e7alamak i\u00e7in \u00e7ocuklara en kolay ula\u015fabilece\u011fi dijital \u00e7a\u011f\u0131n gere\u00e7lerini hi\u00e7bir ahlaki de\u011fer g\u00f6zetmeksizin kullanmaktan geri kalm\u0131yor. Do\u011fal olarak dijital d\u00fcnyan\u0131n bu tehlikelerinden bizi haberdar etmek isteyenlerden de hi\u00e7 ho\u015flanm\u0131yor. Bizleri uyaranlar\u0131 bizim g\u00f6z\u00fcm\u00fczden uzak tutmak ve yapabilirlerse kendi saflar\u0131na \u00e7ekmek i\u00e7in her yolu deniyorlar. En b\u00fcy\u00fck rahats\u0131zl\u0131klar\u0131, aile yap\u0131s\u0131n\u0131n korunmas\u0131na \u00e7al\u0131\u015f\u0131lmas\u0131. \u00c7\u00fcnk\u00fc biliyorlar ki aile olarak birbirimize s\u0131ms\u0131k\u0131 tutunmay\u0131 ba\u015farabilirsek onlar \u201cb\u00f6l ve daha fazla kazan\u201d stratejilerini uygulayamayacaklar. Biliyorlar ki bizi t\u0131pk\u0131 a\u011fa\u00e7lar gibi birbirimize ba\u011flayan k\u00f6klerimize sahip \u00e7\u0131kt\u0131k\u00e7a ba\u015faramayacaklar. Biliyorlar ki birbirlerini seven, birbirlerine de\u011fer veren, birbirleriyle yar\u0131\u015fmaktan \u00e7ok birbirlerine yard\u0131m etmek isteyen insanlar\u0131 diledikleri gibi y\u00f6nlendiremeyecekler. Yazar\u0131m\u0131z ancak \u00e7ocuklar\u0131m\u0131za gereken vakti ay\u0131rd\u0131\u011f\u0131m\u0131zda, onlar\u0131 ihmal etmedi\u011fimizde ve sadece kendi \u00e7ocu\u011fumuzu de\u011fil t\u00fcm \u00e7ocuklar\u0131 d\u00fc\u015f\u00fcnd\u00fc\u011f\u00fcm\u00fczde ba\u015far\u0131l\u0131 olabilece\u011fimizi ger\u00e7ek ya\u015famdan \u00f6rneklerle kaleme alm\u0131\u015f. <\/p>\n","protected":false},"excerpt":{"rendered":"<p>Orhan Toker, \u00e7o\u011funuzun onu tan\u0131d\u0131\u011f\u0131 di\u011fer ad\u0131yla Dijital Baba; bir mimar, bir bili\u015fimci, bir ara\u015ft\u0131rmac\u0131, bir okur, bir yazar ve ayn\u0131 zamanda bir baba\u2026 Ba\u015f d\u00f6nd\u00fcr\u00fcc\u00fc<span class=\"excerpt-hellip\"> [\u2026]<\/span><\/p>\n","protected":false},"featured_media":0,"template":"","meta":{"_monsterinsights_skip_tracking":false,"_monsterinsights_sitenote_active":false,"_monsterinsights_sitenote_note":"","_monsterinsights_sitenote_category":0},"product_brand":[],"product_cat":[14787,13488],"product_tag":[],"class_list":{"0":"post-747457","1":"product","2":"type-product","3":"status-publish","5":"product_cat-diger-toplum-ve-insan","6":"product_cat-toplum-ve-insan","7":"pa_cilt-ciltsiz","8":"pa_tur-kitap","9":"pa_yayinevi-tuti-kitap","10":"pa_yazar-orhan-toker","12":"first","13":"instock","14":"sale","15":"shipping-taxable","16":"purchasable","17":"product-type-simple"},"_links":{"self":[{"href":"https:\/\/roveyayinevi.com.tr\/index.php\/wp-json\/wp\/v2\/product\/747457","targetHints":{"allow":["GET"]}}],"collection":[{"href":"https:\/\/roveyayinevi.com.tr\/index.php\/wp-json\/wp\/v2\/product"}],"about":[{"href":"https:\/\/roveyayinevi.com.tr\/index.php\/wp-json\/wp\/v2\/types\/product"}],"wp:attachment":[{"href":"https:\/\/roveyayinevi.com.tr\/index.php\/wp-json\/wp\/v2\/media?parent=747457"}],"wp:term":[{"taxonomy":"product_brand","embeddable":true,"href":"https:\/\/roveyayinevi.com.tr\/index.php\/wp-json\/wp\/v2\/product_brand?post=747457"},{"taxonomy":"product_cat","embeddable":true,"href":"https:\/\/roveyayinevi.com.tr\/index.php\/wp-json\/wp\/v2\/product_cat?post=747457"},{"taxonomy":"product_tag","embeddable":true,"href":"https:\/\/roveyayinevi.com.tr\/index.php\/wp-json\/wp\/v2\/product_tag?post=747457"}],"curies":[{"name":"wp","href":"https:\/\/api.w.org\/{rel}","templated":true}]}}