{"id":747454,"date":"2025-08-28T03:06:53","date_gmt":"2025-08-28T00:06:53","guid":{"rendered":"https:\/\/roveyayinevi.com.tr\/index.php\/urun\/ben-size-cok-geldim\/"},"modified":"2026-04-13T03:06:02","modified_gmt":"2026-04-13T00:06:02","slug":"ben-size-cok-geldim","status":"publish","type":"product","link":"https:\/\/roveyayinevi.com.tr\/index.php\/urun\/ben-size-cok-geldim\/","title":{"rendered":"Ben Size \u00c7ok Geldim"},"content":{"rendered":"<p>\u015eiirimizin son otuz y\u0131l\u0131nda \u015fiirleri ve modern \u015fiirimiz \u00fcst\u00fcne inceleme-ele\u015ftiri kitaplar\u0131yla tan\u0131nan Mehmet Can Do\u011fan\u2019\u0131n toplu \u015fiirleri daha \u00f6nce Ba\u015fka T\u00fcrl\u00fc de Olur adl\u0131 kitapta bir araya gelmi\u015fti.   Ben Size \u00c7ok Geldim ise \u015fairin son birka\u00e7 y\u0131lda yazd\u0131\u011f\u0131 yeni \u015fiirlerini i\u00e7eriyor. Bu \u015fiirlerde kendini rahat bir s\u00f6yleyi\u015fle ve dilin bilmeceli \u00f6zellikleri i\u00e7inde ortaya koyuyor \u015fair. S\u00f6z eksildik\u00e7e anlam b\u00fcy\u00fcyor.   \u201c\u015fu z\u00e2lim denen her \u015feylerin aras\u0131nda i\u015fte her \u015feylerin oldu\u011fu kadar ben size \u00e7ok geldim\u201d <\/p>\n","protected":false},"excerpt":{"rendered":"<p>\u015eiirimizin son otuz y\u0131l\u0131nda \u015fiirleri ve modern \u015fiirimiz \u00fcst\u00fcne inceleme-ele\u015ftiri kitaplar\u0131yla tan\u0131nan Mehmet Can Do\u011fan\u2019\u0131n toplu \u015fiirleri daha \u00f6nce Ba\u015fka T\u00fcrl\u00fc de Olur adl\u0131 kitapta bir<span class=\"excerpt-hellip\"> [\u2026]<\/span><\/p>\n","protected":false},"featured_media":0,"template":"","meta":{"_monsterinsights_skip_tracking":false,"_monsterinsights_sitenote_active":false,"_monsterinsights_sitenote_note":"","_monsterinsights_sitenote_category":0},"product_brand":[],"product_cat":[12291,12509],"product_tag":[],"class_list":{"0":"post-747454","1":"product","2":"type-product","3":"status-publish","5":"product_cat-edebiyat","6":"product_cat-siir","7":"pa_cilt-ciltsiz","8":"pa_tur-kitap","9":"pa_yayinevi-yapi-kredi-yayinlari","10":"pa_yazar-mehmet-can-dogan","12":"first","13":"instock","14":"sale","15":"shipping-taxable","16":"purchasable","17":"product-type-simple"},"_links":{"self":[{"href":"https:\/\/roveyayinevi.com.tr\/index.php\/wp-json\/wp\/v2\/product\/747454","targetHints":{"allow":["GET"]}}],"collection":[{"href":"https:\/\/roveyayinevi.com.tr\/index.php\/wp-json\/wp\/v2\/product"}],"about":[{"href":"https:\/\/roveyayinevi.com.tr\/index.php\/wp-json\/wp\/v2\/types\/product"}],"wp:attachment":[{"href":"https:\/\/roveyayinevi.com.tr\/index.php\/wp-json\/wp\/v2\/media?parent=747454"}],"wp:term":[{"taxonomy":"product_brand","embeddable":true,"href":"https:\/\/roveyayinevi.com.tr\/index.php\/wp-json\/wp\/v2\/product_brand?post=747454"},{"taxonomy":"product_cat","embeddable":true,"href":"https:\/\/roveyayinevi.com.tr\/index.php\/wp-json\/wp\/v2\/product_cat?post=747454"},{"taxonomy":"product_tag","embeddable":true,"href":"https:\/\/roveyayinevi.com.tr\/index.php\/wp-json\/wp\/v2\/product_tag?post=747454"}],"curies":[{"name":"wp","href":"https:\/\/api.w.org\/{rel}","templated":true}]}}