{"id":747452,"date":"2025-08-28T03:06:50","date_gmt":"2025-08-28T00:06:50","guid":{"rendered":"https:\/\/roveyayinevi.com.tr\/index.php\/urun\/dalgalar-7\/"},"modified":"2026-04-07T03:05:22","modified_gmt":"2026-04-07T00:05:22","slug":"dalgalar-7","status":"publish","type":"product","link":"https:\/\/roveyayinevi.com.tr\/index.php\/urun\/dalgalar-7\/","title":{"rendered":"Dalgalar"},"content":{"rendered":"<p>21. y\u00fczy\u0131l\u0131n ilk b\u00fcy\u00fck afeti olan 2004 Hint Okyanusu depremi ve tsunamisinin ard\u0131ndan yaz\u0131lm\u0131\u015f bir roman Dalgalar. Annesini kaybetmi\u015f bir adam\u0131n Tayland\u2019a ailesiyle yapt\u0131\u011f\u0131 turistik bir gezinin anlat\u0131m\u0131.   \u00c7a\u011f\u0131n getirdiklerine yabanc\u0131 kal\u0131p s\u0131k s\u0131k kendi ge\u00e7mi\u015fine, \u00e7ocukluk an\u0131lar\u0131na s\u0131\u011f\u0131nan adam i\u00e7in bu gezi k\u0131sa s\u00fcrede uykusuz gecelerle dolu bir k\u00e2busa d\u00f6n\u00fc\u015f\u00fcr. On binlerce insan\u0131 yutacak tsunamiyi \u00f6nceden sezip da\u011flara ka\u00e7an filler gibi o da biletini erkenden kestirip evine d\u00f6necektir.   \u201cMilyarlarca rastlant\u0131yla olu\u015fmu\u015f, uzaktan masmavi g\u00f6r\u00fcnen bu gezegende, insanlar\u0131n ortaya \u00e7\u0131k\u0131\u015f\u0131 da bu rastlant\u0131lar aras\u0131ndayd\u0131. Rastlant\u0131yla olu\u015fmu\u015f bir varl\u0131k neden korunsundu? Zaten neden var oldu\u011funu bilmiyor, sonra da yok olup gidiyordu. Do\u011fan\u0131n da kendi ya\u015fam\u0131 vard\u0131. \u0130nsanlar\u0131 ya\u015fam\u0131na uymayan k\u00f6r bir ya\u015famd\u0131 bu. Ger\u00e7ek olan bu denizlerdi. Sonsuz, tehlikeli okyanuslar, birbirine ula\u015fan bitimsiz sular.   Ger\u00e7ek olan dalgalard\u0131. Bunlar denizlerin, duygular\u0131n, i\u00e7inden y\u00fckselen ac\u0131n\u0131n bireysel varl\u0131\u011f\u0131n\u0131 bo\u011fan her \u015feyin, \u00f6l\u00fcm\u00fcn dalgalar\u0131yd\u0131.\u201d <\/p>\n","protected":false},"excerpt":{"rendered":"<p>21. y\u00fczy\u0131l\u0131n ilk b\u00fcy\u00fck afeti olan 2004 Hint Okyanusu depremi ve tsunamisinin ard\u0131ndan yaz\u0131lm\u0131\u015f bir roman Dalgalar. Annesini kaybetmi\u015f bir adam\u0131n Tayland\u2019a ailesiyle yapt\u0131\u011f\u0131 turistik bir<span class=\"excerpt-hellip\"> [\u2026]<\/span><\/p>\n","protected":false},"featured_media":0,"template":"","meta":{"_monsterinsights_skip_tracking":false,"_monsterinsights_sitenote_active":false,"_monsterinsights_sitenote_note":"","_monsterinsights_sitenote_category":0},"product_brand":[],"product_cat":[12291,12711],"product_tag":[],"class_list":{"0":"post-747452","1":"product","2":"type-product","3":"status-publish","5":"product_cat-edebiyat","6":"product_cat-roman-oyku","7":"pa_cilt-ciltsiz","8":"pa_tur-kitap","9":"pa_yayinevi-yapi-kredi-yayinlari","10":"pa_yazar-demir-ozlu","12":"first","13":"instock","14":"sale","15":"shipping-taxable","16":"purchasable","17":"product-type-simple"},"_links":{"self":[{"href":"https:\/\/roveyayinevi.com.tr\/index.php\/wp-json\/wp\/v2\/product\/747452","targetHints":{"allow":["GET"]}}],"collection":[{"href":"https:\/\/roveyayinevi.com.tr\/index.php\/wp-json\/wp\/v2\/product"}],"about":[{"href":"https:\/\/roveyayinevi.com.tr\/index.php\/wp-json\/wp\/v2\/types\/product"}],"wp:attachment":[{"href":"https:\/\/roveyayinevi.com.tr\/index.php\/wp-json\/wp\/v2\/media?parent=747452"}],"wp:term":[{"taxonomy":"product_brand","embeddable":true,"href":"https:\/\/roveyayinevi.com.tr\/index.php\/wp-json\/wp\/v2\/product_brand?post=747452"},{"taxonomy":"product_cat","embeddable":true,"href":"https:\/\/roveyayinevi.com.tr\/index.php\/wp-json\/wp\/v2\/product_cat?post=747452"},{"taxonomy":"product_tag","embeddable":true,"href":"https:\/\/roveyayinevi.com.tr\/index.php\/wp-json\/wp\/v2\/product_tag?post=747452"}],"curies":[{"name":"wp","href":"https:\/\/api.w.org\/{rel}","templated":true}]}}