{"id":747450,"date":"2025-08-28T03:06:48","date_gmt":"2025-08-28T00:06:48","guid":{"rendered":"https:\/\/roveyayinevi.com.tr\/index.php\/urun\/ne-oldu-sana\/"},"modified":"2026-04-08T03:06:42","modified_gmt":"2026-04-08T00:06:42","slug":"ne-oldu-sana","status":"publish","type":"product","link":"https:\/\/roveyayinevi.com.tr\/index.php\/urun\/ne-oldu-sana\/","title":{"rendered":"Ne Oldu Sana?"},"content":{"rendered":"<p>K\u00d6PEK G\u0130B\u0130 B\u00dcY\u00dcT\u00dcLM\u00dc\u015e \u00c7OCUK\u2019UN YAZARI DR. BRUCE D. PERRY \u0130LE OPRAH WINFREY ARASINDA HAYAT D\u00d6N\u00dc\u015eT\u00dcREN B\u0130R D\u0130YALOG   # 1 New York Times Best Seller K\u00fc\u00e7\u00fck ya\u015flardaki deneyimlerimiz hayat\u0131m\u0131z\u0131n geri kalan\u0131n\u0131 nas\u0131l \u015fekillendirir? Davran\u0131\u015f kal\u0131plar\u0131m\u0131z\u0131, belirli durumlar kar\u015f\u0131s\u0131nda tepkilerimizi, duygular\u0131m\u0131z\u0131 ve d\u00fc\u015f\u00fcncelerimizi belirleyen ruhsal, ki\u015fisel ve biyolojik fakt\u00f6rler nelerdir? Travmalar\u0131n, olumsuz an\u0131lar\u0131n, maruz kald\u0131\u011f\u0131m\u0131z olaylar\u0131n zihnimizdeki ve bedenimizdeki kal\u0131c\u0131 izlerine ra\u011fmen kendimizi d\u00f6n\u00fc\u015ft\u00fcrmemiz m\u00fcmk\u00fcn m\u00fcd\u00fcr? K\u00f6pek Gibi B\u00fcy\u00fct\u00fclm\u00fc\u015f \u00c7ocuk kitab\u0131n\u0131n yazar\u0131, beyin ve travma uzman\u0131 psikiyatrist Dr. Bruce Perry ile canal\u0131c\u0131 konularda yapt\u0131\u011f\u0131 binlerce s\u00f6yle\u015fiyle milyonlarca insan\u0131n hayat\u0131na dokunan \u00fcnl\u00fc sunucu, aktivist, hay\u0131rsever Oprah Winfrey bu sorulara ve bunlarla ili\u015fkili pek \u00e7ok konuya dair bilimsel, samimi, hayat tecr\u00fcbelerine dayanan bir sohbet y\u00fcr\u00fcterek travma, psikolojik dayanakl\u0131l\u0131k ve iyile\u015fmeye dair merak ve tart\u0131\u015fma konusu olan her \u015feyi enine boyuna ele al\u0131yor. \u0130nsanlara yakla\u015f\u0131mda bak\u0131\u015f a\u00e7\u0131s\u0131n\u0131 ve yakla\u015f\u0131m\u0131 \u201cDerdin ne senin?\u201dden \u201cNe oldu sana?\u201d sorusuna kayd\u0131ran Winfrey ve Dr. Perry her birimizin bizi \u015fekillendiren deneyimleri daha iyi anlayabilmesini sa\u011flayarak hepimizin kendi hayat\u0131na dair i\u00e7g\u00f6r\u00fcler kazanmas\u0131na yard\u0131mc\u0131 oluyor, b\u00f6ylece kendimizle ve ba\u015fkalar\u0131yla kurdu\u011fumuz ili\u015fkileri sa\u011falt\u0131p g\u00fc\u00e7lendirerek daha iyi bir ya\u015fam s\u00fcrmemizin yollar\u0131na i\u015faret ediyor. <\/p>\n","protected":false},"excerpt":{"rendered":"<p>K\u00d6PEK G\u0130B\u0130 B\u00dcY\u00dcT\u00dcLM\u00dc\u015e \u00c7OCUK\u2019UN YAZARI DR. BRUCE D. PERRY \u0130LE OPRAH WINFREY ARASINDA HAYAT D\u00d6N\u00dc\u015eT\u00dcREN B\u0130R D\u0130YALOG # 1 New York Times Best Seller K\u00fc\u00e7\u00fck ya\u015flardaki<span class=\"excerpt-hellip\"> [\u2026]<\/span><\/p>\n","protected":false},"featured_media":0,"template":"","meta":{"_monsterinsights_skip_tracking":false,"_monsterinsights_sitenote_active":false,"_monsterinsights_sitenote_note":"","_monsterinsights_sitenote_category":0},"product_brand":[],"product_cat":[12357],"product_tag":[],"class_list":{"0":"post-747450","1":"product","2":"type-product","3":"status-publish","5":"product_cat-psikoloji","6":"pa_cilt-ciltsiz","7":"pa_tur-kitap","8":"pa_yayinevi-koridor-yayincilik","9":"pa_yazar-bruce-d-perry-oprah-winfrey","11":"first","12":"instock","13":"sale","14":"shipping-taxable","15":"purchasable","16":"product-type-simple"},"_links":{"self":[{"href":"https:\/\/roveyayinevi.com.tr\/index.php\/wp-json\/wp\/v2\/product\/747450","targetHints":{"allow":["GET"]}}],"collection":[{"href":"https:\/\/roveyayinevi.com.tr\/index.php\/wp-json\/wp\/v2\/product"}],"about":[{"href":"https:\/\/roveyayinevi.com.tr\/index.php\/wp-json\/wp\/v2\/types\/product"}],"wp:attachment":[{"href":"https:\/\/roveyayinevi.com.tr\/index.php\/wp-json\/wp\/v2\/media?parent=747450"}],"wp:term":[{"taxonomy":"product_brand","embeddable":true,"href":"https:\/\/roveyayinevi.com.tr\/index.php\/wp-json\/wp\/v2\/product_brand?post=747450"},{"taxonomy":"product_cat","embeddable":true,"href":"https:\/\/roveyayinevi.com.tr\/index.php\/wp-json\/wp\/v2\/product_cat?post=747450"},{"taxonomy":"product_tag","embeddable":true,"href":"https:\/\/roveyayinevi.com.tr\/index.php\/wp-json\/wp\/v2\/product_tag?post=747450"}],"curies":[{"name":"wp","href":"https:\/\/api.w.org\/{rel}","templated":true}]}}