{"id":747447,"date":"2025-08-28T03:06:43","date_gmt":"2025-08-28T00:06:43","guid":{"rendered":"https:\/\/roveyayinevi.com.tr\/index.php\/urun\/kargasabunu\/"},"modified":"2026-04-16T03:00:04","modified_gmt":"2026-04-16T00:00:04","slug":"kargasabunu","status":"publish","type":"product","link":"https:\/\/roveyayinevi.com.tr\/index.php\/urun\/kargasabunu\/","title":{"rendered":"Kargasabunu"},"content":{"rendered":"<p>\u00d6yk\u00fc ve romanlar\u0131yla tan\u0131nan Faruk Duman bu kez on masal\u0131n yeniden yaz\u0131m\u0131yla okurunun kar\u015f\u0131s\u0131nda: \u201cMe\u015fe Adamlar\u0131\u201d, \u201cSarraf\u201d, \u201cZ\u00fcmr\u00fcd\u00fcanka\u201d, \u201cKi\u015fneme\u201d, \u201cE\u011fil \u00c7\u0131nar\u0131m E\u011fil\u201d, \u201cT\u0131ls\u0131ml\u0131 Yorgan\u201d, \u201cNuh\u201d, \u201cZ.\u201d, \u201cS\u00f6z Sat\u0131c\u0131s\u0131\u201d, \u201cCanlanma\u201d.   Kargasabunu\u2019nda masal d\u00fcnyas\u0131ndan se\u00e7ti\u011fi on metne t\u0131ls\u0131ml\u0131 kalemiyle dokunan Faruk Duman kitab\u0131n \u00f6ns\u00f6z\u00fcnde \u015funlar\u0131 s\u00f6yl\u00fcyor:   \u201cTa ilkokul y\u0131llar\u0131mdan, yani kitap okumaya ve b\u00fcy\u00fcklerden masallar dinlemeye ba\u015flad\u0131\u011f\u0131mdan beri, b\u00fcy\u00fcl\u00fc, ger\u00e7ek\u00fcst\u00fc, hayallerle dolu d\u00fcnyalar o kadar ilgilimi \u00e7ekti ki, yazman\u0131n as\u0131l amac\u0131, benim i\u00e7in, bu d\u00fcnyaya\/d\u00fcnyalara yolculuk oldu&#8230; Ben, \u00e7o\u011fun bilinmeyen ama benim \u00f6yk\u00fc dilime yatk\u0131n olacak, yorumlanabilecek, yeni kahramanlar ve olay par\u00e7alar\u0131yla zenginle\u015febilecek bu anlat\u0131lardan yola \u00e7\u0131karak bu \u00f6yk\u00fcleri yazd\u0131m&#8230; Okuyunca g\u00f6receksiniz; bizim masal kayna\u011f\u0131m\u0131z, hen\u00fcz ucundan bile ge\u00e7medi\u011fimiz kadar ulu ve derin ve d\u00fc\u015f\u00fcnd\u00fc\u011f\u00fcm\u00fcz, bildi\u011fimiz kal\u0131plardan uzak. \u00c7ok daha yarat\u0131c\u0131, keskin, yer yer korkun\u00e7 ve deh\u015fetli, u\u00e7suz bucaks\u0131z bir kaynak. Elbette, benim istedi\u011fim onu oldu\u011fu gibi aktarmak olmad\u0131, onu hocalar\u0131m\u0131z zaten yapt\u0131. Ben, o kaynaktan yeni \u00f6yk\u00fcler yaratmak, bug\u00fcn\u00fcn \u00f6yk\u00fclerini yaratmak, b\u00f6ylece okuru da bundan haberdar etmek istedim.\u201d <\/p>\n","protected":false},"excerpt":{"rendered":"<p>\u00d6yk\u00fc ve romanlar\u0131yla tan\u0131nan Faruk Duman bu kez on masal\u0131n yeniden yaz\u0131m\u0131yla okurunun kar\u015f\u0131s\u0131nda: \u201cMe\u015fe Adamlar\u0131\u201d, \u201cSarraf\u201d, \u201cZ\u00fcmr\u00fcd\u00fcanka\u201d, \u201cKi\u015fneme\u201d, \u201cE\u011fil \u00c7\u0131nar\u0131m E\u011fil\u201d, \u201cT\u0131ls\u0131ml\u0131 Yorgan\u201d, \u201cNuh\u201d, \u201cZ.\u201d,<span class=\"excerpt-hellip\"> [\u2026]<\/span><\/p>\n","protected":false},"featured_media":0,"template":"","meta":{"_monsterinsights_skip_tracking":false,"_monsterinsights_sitenote_active":false,"_monsterinsights_sitenote_note":"","_monsterinsights_sitenote_category":0},"product_brand":[],"product_cat":[12291,12711],"product_tag":[],"class_list":{"0":"post-747447","1":"product","2":"type-product","3":"status-publish","5":"product_cat-edebiyat","6":"product_cat-roman-oyku","7":"pa_cilt-ciltsiz","8":"pa_tur-kitap","9":"pa_yayinevi-yapi-kredi-yayinlari","10":"pa_yazar-faruk-duman","12":"first","13":"instock","14":"sale","15":"shipping-taxable","16":"purchasable","17":"product-type-simple"},"_links":{"self":[{"href":"https:\/\/roveyayinevi.com.tr\/index.php\/wp-json\/wp\/v2\/product\/747447","targetHints":{"allow":["GET"]}}],"collection":[{"href":"https:\/\/roveyayinevi.com.tr\/index.php\/wp-json\/wp\/v2\/product"}],"about":[{"href":"https:\/\/roveyayinevi.com.tr\/index.php\/wp-json\/wp\/v2\/types\/product"}],"wp:attachment":[{"href":"https:\/\/roveyayinevi.com.tr\/index.php\/wp-json\/wp\/v2\/media?parent=747447"}],"wp:term":[{"taxonomy":"product_brand","embeddable":true,"href":"https:\/\/roveyayinevi.com.tr\/index.php\/wp-json\/wp\/v2\/product_brand?post=747447"},{"taxonomy":"product_cat","embeddable":true,"href":"https:\/\/roveyayinevi.com.tr\/index.php\/wp-json\/wp\/v2\/product_cat?post=747447"},{"taxonomy":"product_tag","embeddable":true,"href":"https:\/\/roveyayinevi.com.tr\/index.php\/wp-json\/wp\/v2\/product_tag?post=747447"}],"curies":[{"name":"wp","href":"https:\/\/api.w.org\/{rel}","templated":true}]}}