{"id":747445,"date":"2025-08-28T03:06:40","date_gmt":"2025-08-28T00:06:40","guid":{"rendered":"https:\/\/roveyayinevi.com.tr\/index.php\/urun\/urperti\/"},"modified":"2026-04-16T03:00:04","modified_gmt":"2026-04-16T00:00:04","slug":"urperti","status":"publish","type":"product","link":"https:\/\/roveyayinevi.com.tr\/index.php\/urun\/urperti\/","title":{"rendered":"\u00dcrperti"},"content":{"rendered":"<p>Koyu karanl\u0131k g\u00fcnlerden ge\u00e7iyoruz Ah ki koyu karanl\u0131k b\u00fct\u00fcn evren; Ormanlar yang\u0131n, i\u00e7imdeki u\u011fultu dilsiz\u2026 B\u00fcy\u00fck \u015feyler kuruyorum hayat\u0131ma ili\u015fkin   Ki biliyorum, ya\u015f\u0131m altm\u0131\u015f\u0131 ge\u00e7mi\u015fken Ve be\u015fini bitirmek \u00fczereyken k\u0131z\u0131m\u2026 <\/p>\n","protected":false},"excerpt":{"rendered":"<p>Koyu karanl\u0131k g\u00fcnlerden ge\u00e7iyoruz Ah ki koyu karanl\u0131k b\u00fct\u00fcn evren; Ormanlar yang\u0131n, i\u00e7imdeki u\u011fultu dilsiz\u2026 B\u00fcy\u00fck \u015feyler kuruyorum hayat\u0131ma ili\u015fkin Ki biliyorum, ya\u015f\u0131m altm\u0131\u015f\u0131 ge\u00e7mi\u015fken Ve<span class=\"excerpt-hellip\"> [\u2026]<\/span><\/p>\n","protected":false},"featured_media":0,"template":"","meta":{"_monsterinsights_skip_tracking":false,"_monsterinsights_sitenote_active":false,"_monsterinsights_sitenote_note":"","_monsterinsights_sitenote_category":0},"product_brand":[],"product_cat":[12291,12509],"product_tag":[],"class_list":{"0":"post-747445","1":"product","2":"type-product","3":"status-publish","5":"product_cat-edebiyat","6":"product_cat-siir","7":"pa_cilt-ciltsiz","8":"pa_tur-kitap","9":"pa_yayinevi-everest-yayinlari","10":"pa_yazar-tugrul-keskin","12":"first","13":"instock","14":"sale","15":"shipping-taxable","16":"purchasable","17":"product-type-simple"},"_links":{"self":[{"href":"https:\/\/roveyayinevi.com.tr\/index.php\/wp-json\/wp\/v2\/product\/747445","targetHints":{"allow":["GET"]}}],"collection":[{"href":"https:\/\/roveyayinevi.com.tr\/index.php\/wp-json\/wp\/v2\/product"}],"about":[{"href":"https:\/\/roveyayinevi.com.tr\/index.php\/wp-json\/wp\/v2\/types\/product"}],"wp:attachment":[{"href":"https:\/\/roveyayinevi.com.tr\/index.php\/wp-json\/wp\/v2\/media?parent=747445"}],"wp:term":[{"taxonomy":"product_brand","embeddable":true,"href":"https:\/\/roveyayinevi.com.tr\/index.php\/wp-json\/wp\/v2\/product_brand?post=747445"},{"taxonomy":"product_cat","embeddable":true,"href":"https:\/\/roveyayinevi.com.tr\/index.php\/wp-json\/wp\/v2\/product_cat?post=747445"},{"taxonomy":"product_tag","embeddable":true,"href":"https:\/\/roveyayinevi.com.tr\/index.php\/wp-json\/wp\/v2\/product_tag?post=747445"}],"curies":[{"name":"wp","href":"https:\/\/api.w.org\/{rel}","templated":true}]}}