{"id":747444,"date":"2025-08-28T03:06:39","date_gmt":"2025-08-28T00:06:39","guid":{"rendered":"https:\/\/roveyayinevi.com.tr\/index.php\/urun\/ekonomi-ve-finans-alaninda-guncel-akademik-calismalar\/"},"modified":"2026-04-16T03:00:04","modified_gmt":"2026-04-16T00:00:04","slug":"ekonomi-ve-finans-alaninda-guncel-akademik-calismalar","status":"publish","type":"product","link":"https:\/\/roveyayinevi.com.tr\/index.php\/urun\/ekonomi-ve-finans-alaninda-guncel-akademik-calismalar\/","title":{"rendered":"Ekonomi ve Finans Alan\u0131nda G\u00fcncel Akademik \u00c7al\u0131\u015fmalar"},"content":{"rendered":"<p>B\u0130R\u0130NC\u0130 B\u00d6L\u00dcM KANON\u0130K KORELASYON ANAL\u0130Z\u0130 \u0130LE F\u0130NANSAL KIRILGANLIK VE F\u0130NANSAL GEL\u0130\u015eM\u0130\u015eL\u0130K G\u00d6STERGELER\u0130 ARASINDAK\u0130 \u0130L\u0130\u015eK\u0130N\u0130N \u0130NCELENMES\u0130   \u0130K\u0130NC\u0130 B\u00d6L\u00dcM KARMA DA\u011eILIM MODEL\u0130NE DAYALI MONTE CARLO S\u0130M\u00dcLASYON Y\u00d6NTEM\u0130 \u0130LE R\u0130SKE MARUZ DE\u011eER HESAPLAMA   \u00dc\u00c7\u00dcNC\u00dc B\u00d6L\u00dcM KRED\u0130 KARTI HARCAMALARININ MAK\u0130NE \u00d6\u011eRENME Y\u00d6NTEMLER\u0130 \u0130LE TAHM\u0130N ED\u0130LMES\u0130   D\u00d6RD\u00dcNC\u00dc B\u00d6L\u00dcM BALTIK KURU Y\u00dcK ENDEKSLER\u0130N\u0130N BIST100 ENDEKS\u0130NE ETK\u0130S\u0130   BE\u015e\u0130NC\u0130 B\u00d6L\u00dcM PERFORMANCE ANALYSIS OF IPOs ISSUED ON BORSA ISTANBUL USING THE CAPABILITIES OF MCDAs: A COMPARATIVE APPLICATION WITH SAW, ARAS AND CoCoSo ALTINCI B\u00d6L\u00dcM BAYES A\u011eLARININ F\u0130NANS P\u0130YASALARINDA KULLANIMI: COVID-19 D\u00d6NEM\u0130 VE SONRASI BORSA \u0130STANBUL ENDEKSLER\u0130N\u0130N \u0130L\u0130\u015eK\u0130S\u0130   YED\u0130NC\u0130 B\u00d6L\u00dcM F\u0130NANSAL ZAMAN SER\u0130LER\u0130NDE KOLEKT\u0130F \u00d6\u011eRENME Y\u00d6NTEMLER\u0130N\u0130N SA\u011eLAMLIKLARININ KAR\u015eILA\u015eTIRILMASI   SEK\u0130Z\u0130NC\u0130 B\u00d6L\u00dcM ENTROP\u0130 VE MABAC Y\u00d6NTEMLER\u0130 \u0130LE AVRUPA B\u0130RL\u0130\u011e\u0130 \u00dcYELER\u0130N\u0130N EKONOM\u0130K \u00d6ZG\u00dcRL\u00dcK PERFORMANSLARININ DERECELEND\u0130R\u0130LMES\u0130   DOKUZUNCU B\u00d6L\u00dcM F\u0130NANSAL PERFORMANS ANAL\u0130Z\u0130NDE FARKLI OBJEKT\u0130F A\u011eIRLIKLANDIRMA Y\u00d6NTEMLER\u0130N\u0130N SIRALAMALARA ETK\u0130S\u0130   ONUNCU B\u00d6L\u00dcM UZUN KISA S\u00dcREL\u0130 BELLEK Y\u00d6NTEM\u0130 \u0130LE KR\u0130PTO PARA F\u0130YAT TAHM\u0130N\u0130: BITCOIN   ON B\u0130R\u0130NC\u0130 B\u00d6L\u00dcM PETROL VE DO\u011eALGAZ F\u0130YATLARININ BIST ENDEKSLER\u0130NE OLAN ETK\u0130S\u0130NE Y\u00d6NEL\u0130K B\u0130R UYGULAMA: BIST KOB\u0130, BIST H\u0130ZMETLER VE BIST SINA\u0130 \u00d6RNE\u011e\u0130 <\/p>\n","protected":false},"excerpt":{"rendered":"<p>B\u0130R\u0130NC\u0130 B\u00d6L\u00dcM KANON\u0130K KORELASYON ANAL\u0130Z\u0130 \u0130LE F\u0130NANSAL KIRILGANLIK VE F\u0130NANSAL GEL\u0130\u015eM\u0130\u015eL\u0130K G\u00d6STERGELER\u0130 ARASINDAK\u0130 \u0130L\u0130\u015eK\u0130N\u0130N \u0130NCELENMES\u0130 \u0130K\u0130NC\u0130 B\u00d6L\u00dcM KARMA DA\u011eILIM MODEL\u0130NE DAYALI MONTE CARLO S\u0130M\u00dcLASYON Y\u00d6NTEM\u0130 \u0130LE<span class=\"excerpt-hellip\"> [\u2026]<\/span><\/p>\n","protected":false},"featured_media":0,"template":"","meta":{"_monsterinsights_skip_tracking":false,"_monsterinsights_sitenote_active":false,"_monsterinsights_sitenote_note":"","_monsterinsights_sitenote_category":0},"product_brand":[],"product_cat":[20333,13043],"product_tag":[],"class_list":{"0":"post-747444","1":"product","2":"type-product","3":"status-publish","5":"product_cat-diger-ekonomi","6":"product_cat-ekonomi","7":"pa_cilt-ciltsiz","8":"pa_tur-kitap","9":"pa_yayinevi-gazi-kitabevi","10":"pa_yazar-kolektif","12":"first","13":"instock","14":"sale","15":"shipping-taxable","16":"purchasable","17":"product-type-simple"},"_links":{"self":[{"href":"https:\/\/roveyayinevi.com.tr\/index.php\/wp-json\/wp\/v2\/product\/747444","targetHints":{"allow":["GET"]}}],"collection":[{"href":"https:\/\/roveyayinevi.com.tr\/index.php\/wp-json\/wp\/v2\/product"}],"about":[{"href":"https:\/\/roveyayinevi.com.tr\/index.php\/wp-json\/wp\/v2\/types\/product"}],"wp:attachment":[{"href":"https:\/\/roveyayinevi.com.tr\/index.php\/wp-json\/wp\/v2\/media?parent=747444"}],"wp:term":[{"taxonomy":"product_brand","embeddable":true,"href":"https:\/\/roveyayinevi.com.tr\/index.php\/wp-json\/wp\/v2\/product_brand?post=747444"},{"taxonomy":"product_cat","embeddable":true,"href":"https:\/\/roveyayinevi.com.tr\/index.php\/wp-json\/wp\/v2\/product_cat?post=747444"},{"taxonomy":"product_tag","embeddable":true,"href":"https:\/\/roveyayinevi.com.tr\/index.php\/wp-json\/wp\/v2\/product_tag?post=747444"}],"curies":[{"name":"wp","href":"https:\/\/api.w.org\/{rel}","templated":true}]}}