{"id":747443,"date":"2025-08-28T03:06:39","date_gmt":"2025-08-28T00:06:39","guid":{"rendered":"https:\/\/roveyayinevi.com.tr\/index.php\/urun\/iktisadi-gelismelerin-ekonometrik-analizi-paket-program-uygulamalari-ile-birlikte-r-matlab-stata\/"},"modified":"2026-04-16T03:00:04","modified_gmt":"2026-04-16T00:00:04","slug":"iktisadi-gelismelerin-ekonometrik-analizi-paket-program-uygulamalari-ile-birlikte-r-matlab-stata","status":"publish","type":"product","link":"https:\/\/roveyayinevi.com.tr\/index.php\/urun\/iktisadi-gelismelerin-ekonometrik-analizi-paket-program-uygulamalari-ile-birlikte-r-matlab-stata\/","title":{"rendered":"\u0130ktisadi Geli\u015fmelerin Ekonometrik Analizi Paket Program Uygulamalar\u0131 \u0130le Birlikte ( R, Matlab, Stata )"},"content":{"rendered":"<p>1.      B\u00d6L\u00dcM: \u00c7ALI\u015eAN YOKSULLU\u011eUNU BEL\u0130RLEYEN FAKT\u00d6RLER: T\u00dcRK\u0130YE \u00d6RNE\u011e\u0130   2.      B\u00d6L\u00dcM: T\u00dcRK\u0130YE\u2019DE REEL KES\u0130M\u0130N D\u00d6V\u0130Z KURU VE \u00dcRET\u0130C\u0130 F\u0130YATLARINA TEPK\u0130S\u0130: TOPLUMSAL VE S\u0130YASAL OLAYLAR I\u015eI\u011eINDA \u0130K\u0130 D\u00d6NEM\u0130N KAR\u015eILA\u015eTIRMASI   3.      B\u00d6L\u00dcM: ENFLASYON \u00d6NG\u00d6R\u00dcS\u00dcNDE GOOGLE TREND VER\u0130LER\u0130N\u0130N KULLANILMASI: FREKANS ALANLI GRANGER NEDENSELL\u0130K YAKLA\u015eIMI   4.      B\u00d6L\u00dcM: B\u0130TCO\u0130N GET\u0130R\u0130LER\u0130 VE F\u0130NANSAL VARLIKLAR ARASINDAK\u0130 \u0130L\u0130\u015eK\u0130: KANT\u0130LDE NEDENSELL\u0130K YAKLA\u015eIMI   5.      B\u00d6L\u00dcM: ENFLASYON VE ENFLASYON BEL\u0130RS\u0130ZL\u0130\u011e\u0130 \u0130L\u0130\u015eK\u0130S\u0130: KANT\u0130L REGRESYON YAKLA\u015eIMI 6.      B\u00d6L\u00dcM: COVID-19 S\u00dcREC\u0130NDE DEVLET DESTEKLER\u0130N\u0130N KOB\u0130\u2019LER\u0130N F\u0130NANSMAN \u0130HT\u0130YACINA ETK\u0130S\u0130   7.      B\u00d6L\u00dcM: \u00c7EK\u0130RDEK ENFLASYON VE MAN\u015eET ENFLASYONDA ENFLASYON GE\u00c7\u0130\u015eKENL\u0130\u011e\u0130 KAR\u015eILA\u015eTIRILMASI T\u00dcRK\u0130YE 8.  B\u00d6L\u00dcM T\u00dcRK\u0130YE\u2019DE D\u00d6V\u0130Z KURU OYNAKLI\u011eININ KISA VE UZUN D\u00d6NEM B\u0130LE\u015eENLER\u0130N\u0130N TAHM\u0130N\u0130<\/p>\n","protected":false},"excerpt":{"rendered":"<p>1. B\u00d6L\u00dcM: \u00c7ALI\u015eAN YOKSULLU\u011eUNU BEL\u0130RLEYEN FAKT\u00d6RLER: T\u00dcRK\u0130YE \u00d6RNE\u011e\u0130 2. B\u00d6L\u00dcM: T\u00dcRK\u0130YE\u2019DE REEL KES\u0130M\u0130N D\u00d6V\u0130Z KURU VE \u00dcRET\u0130C\u0130 F\u0130YATLARINA TEPK\u0130S\u0130: TOPLUMSAL VE S\u0130YASAL OLAYLAR I\u015eI\u011eINDA \u0130K\u0130 D\u00d6NEM\u0130N<span class=\"excerpt-hellip\"> [\u2026]<\/span><\/p>\n","protected":false},"featured_media":0,"template":"","meta":{"_monsterinsights_skip_tracking":false,"_monsterinsights_sitenote_active":false,"_monsterinsights_sitenote_note":"","_monsterinsights_sitenote_category":0},"product_brand":[],"product_cat":[20333,13043],"product_tag":[],"class_list":{"0":"post-747443","1":"product","2":"type-product","3":"status-publish","5":"product_cat-diger-ekonomi","6":"product_cat-ekonomi","7":"pa_cilt-ciltsiz","8":"pa_tur-kitap","9":"pa_yayinevi-gazi-kitabevi","10":"pa_yazar-kolektif","12":"first","13":"instock","14":"sale","15":"shipping-taxable","16":"purchasable","17":"product-type-simple"},"_links":{"self":[{"href":"https:\/\/roveyayinevi.com.tr\/index.php\/wp-json\/wp\/v2\/product\/747443","targetHints":{"allow":["GET"]}}],"collection":[{"href":"https:\/\/roveyayinevi.com.tr\/index.php\/wp-json\/wp\/v2\/product"}],"about":[{"href":"https:\/\/roveyayinevi.com.tr\/index.php\/wp-json\/wp\/v2\/types\/product"}],"wp:attachment":[{"href":"https:\/\/roveyayinevi.com.tr\/index.php\/wp-json\/wp\/v2\/media?parent=747443"}],"wp:term":[{"taxonomy":"product_brand","embeddable":true,"href":"https:\/\/roveyayinevi.com.tr\/index.php\/wp-json\/wp\/v2\/product_brand?post=747443"},{"taxonomy":"product_cat","embeddable":true,"href":"https:\/\/roveyayinevi.com.tr\/index.php\/wp-json\/wp\/v2\/product_cat?post=747443"},{"taxonomy":"product_tag","embeddable":true,"href":"https:\/\/roveyayinevi.com.tr\/index.php\/wp-json\/wp\/v2\/product_tag?post=747443"}],"curies":[{"name":"wp","href":"https:\/\/api.w.org\/{rel}","templated":true}]}}