{"id":747442,"date":"2025-08-28T03:06:38","date_gmt":"2025-08-28T00:06:38","guid":{"rendered":"https:\/\/roveyayinevi.com.tr\/index.php\/urun\/finans-ve-ekonomi-alanlarinda-teorik-ve-uygulamali-calismalar\/"},"modified":"2026-04-16T03:00:04","modified_gmt":"2026-04-16T00:00:04","slug":"finans-ve-ekonomi-alanlarinda-teorik-ve-uygulamali-calismalar","status":"publish","type":"product","link":"https:\/\/roveyayinevi.com.tr\/index.php\/urun\/finans-ve-ekonomi-alanlarinda-teorik-ve-uygulamali-calismalar\/","title":{"rendered":"Finans ve Ekonomi Alanlar\u0131nda Teorik ve Uygulamal\u0131 \u00c7al\u0131\u015fmalar"},"content":{"rendered":"<p>B\u00d6L\u00dcM 1 KO\u015eULLU KEND\u0130NE \u00d6ZG\u00dc (\u0130D\u0130YOSENKRAT\u0130K) VOLAT\u0130L\u0130TE VE GET\u0130R\u0130 \u0130L\u0130\u015eK\u0130S\u0130: BORSA \u0130STANBUL \u00dcZER\u0130NE B\u0130R UYGULAMA   B\u00d6L\u00dcM 2 KALKINMA VE YATIRIM BANKALARI \u0130LE KALKINMA ARASINDAK\u0130 \u0130L\u0130\u015eK\u0130: T\u00dcRK\u0130YE\u2019YE \u0130L\u0130\u015eK\u0130N FREKANS DA\u011eILIMI NEDENSELL\u0130K ANAL\u0130Z\u0130NDEN AMP\u0130R\u0130K KANITLAR   B\u00d6L\u00dcM 3 KAR PAYI DA\u011eITIM POL\u0130T\u0130KASININ MAKRO-M\u0130KRO BEL\u0130RLEY\u0130C\u0130LER\u0130: BORSA \u0130STANBUL \u00dcZER\u0130NE AMP\u0130R\u0130K B\u0130R \u00c7ALI\u015eMA   B\u00d6L\u00dcM 4 N\u00dcFUSUN YA\u015eLANMASI VE EMEKL\u0130L\u0130K S\u0130STEMLER\u0130N\u0130N F\u0130NANSAL S\u00dcRD\u00dcR\u00dcLEB\u0130L\u0130RL\u0130\u011e\u0130   B\u00d6L\u00dcM 5 KLAS\u0130K VE MODERN SERMAYE YAPILARINA \u0130L\u0130\u015eK\u0130N TEOR\u0130LER B\u00d6L\u00dcM 6 P\u0130YASA ETK\u0130NL\u0130\u011e\u0130 VE ADAPT\u0130F P\u0130YASA H\u0130POTEZ\u0130: GEL\u0130\u015eMEKTE OLAN PAY P\u0130YASALARI \u00dcZER\u0130NE B\u0130R UYGULAMA   B\u00d6L\u00dcM 7 F\u0130NANSAL ESNEKL\u0130K VE F\u0130NANSAL PERFORMANS ARASINDAK\u0130 \u0130L\u0130\u015eK\u0130S\u0130N\u0130N \u0130NCELENMES\u0130: BIST TEKST\u0130L, DER\u0130 ENDEKS\u0130 \u00dcZER\u0130NE B\u0130R UYGULAMA <\/p>\n","protected":false},"excerpt":{"rendered":"<p>B\u00d6L\u00dcM 1 KO\u015eULLU KEND\u0130NE \u00d6ZG\u00dc (\u0130D\u0130YOSENKRAT\u0130K) VOLAT\u0130L\u0130TE VE GET\u0130R\u0130 \u0130L\u0130\u015eK\u0130S\u0130: BORSA \u0130STANBUL \u00dcZER\u0130NE B\u0130R UYGULAMA B\u00d6L\u00dcM 2 KALKINMA VE YATIRIM BANKALARI \u0130LE KALKINMA ARASINDAK\u0130 \u0130L\u0130\u015eK\u0130: T\u00dcRK\u0130YE\u2019YE<span class=\"excerpt-hellip\"> [\u2026]<\/span><\/p>\n","protected":false},"featured_media":0,"template":"","meta":{"_monsterinsights_skip_tracking":false,"_monsterinsights_sitenote_active":false,"_monsterinsights_sitenote_note":"","_monsterinsights_sitenote_category":0},"product_brand":[],"product_cat":[20333,13043],"product_tag":[],"class_list":{"0":"post-747442","1":"product","2":"type-product","3":"status-publish","5":"product_cat-diger-ekonomi","6":"product_cat-ekonomi","7":"pa_cilt-ciltsiz","8":"pa_tur-kitap","9":"pa_yayinevi-gazi-kitabevi","10":"pa_yazar-kolektif","12":"first","13":"instock","14":"sale","15":"shipping-taxable","16":"purchasable","17":"product-type-simple"},"_links":{"self":[{"href":"https:\/\/roveyayinevi.com.tr\/index.php\/wp-json\/wp\/v2\/product\/747442","targetHints":{"allow":["GET"]}}],"collection":[{"href":"https:\/\/roveyayinevi.com.tr\/index.php\/wp-json\/wp\/v2\/product"}],"about":[{"href":"https:\/\/roveyayinevi.com.tr\/index.php\/wp-json\/wp\/v2\/types\/product"}],"wp:attachment":[{"href":"https:\/\/roveyayinevi.com.tr\/index.php\/wp-json\/wp\/v2\/media?parent=747442"}],"wp:term":[{"taxonomy":"product_brand","embeddable":true,"href":"https:\/\/roveyayinevi.com.tr\/index.php\/wp-json\/wp\/v2\/product_brand?post=747442"},{"taxonomy":"product_cat","embeddable":true,"href":"https:\/\/roveyayinevi.com.tr\/index.php\/wp-json\/wp\/v2\/product_cat?post=747442"},{"taxonomy":"product_tag","embeddable":true,"href":"https:\/\/roveyayinevi.com.tr\/index.php\/wp-json\/wp\/v2\/product_tag?post=747442"}],"curies":[{"name":"wp","href":"https:\/\/api.w.org\/{rel}","templated":true}]}}