{"id":747433,"date":"2025-08-28T03:06:26","date_gmt":"2025-08-28T00:06:26","guid":{"rendered":"https:\/\/roveyayinevi.com.tr\/index.php\/urun\/birlikte-buyuyenler\/"},"modified":"2026-04-03T03:02:30","modified_gmt":"2026-04-03T00:02:30","slug":"birlikte-buyuyenler","status":"publish","type":"product","link":"https:\/\/roveyayinevi.com.tr\/index.php\/urun\/birlikte-buyuyenler\/","title":{"rendered":"Birlikte B\u00fcy\u00fcyenler"},"content":{"rendered":"<p>Yazar Deniz Ba\u015f, bir \u00f6\u011fretmen. Bir g\u00fcn, hen\u00fcz birinci s\u0131n\u0131fta olan \u00f6\u011frencilerine bir s\u00f6z veriyor: \u201cSizinle hik\u00e2yeler yazaca\u011f\u0131z!\u201d   \u00d6\u011frencileri okumay\u0131 \u00f6\u011frenir \u00f6\u011frenmez de bu s\u00f6z\u00fcn\u00fc tutuyor ve bir at\u00f6lye \u00e7al\u0131\u015fmas\u0131 ile minik yazarlar\u0131 bir araya getiriyor. Birbirinden \u00f6zg\u00fcn hik\u00e2yeler \u00fcreten \u00f6\u011frencilerinin \u00f6yk\u00fclerini kaleme alan Deniz Ba\u015f, bu kitab\u0131 olu\u015fturuyor. Minik \u00f6\u011frencileriyle kalmas\u0131n istiyor bu yolculuk. Seni de hem bu kitab\u0131 okumaya hem de maceraya kat\u0131lmaya davet ediyor.   Yolculuk ortak\u2026 Yolculuk bir arada\u2026 Yolculuk uzun\u2026 Hayaller ve hik\u00e2yeler sonsuz\u2026 <\/p>\n","protected":false},"excerpt":{"rendered":"<p>Yazar Deniz Ba\u015f, bir \u00f6\u011fretmen. Bir g\u00fcn, hen\u00fcz birinci s\u0131n\u0131fta olan \u00f6\u011frencilerine bir s\u00f6z veriyor: \u201cSizinle hik\u00e2yeler yazaca\u011f\u0131z!\u201d \u00d6\u011frencileri okumay\u0131 \u00f6\u011frenir \u00f6\u011frenmez de bu s\u00f6z\u00fcn\u00fc tutuyor<span class=\"excerpt-hellip\"> [\u2026]<\/span><\/p>\n","protected":false},"featured_media":0,"template":"","meta":{"_monsterinsights_skip_tracking":false,"_monsterinsights_sitenote_active":false,"_monsterinsights_sitenote_note":"","_monsterinsights_sitenote_category":0},"product_brand":[],"product_cat":[12274,12284],"product_tag":[],"class_list":{"0":"post-747433","1":"product","2":"type-product","3":"status-publish","5":"product_cat-cocuk-ve-genclik-kitaplari","6":"product_cat-hikayeler","7":"pa_cilt-ciltsiz","8":"pa_tur-kitap","9":"pa_yayinevi-luna-cocuk-yayinlari","10":"pa_yazar-deniz-bas","12":"first","13":"instock","14":"sale","15":"shipping-taxable","16":"purchasable","17":"product-type-simple"},"_links":{"self":[{"href":"https:\/\/roveyayinevi.com.tr\/index.php\/wp-json\/wp\/v2\/product\/747433","targetHints":{"allow":["GET"]}}],"collection":[{"href":"https:\/\/roveyayinevi.com.tr\/index.php\/wp-json\/wp\/v2\/product"}],"about":[{"href":"https:\/\/roveyayinevi.com.tr\/index.php\/wp-json\/wp\/v2\/types\/product"}],"wp:attachment":[{"href":"https:\/\/roveyayinevi.com.tr\/index.php\/wp-json\/wp\/v2\/media?parent=747433"}],"wp:term":[{"taxonomy":"product_brand","embeddable":true,"href":"https:\/\/roveyayinevi.com.tr\/index.php\/wp-json\/wp\/v2\/product_brand?post=747433"},{"taxonomy":"product_cat","embeddable":true,"href":"https:\/\/roveyayinevi.com.tr\/index.php\/wp-json\/wp\/v2\/product_cat?post=747433"},{"taxonomy":"product_tag","embeddable":true,"href":"https:\/\/roveyayinevi.com.tr\/index.php\/wp-json\/wp\/v2\/product_tag?post=747433"}],"curies":[{"name":"wp","href":"https:\/\/api.w.org\/{rel}","templated":true}]}}