{"id":747430,"date":"2025-08-28T03:06:22","date_gmt":"2025-08-28T00:06:22","guid":{"rendered":"https:\/\/roveyayinevi.com.tr\/index.php\/urun\/mesrutiyet-donemi-osmanli-basininda-donanma-ve-denizcilik-yazilari\/"},"modified":"2026-02-03T03:13:02","modified_gmt":"2026-02-03T00:13:02","slug":"mesrutiyet-donemi-osmanli-basininda-donanma-ve-denizcilik-yazilari","status":"publish","type":"product","link":"https:\/\/roveyayinevi.com.tr\/index.php\/urun\/mesrutiyet-donemi-osmanli-basininda-donanma-ve-denizcilik-yazilari\/","title":{"rendered":"Me\u015frutiyet D\u00f6nemi Osmanl\u0131 Bas\u0131n\u0131nda Donanma ve Denizcilik Yaz\u0131lar\u0131"},"content":{"rendered":"<p>ME\u015eRUT\u0130YET D\u00d6NEM\u0130 OSMANLI BASININDA DONANMA VE DEN\u0130ZC\u0130L\u0130K YAZILARI <\/p>\n","protected":false},"excerpt":{"rendered":"<p>ME\u015eRUT\u0130YET D\u00d6NEM\u0130 OSMANLI BASININDA DONANMA VE DEN\u0130ZC\u0130L\u0130K YAZILARI<\/p>\n","protected":false},"featured_media":0,"template":"","meta":{"_monsterinsights_skip_tracking":false,"_monsterinsights_sitenote_active":false,"_monsterinsights_sitenote_note":"","_monsterinsights_sitenote_category":0},"product_brand":[],"product_cat":[12573,12566],"product_tag":[],"class_list":{"0":"post-747430","1":"product","2":"type-product","3":"status-publish","5":"product_cat-akademik-kitaplar","6":"product_cat-egitim","7":"pa_cilt-ciltsiz","8":"pa_tur-kitap","9":"pa_yayinevi-soncag-akademik-kitaplar","10":"pa_yazar-mehmet-tas","12":"first","13":"instock","14":"sale","15":"shipping-taxable","16":"purchasable","17":"product-type-simple"},"_links":{"self":[{"href":"https:\/\/roveyayinevi.com.tr\/index.php\/wp-json\/wp\/v2\/product\/747430","targetHints":{"allow":["GET"]}}],"collection":[{"href":"https:\/\/roveyayinevi.com.tr\/index.php\/wp-json\/wp\/v2\/product"}],"about":[{"href":"https:\/\/roveyayinevi.com.tr\/index.php\/wp-json\/wp\/v2\/types\/product"}],"wp:attachment":[{"href":"https:\/\/roveyayinevi.com.tr\/index.php\/wp-json\/wp\/v2\/media?parent=747430"}],"wp:term":[{"taxonomy":"product_brand","embeddable":true,"href":"https:\/\/roveyayinevi.com.tr\/index.php\/wp-json\/wp\/v2\/product_brand?post=747430"},{"taxonomy":"product_cat","embeddable":true,"href":"https:\/\/roveyayinevi.com.tr\/index.php\/wp-json\/wp\/v2\/product_cat?post=747430"},{"taxonomy":"product_tag","embeddable":true,"href":"https:\/\/roveyayinevi.com.tr\/index.php\/wp-json\/wp\/v2\/product_tag?post=747430"}],"curies":[{"name":"wp","href":"https:\/\/api.w.org\/{rel}","templated":true}]}}