{"id":747427,"date":"2025-08-28T03:06:10","date_gmt":"2025-08-28T00:06:10","guid":{"rendered":"https:\/\/roveyayinevi.com.tr\/index.php\/urun\/zorbaliga-karsi-taktiklerim-var\/"},"modified":"2026-04-16T03:00:04","modified_gmt":"2026-04-16T00:00:04","slug":"zorbaliga-karsi-taktiklerim-var","status":"publish","type":"product","link":"https:\/\/roveyayinevi.com.tr\/index.php\/urun\/zorbaliga-karsi-taktiklerim-var\/","title":{"rendered":"Zorbal\u0131\u011fa Kar\u015f\u0131 Taktiklerim Var"},"content":{"rendered":"<p>Baz\u0131 \u00e7ocuklar onun pe\u015fini hi\u00e7 b\u0131rakm\u0131yorlar. Durmadan turuncu sa\u00e7lar\u0131yla dalga ge\u00e7iyorlar. Bu y\u00fczden kalbi k\u0131r\u0131k ve mutsuz bu aralar.   \u00dcz\u00fclmemek elde mi? Ama elbet var bir \u00e7aresi.   Senin de b\u00f6yle \u00e7ocuklar sard\u0131ysa etraf\u0131n\u0131, Baz\u0131 taktiklere ba\u015fvurmal\u0131. Hepsi bu kitab\u0131n i\u00e7inde sakl\u0131!   ***   \u00c7ocuk geli\u015fimi ana bilim dal\u0131ndan ba\u015far\u0131l\u0131 akademisyen Do\u00e7. Dr. Saniye Bencik Kangal\u2019\u0131n yeni \u00e7\u0131kan resimli kitab\u0131na kitapl\u0131klarda yer a\u00e7ma zaman\u0131\u2026 De\u011ferli yazar\u0131m\u0131z bu kitab\u0131nda yaz\u0131l\u0131 anlat\u0131m\u0131n g\u00fcc\u00fcn\u00fc arkas\u0131na alarak akran zorbal\u0131\u011f\u0131 gibi g\u00f6z ard\u0131 edilmemesi gereken hassas bir konuya de\u011finiyor. Hatta de\u011finmekle kalm\u0131yor zorbal\u0131\u011f\u0131 fark etmek ve zorbal\u0131\u011f\u0131n \u00f6n\u00fcne ge\u00e7mek i\u00e7in hem \u00e7ocuklara hem de yeti\u015fkinlere rehber oluyor, uygulanabilir, ger\u00e7ek\u00e7i \u00e7\u00f6z\u00fcm \u00f6nerileri sunuyor. Cansu Erkan\u2019\u0131n ne\u015feli desenleriyle renklenen kitap, k\u00fc\u00e7\u00fck okurlar\u0131m\u0131z\u0131n hayranl\u0131\u011f\u0131n\u0131 kazanacak. Tema: Kim oldu\u011fumuz Kavramlar ve Anahtar S\u00f6zc\u00fckler: B\u0130REY VE TOPLUM, farkl\u0131l\u0131klar, akran zorbal\u0131\u011f\u0131, aile, arkada\u015fl\u0131k, okul, \u0130LET\u0130\u015e\u0130M, kendini tan\u0131ma, \u00f6z y\u00f6netim, sorun \u00e7\u00f6zme, DUYGULAR Tutum ve De\u011ferler: Empati, ho\u015fg\u00f6r\u00fc, sayg\u0131, sevgi Profil \u00d6\u011feleri: Duyarl\u0131, d\u00f6n\u00fc\u015f\u00fcml\u00fc d\u00fc\u015f\u00fcnen   K\u0130TAPTAN \u201cBoya bu sa\u00e7lar\u0131\u201d dedim anneme. Turuncu sa\u00e7 olur mu hi\u00e7 b\u00f6yle? Herkes dalga ge\u00e7iyor benimle, Diyorlar ki \u201cHavu\u00e7 kafa gelme bizimle.\u201d   ***   Ne yapsam da sevdirsem kendimi? K\u00f6tu\u0308 s\u00f6zler mi s\u00f6ylesem onlar gibi? Dalga ge\u00e7sem ben de onlarla, B\u0131rak\u0131rlar m\u0131 pe\u015fimi b\u00f6yle yap\u0131nca?   ***   Ne kadar hakl\u0131ym\u0131\u015f deden. Vazge\u00e7tiler bana kaplumba\u011fa demekten. Gu\u0308\u00e7lu\u0308 s\u00f6zler s\u00f6ylemek ve dik durmak \u00e7ok \u00f6nemliymi\u015f me\u011fer, Her \u015fey hallolurmu\u015f kendine gu\u0308venirsen e\u011fer.\u201d <\/p>\n","protected":false},"excerpt":{"rendered":"<p>Baz\u0131 \u00e7ocuklar onun pe\u015fini hi\u00e7 b\u0131rakm\u0131yorlar. Durmadan turuncu sa\u00e7lar\u0131yla dalga ge\u00e7iyorlar. Bu y\u00fczden kalbi k\u0131r\u0131k ve mutsuz bu aralar. \u00dcz\u00fclmemek elde mi? Ama elbet var bir<span class=\"excerpt-hellip\"> [\u2026]<\/span><\/p>\n","protected":false},"featured_media":0,"template":"","meta":{"_monsterinsights_skip_tracking":false,"_monsterinsights_sitenote_active":false,"_monsterinsights_sitenote_note":"","_monsterinsights_sitenote_category":0},"product_brand":[],"product_cat":[13835],"product_tag":[],"class_list":{"0":"post-747427","1":"product","2":"type-product","3":"status-publish","5":"product_cat-cok-satanlar","6":"pa_cilt-ciltsiz","7":"pa_tur-kitap","8":"pa_yayinevi-turta-kitap","9":"pa_yazar-saniye-bencik-kangal","11":"first","12":"instock","13":"sale","14":"shipping-taxable","15":"purchasable","16":"product-type-simple"},"_links":{"self":[{"href":"https:\/\/roveyayinevi.com.tr\/index.php\/wp-json\/wp\/v2\/product\/747427","targetHints":{"allow":["GET"]}}],"collection":[{"href":"https:\/\/roveyayinevi.com.tr\/index.php\/wp-json\/wp\/v2\/product"}],"about":[{"href":"https:\/\/roveyayinevi.com.tr\/index.php\/wp-json\/wp\/v2\/types\/product"}],"wp:attachment":[{"href":"https:\/\/roveyayinevi.com.tr\/index.php\/wp-json\/wp\/v2\/media?parent=747427"}],"wp:term":[{"taxonomy":"product_brand","embeddable":true,"href":"https:\/\/roveyayinevi.com.tr\/index.php\/wp-json\/wp\/v2\/product_brand?post=747427"},{"taxonomy":"product_cat","embeddable":true,"href":"https:\/\/roveyayinevi.com.tr\/index.php\/wp-json\/wp\/v2\/product_cat?post=747427"},{"taxonomy":"product_tag","embeddable":true,"href":"https:\/\/roveyayinevi.com.tr\/index.php\/wp-json\/wp\/v2\/product_tag?post=747427"}],"curies":[{"name":"wp","href":"https:\/\/api.w.org\/{rel}","templated":true}]}}