{"id":747426,"date":"2025-08-28T03:06:09","date_gmt":"2025-08-28T00:06:09","guid":{"rendered":"https:\/\/roveyayinevi.com.tr\/index.php\/urun\/yildizda-yalniz-bir-sultan-ii-abdulhamid-han\/"},"modified":"2026-04-16T03:00:04","modified_gmt":"2026-04-16T00:00:04","slug":"yildizda-yalniz-bir-sultan-ii-abdulhamid-han","status":"publish","type":"product","link":"https:\/\/roveyayinevi.com.tr\/index.php\/urun\/yildizda-yalniz-bir-sultan-ii-abdulhamid-han\/","title":{"rendered":"Y\u0131ld\u0131z\u2019da Yaln\u0131z Bir Sultan II. Abd\u00fclhamid Han"},"content":{"rendered":"<p>\u00dcst\u00fcnden onlarca y\u0131l ge\u00e7mesine ra\u011fmen II. Abd\u00fclhamid\u2019in \u00f6nemi her ge\u00e7en g\u00fcn artmaktad\u0131r. O d\u00f6neme dair de\u011ferli oldu\u011fu kadar tart\u0131\u015fmal\u0131 konular\u0131n a\u00e7\u0131kl\u0131\u011fa kavu\u015fmas\u0131 bir hayli k\u0131ymetli. Bilhassa da bir\u00e7ok ki\u015finin do\u011fru bildi\u011fi yanl\u0131\u015flar! \u201cTahttan indirilmeseydi Birinci D\u00fcnya Sava\u015f\u0131 \u00e7\u0131kmazd\u0131\u201d denen Abd\u00fclhamid\u2019i iyi \u00f6\u011frenmek ve anlatmak hepimizin boynunun borcu.   \u2022 Abd\u00fclhamid Rusya\u2019ya ve Fransa\u2019ya y\u00f6nelik nas\u0131l tutum sergiledi? \u2022 \u0130stihbarat\u0131 i\u00e7in \u0130ngiltere\u2019de bir futbol tak\u0131m\u0131 kurdu mu? \u2022 Abd\u00fclhamid alkol kulland\u0131 m\u0131? \u2022 Osmanl\u0131\u2019da ilk rak\u0131 fabrikas\u0131n\u0131 Abd\u00fclhamid mi yapt\u0131rd\u0131? \u2022 Siyonizm\u2019in kurucusu Theodor Herzl ile nas\u0131l tan\u0131\u015ft\u0131?   Gazeteci U\u011fur Korkmaz, merak edilen bir\u00e7ok tart\u0131\u015fmal\u0131 sorunun cevab\u0131n\u0131 YILDIZ\u2019DA YALNIZ B\u0130R SULTAN II. ABD\u00dcLHAM\u0130D HAN kitab\u0131nda t\u00fcm detaylar\u0131yla inceledi.   \u201cY\u0131ld\u0131z\u2019da Yaln\u0131z Bir Sultan II. Abd\u00fclhamid Han, sevgili U\u011fur Korkmaz\u2019\u0131n g\u00fczel sorular\u0131n\u0131, de\u011ferli tarih\u00e7i Vahdettin Engin\u2019in cevaplad\u0131\u011f\u0131 \u00f6nemli bir eser oldu. Bu eseri v\u00fccuda getirdi\u011fi i\u00e7in k\u0131ymetli i\u015flere imza atan sevgili U\u011fur Korkmaz\u2019\u0131 tebrik eder, okurlara \u015fiddetle tavsiye ederim.\u201d  \u2013 Prof. Dr. Nurhan Atasoy \u201cAlan\u0131n en yetkin tarih\u00e7ilerinden Prof. Dr. Vahdettin Engin\u2019e sordu\u011fu damardan sorularla sistematik olarak pek \u00e7ok meseleyi \u00f6ne \u00e7\u0131karan de\u011ferli gazeteci U\u011fur Korkmaz taraf\u0131ndan haz\u0131rlanan bu kitab\u0131 entelekt\u00fcel birikimlerini geli\u015ftirmek isteyenlere hararetle tavsiye ederim.\u201d \u2013 Prof. Dr. Feridun M. Emecen   <\/p>\n","protected":false},"excerpt":{"rendered":"<p>\u00dcst\u00fcnden onlarca y\u0131l ge\u00e7mesine ra\u011fmen II. Abd\u00fclhamid\u2019in \u00f6nemi her ge\u00e7en g\u00fcn artmaktad\u0131r. O d\u00f6neme dair de\u011ferli oldu\u011fu kadar tart\u0131\u015fmal\u0131 konular\u0131n a\u00e7\u0131kl\u0131\u011fa kavu\u015fmas\u0131 bir hayli k\u0131ymetli. Bilhassa<span class=\"excerpt-hellip\"> [\u2026]<\/span><\/p>\n","protected":false},"featured_media":0,"template":"","meta":{"_monsterinsights_skip_tracking":false,"_monsterinsights_sitenote_active":false,"_monsterinsights_sitenote_note":"","_monsterinsights_sitenote_category":0},"product_brand":[],"product_cat":[12312,12304],"product_tag":[],"class_list":{"0":"post-747426","1":"product","2":"type-product","3":"status-publish","5":"product_cat-diger","6":"product_cat-tarih","7":"pa_cilt-ciltsiz","8":"pa_tur-kitap","9":"pa_yayinevi-destek-yayinlari","10":"pa_yazar-ugur-korkmaz-vahdettin-engin","12":"first","13":"instock","14":"sale","15":"shipping-taxable","16":"purchasable","17":"product-type-simple"},"_links":{"self":[{"href":"https:\/\/roveyayinevi.com.tr\/index.php\/wp-json\/wp\/v2\/product\/747426","targetHints":{"allow":["GET"]}}],"collection":[{"href":"https:\/\/roveyayinevi.com.tr\/index.php\/wp-json\/wp\/v2\/product"}],"about":[{"href":"https:\/\/roveyayinevi.com.tr\/index.php\/wp-json\/wp\/v2\/types\/product"}],"wp:attachment":[{"href":"https:\/\/roveyayinevi.com.tr\/index.php\/wp-json\/wp\/v2\/media?parent=747426"}],"wp:term":[{"taxonomy":"product_brand","embeddable":true,"href":"https:\/\/roveyayinevi.com.tr\/index.php\/wp-json\/wp\/v2\/product_brand?post=747426"},{"taxonomy":"product_cat","embeddable":true,"href":"https:\/\/roveyayinevi.com.tr\/index.php\/wp-json\/wp\/v2\/product_cat?post=747426"},{"taxonomy":"product_tag","embeddable":true,"href":"https:\/\/roveyayinevi.com.tr\/index.php\/wp-json\/wp\/v2\/product_tag?post=747426"}],"curies":[{"name":"wp","href":"https:\/\/api.w.org\/{rel}","templated":true}]}}